{"id":31403,"date":"2025-10-06T13:59:55","date_gmt":"2025-10-06T11:59:55","guid":{"rendered":"https:\/\/acus-tattoo.de\/?page_id=31403"},"modified":"2025-10-13T09:44:40","modified_gmt":"2025-10-13T07:44:40","slug":"acus-m2-firmware-update","status":"publish","type":"page","link":"https:\/\/acus-tattoo.de\/de\/acus-m2-firmware-update\/","title":{"rendered":"M2 Firmware Update"},"content":{"rendered":"\t\t<div data-elementor-type=\"wp-page\" data-elementor-id=\"31403\" class=\"elementor elementor-31403\" data-elementor-post-type=\"page\">\n\t\t\t\t\t\t<section class=\"elementor-section elementor-top-section elementor-element elementor-element-81e228a elementor-section-boxed elementor-section-height-default elementor-section-height-default\" data-id=\"81e228a\" data-element_type=\"section\" data-e-type=\"section\">\n\t\t\t\t\t\t<div class=\"elementor-container elementor-column-gap-default\">\n\t\t\t\t\t<div class=\"elementor-column elementor-col-50 elementor-top-column elementor-element elementor-element-12ff30b\" data-id=\"12ff30b\" data-element_type=\"column\" data-e-type=\"column\">\n\t\t\t<div class=\"elementor-widget-wrap elementor-element-populated\">\n\t\t\t\t\t\t<div class=\"elementor-element elementor-element-c362faa elementor-widget elementor-widget-image\" data-id=\"c362faa\" data-element_type=\"widget\" data-e-type=\"widget\" data-widget_type=\"image.default\">\n\t\t\t\t<div class=\"elementor-widget-container\">\n\t\t\t\t\t\t\t\t\t\t\t\t\t\t\t\t<a href=\"https:\/\/www.icloud.com\/iclouddrive\/0ebIHb3oTgJ95JftWcKFGivIQ#AcusM2Updater%5F4r\">\n\t\t\t\t\t\t\t<img fetchpriority=\"high\" decoding=\"async\" width=\"1024\" height=\"1024\" src=\"https:\/\/acus-tattoo.de\/wp-content\/uploads\/2024\/07\/MAC-1024x1024.png\" class=\"attachment-large size-large wp-image-14360\" alt=\"\" srcset=\"https:\/\/acus-tattoo.de\/wp-content\/uploads\/2024\/07\/MAC-1024x1024.png 1024w, https:\/\/acus-tattoo.de\/wp-content\/uploads\/2024\/07\/MAC-300x300.png 300w, https:\/\/acus-tattoo.de\/wp-content\/uploads\/2024\/07\/MAC-150x150.png 150w, https:\/\/acus-tattoo.de\/wp-content\/uploads\/2024\/07\/MAC-768x768.png 768w, https:\/\/acus-tattoo.de\/wp-content\/uploads\/2024\/07\/MAC-600x600.png 600w, https:\/\/acus-tattoo.de\/wp-content\/uploads\/2024\/07\/MAC-100x100.png 100w, https:\/\/acus-tattoo.de\/wp-content\/uploads\/2024\/07\/MAC.png 1125w\" sizes=\"(max-width: 1024px) 100vw, 1024px\" \/>\t\t\t\t\t\t\t\t<\/a>\n\t\t\t\t\t\t\t\t\t\t\t\t\t\t\t<\/div>\n\t\t\t\t<\/div>\n\t\t\t\t\t<\/div>\n\t\t<\/div>\n\t\t\t\t<div class=\"elementor-column elementor-col-50 elementor-top-column elementor-element elementor-element-c39c2a2\" data-id=\"c39c2a2\" data-element_type=\"column\" data-e-type=\"column\">\n\t\t\t<div class=\"elementor-widget-wrap elementor-element-populated\">\n\t\t\t\t\t\t<div class=\"elementor-element elementor-element-56c944a elementor-widget elementor-widget-image\" data-id=\"56c944a\" data-element_type=\"widget\" data-e-type=\"widget\" data-widget_type=\"image.default\">\n\t\t\t\t<div class=\"elementor-widget-container\">\n\t\t\t\t\t\t\t\t\t\t\t\t\t\t\t\t<a href=\"https:\/\/drive.google.com\/file\/d\/1QiWl2M6F_F-S94s4quvgIjMG1kheP_bM\/view?usp=sharing\">\n\t\t\t\t\t\t\t<img decoding=\"async\" width=\"1024\" height=\"1024\" src=\"https:\/\/acus-tattoo.de\/wp-content\/uploads\/2024\/07\/WINDOWS-1-1024x1024.png\" class=\"attachment-large size-large wp-image-14375\" alt=\"\" srcset=\"https:\/\/acus-tattoo.de\/wp-content\/uploads\/2024\/07\/WINDOWS-1-1024x1024.png 1024w, https:\/\/acus-tattoo.de\/wp-content\/uploads\/2024\/07\/WINDOWS-1-300x300.png 300w, https:\/\/acus-tattoo.de\/wp-content\/uploads\/2024\/07\/WINDOWS-1-150x150.png 150w, https:\/\/acus-tattoo.de\/wp-content\/uploads\/2024\/07\/WINDOWS-1-768x768.png 768w, https:\/\/acus-tattoo.de\/wp-content\/uploads\/2024\/07\/WINDOWS-1-600x600.png 600w, https:\/\/acus-tattoo.de\/wp-content\/uploads\/2024\/07\/WINDOWS-1-100x100.png 100w, https:\/\/acus-tattoo.de\/wp-content\/uploads\/2024\/07\/WINDOWS-1.png 1125w\" sizes=\"(max-width: 1024px) 100vw, 1024px\" \/>\t\t\t\t\t\t\t\t<\/a>\n\t\t\t\t\t\t\t\t\t\t\t\t\t\t\t<\/div>\n\t\t\t\t<\/div>\n\t\t\t\t\t<\/div>\n\t\t<\/div>\n\t\t\t\t\t<\/div>\n\t\t<\/section>\n\t\t\t\t<section class=\"elementor-section elementor-top-section elementor-element elementor-element-d5b7bbf elementor-section-boxed elementor-section-height-default elementor-section-height-default\" data-id=\"d5b7bbf\" data-element_type=\"section\" data-e-type=\"section\">\n\t\t\t\t\t\t<div class=\"elementor-container elementor-column-gap-default\">\n\t\t\t\t\t<div class=\"elementor-column elementor-col-66 elementor-top-column elementor-element elementor-element-7079c3b\" data-id=\"7079c3b\" data-element_type=\"column\" data-e-type=\"column\">\n\t\t\t<div class=\"elementor-widget-wrap elementor-element-populated\">\n\t\t\t\t\t\t<div class=\"elementor-element elementor-element-4e33b9d elementor-widget elementor-widget-text-editor\" data-id=\"4e33b9d\" data-element_type=\"widget\" data-e-type=\"widget\" data-widget_type=\"text-editor.default\">\n\t\t\t\t<div class=\"elementor-widget-container\">\n\t\t\t\t\t\t\t\t\t<p>Halte deine ACUS M2 &amp; M2xtd immer auf dem neuesten Stand.<br>Mit dem Update auf Software-Version &#8220; 4 r &#8220; profitierst du von Verbesserungen in der Systemstabilit\u00e4t und einem Bugfix, der die \u201eLow Voltage\u201c-Meldung bei halb vollem Akku behebt.<\/p>\n<p>Du findest die aktuell installierte Software-Version deiner Maschine im Men\u00fc \u2192 Info \u2192 Version: XX.<\/p>\n<p>Alle M2 Maschinen, die ab Werk mit Version 4r ausgeliefert wurden, ben\u00f6tigen kein Update.<\/p>\n<p>F\u00fcr das Update ben\u00f6tigst du:<br>\u2022 einen Mac oder Windows-PC<br>\u2022 ein USB-C-Kabel<br>\u2022 und den ACUS Updater<\/p>\n<p>Klicke auf eines der Symbole oben, um den ACUS Updater f\u00fcr dein Betriebssystem herunterzuladen.<\/p>\t\t\t\t\t\t\t\t<\/div>\n\t\t\t\t<\/div>\n\t\t\t\t\t<\/div>\n\t\t<\/div>\n\t\t\t\t<div class=\"elementor-column elementor-col-33 elementor-top-column elementor-element elementor-element-591e24c\" data-id=\"591e24c\" data-element_type=\"column\" data-e-type=\"column\">\n\t\t\t<div class=\"elementor-widget-wrap elementor-element-populated\">\n\t\t\t\t\t\t<div class=\"elementor-element elementor-element-51f1a68 elementor-widget elementor-widget-image\" data-id=\"51f1a68\" data-element_type=\"widget\" data-e-type=\"widget\" data-widget_type=\"image.default\">\n\t\t\t\t<div class=\"elementor-widget-container\">\n\t\t\t\t\t\t\t\t\t\t\t\t\t\t\t<img decoding=\"async\" width=\"1024\" height=\"1024\" src=\"https:\/\/acus-tattoo.de\/wp-content\/uploads\/2025\/10\/Display-Software-Version-1-1024x1024.jpg\" class=\"attachment-large size-large wp-image-31419\" alt=\"\" srcset=\"https:\/\/acus-tattoo.de\/wp-content\/uploads\/2025\/10\/Display-Software-Version-1-1024x1024.jpg 1024w, https:\/\/acus-tattoo.de\/wp-content\/uploads\/2025\/10\/Display-Software-Version-1-300x300.jpg 300w, https:\/\/acus-tattoo.de\/wp-content\/uploads\/2025\/10\/Display-Software-Version-1-150x150.jpg 150w, https:\/\/acus-tattoo.de\/wp-content\/uploads\/2025\/10\/Display-Software-Version-1-768x768.jpg 768w, https:\/\/acus-tattoo.de\/wp-content\/uploads\/2025\/10\/Display-Software-Version-1-600x600.jpg 600w, https:\/\/acus-tattoo.de\/wp-content\/uploads\/2025\/10\/Display-Software-Version-1-100x100.jpg 100w, https:\/\/acus-tattoo.de\/wp-content\/uploads\/2025\/10\/Display-Software-Version-1.jpg 1080w\" sizes=\"(max-width: 1024px) 100vw, 1024px\" \/>\t\t\t\t\t\t\t\t\t\t\t\t\t\t\t<\/div>\n\t\t\t\t<\/div>\n\t\t\t\t\t<\/div>\n\t\t<\/div>\n\t\t\t\t\t<\/div>\n\t\t<\/section>\n\t\t\t\t<section class=\"elementor-section elementor-top-section elementor-element elementor-element-db9fabf elementor-section-boxed elementor-section-height-default elementor-section-height-default\" data-id=\"db9fabf\" data-element_type=\"section\" data-e-type=\"section\">\n\t\t\t\t\t\t<div class=\"elementor-container elementor-column-gap-default\">\n\t\t\t\t\t<div class=\"elementor-column elementor-col-100 elementor-top-column elementor-element elementor-element-cf48833\" data-id=\"cf48833\" data-element_type=\"column\" data-e-type=\"column\">\n\t\t\t<div class=\"elementor-widget-wrap elementor-element-populated\">\n\t\t\t\t\t\t<div class=\"elementor-element elementor-element-f4a0875 elementor-widget elementor-widget-text-editor\" data-id=\"f4a0875\" data-element_type=\"widget\" data-e-type=\"widget\" data-widget_type=\"text-editor.default\">\n\t\t\t\t<div class=\"elementor-widget-container\">\n\t\t\t\t\t\t\t\t\t<p>Was ist neu mit Software-Version 4r?<\/p><ul><li>behebt einen Fehler in der Software, bei dem die Abschaltung der Maschine aufgrund eines leeren Akkus zu fr\u00fch ausgel\u00f6st hat. Mit dem Update h\u00e4lt der Akku der Maschine nun deutlich l\u00e4nger.<\/li><\/ul><p>\u00a0<\/p>\t\t\t\t\t\t\t\t<\/div>\n\t\t\t\t<\/div>\n\t\t\t\t\t<\/div>\n\t\t<\/div>\n\t\t\t\t\t<\/div>\n\t\t<\/section>\n\t\t\t\t<\/div>\n\t\t","protected":false},"excerpt":{"rendered":"<p>Halte deine ACUS M2 &amp; M2xtd immer auf dem neuesten Stand.Mit dem Update auf Software-Version &#8220; 4 r &#8220; profitierst du von Verbesserungen in der Systemstabilit\u00e4t und einem Bugfix, der die \u201eLow Voltage\u201c-Meldung bei halb vollem Akku behebt. Du findest die aktuell installierte Software-Version deiner Maschine im Men\u00fc \u2192 Info \u2192 Version: XX. Alle M2&hellip;&nbsp;<a href=\"https:\/\/acus-tattoo.de\/de\/acus-m2-firmware-update\/\" rel=\"bookmark\">Mehr lesen &raquo;<span class=\"screen-reader-text\">M2 Firmware Update<\/span><\/a><\/p>\n","protected":false},"author":3,"featured_media":0,"parent":0,"menu_order":0,"comment_status":"closed","ping_status":"closed","template":"page-templates\/template-pagebuilder-full-width.php","meta":{"neve_meta_sidebar":"","neve_meta_container":"","neve_meta_enable_content_width":"off","neve_meta_content_width":70,"neve_meta_title_alignment":"","neve_meta_author_avatar":"","neve_post_elements_order":"","neve_meta_disable_header":"","neve_meta_disable_footer":"","neve_meta_disable_title":"","neve_meta_reading_time":"","footnotes":""},"class_list":["post-31403","page","type-page","status-publish","hentry"],"yoast_head":"<!-- This site is optimized with the Yoast SEO plugin v27.2 - https:\/\/yoast.com\/product\/yoast-seo-wordpress\/ -->\n<title>M2 Firmware Update - acus tattoo machines<\/title>\n<meta name=\"robots\" content=\"index, follow, max-snippet:-1, max-image-preview:large, max-video-preview:-1\" \/>\n<link rel=\"canonical\" href=\"https:\/\/acus-tattoo.de\/de\/acus-m2-firmware-update\/\" \/>\n<meta property=\"og:locale\" content=\"de_DE\" \/>\n<meta property=\"og:type\" content=\"article\" \/>\n<meta property=\"og:title\" content=\"M2 Firmware Update - acus tattoo machines\" \/>\n<meta property=\"og:description\" content=\"Halte deine ACUS M2 &amp; M2xtd immer auf dem neuesten Stand.Mit dem Update auf Software-Version &#8220; 4 r &#8220; profitierst du von Verbesserungen in der Systemstabilit\u00e4t und einem Bugfix, der die \u201eLow Voltage\u201c-Meldung bei halb vollem Akku behebt. Du findest die aktuell installierte Software-Version deiner Maschine im Men\u00fc \u2192 Info \u2192 Version: XX. Alle M2&hellip;&nbsp;Mehr lesen &raquo;M2 Firmware Update\" \/>\n<meta property=\"og:url\" content=\"https:\/\/acus-tattoo.de\/de\/acus-m2-firmware-update\/\" \/>\n<meta property=\"og:site_name\" content=\"acus tattoo machines\" \/>\n<meta property=\"article:modified_time\" content=\"2025-10-13T07:44:40+00:00\" \/>\n<meta property=\"og:image\" content=\"https:\/\/acus-tattoo.de\/wp-content\/uploads\/2024\/07\/MAC.png\" \/>\n\t<meta property=\"og:image:width\" content=\"1125\" \/>\n\t<meta property=\"og:image:height\" content=\"1125\" \/>\n\t<meta property=\"og:image:type\" content=\"image\/png\" \/>\n<meta name=\"twitter:card\" content=\"summary_large_image\" \/>\n<meta name=\"twitter:label1\" content=\"Gesch\u00e4tzte Lesezeit\" \/>\n\t<meta name=\"twitter:data1\" content=\"2\u00a0Minuten\" \/>\n<script type=\"application\/ld+json\" class=\"yoast-schema-graph\">{\"@context\":\"https:\/\/schema.org\",\"@graph\":[{\"@type\":\"WebPage\",\"@id\":\"https:\/\/acus-tattoo.de\/de\/acus-m2-firmware-update\/\",\"url\":\"https:\/\/acus-tattoo.de\/de\/acus-m2-firmware-update\/\",\"name\":\"M2 Firmware Update - acus tattoo machines\",\"isPartOf\":{\"@id\":\"https:\/\/acus-tattoo.de\/de\/#website\"},\"primaryImageOfPage\":{\"@id\":\"https:\/\/acus-tattoo.de\/de\/acus-m2-firmware-update\/#primaryimage\"},\"image\":{\"@id\":\"https:\/\/acus-tattoo.de\/de\/acus-m2-firmware-update\/#primaryimage\"},\"thumbnailUrl\":\"https:\/\/acus-tattoo.de\/wp-content\/uploads\/2024\/07\/MAC-1024x1024.png\",\"datePublished\":\"2025-10-06T11:59:55+00:00\",\"dateModified\":\"2025-10-13T07:44:40+00:00\",\"breadcrumb\":{\"@id\":\"https:\/\/acus-tattoo.de\/de\/acus-m2-firmware-update\/#breadcrumb\"},\"inLanguage\":\"de\",\"potentialAction\":[{\"@type\":\"ReadAction\",\"target\":[\"https:\/\/acus-tattoo.de\/de\/acus-m2-firmware-update\/\"]}]},{\"@type\":\"ImageObject\",\"inLanguage\":\"de\",\"@id\":\"https:\/\/acus-tattoo.de\/de\/acus-m2-firmware-update\/#primaryimage\",\"url\":\"https:\/\/acus-tattoo.de\/wp-content\/uploads\/2024\/07\/MAC-1024x1024.png\",\"contentUrl\":\"https:\/\/acus-tattoo.de\/wp-content\/uploads\/2024\/07\/MAC-1024x1024.png\"},{\"@type\":\"BreadcrumbList\",\"@id\":\"https:\/\/acus-tattoo.de\/de\/acus-m2-firmware-update\/#breadcrumb\",\"itemListElement\":[{\"@type\":\"ListItem\",\"position\":1,\"name\":\"Home\",\"item\":\"https:\/\/acus-tattoo.de\/de\/\"},{\"@type\":\"ListItem\",\"position\":2,\"name\":\"M2 Firmware Update\"}]},{\"@type\":\"WebSite\",\"@id\":\"https:\/\/acus-tattoo.de\/de\/#website\",\"url\":\"https:\/\/acus-tattoo.de\/de\/\",\"name\":\"acus tattoo machines\",\"description\":\"high quality tattoo machines from Germany\",\"potentialAction\":[{\"@type\":\"SearchAction\",\"target\":{\"@type\":\"EntryPoint\",\"urlTemplate\":\"https:\/\/acus-tattoo.de\/de\/?s={search_term_string}\"},\"query-input\":{\"@type\":\"PropertyValueSpecification\",\"valueRequired\":true,\"valueName\":\"search_term_string\"}}],\"inLanguage\":\"de\"}]}<\/script>\n<!-- \/ Yoast SEO plugin. -->","yoast_head_json":{"title":"M2 Firmware Update - acus tattoo machines","robots":{"index":"index","follow":"follow","max-snippet":"max-snippet:-1","max-image-preview":"max-image-preview:large","max-video-preview":"max-video-preview:-1"},"canonical":"https:\/\/acus-tattoo.de\/de\/acus-m2-firmware-update\/","og_locale":"de_DE","og_type":"article","og_title":"M2 Firmware Update - acus tattoo machines","og_description":"Halte deine ACUS M2 &amp; M2xtd immer auf dem neuesten Stand.Mit dem Update auf Software-Version &#8220; 4 r &#8220; profitierst du von Verbesserungen in der Systemstabilit\u00e4t und einem Bugfix, der die \u201eLow Voltage\u201c-Meldung bei halb vollem Akku behebt. Du findest die aktuell installierte Software-Version deiner Maschine im Men\u00fc \u2192 Info \u2192 Version: XX. Alle M2&hellip;&nbsp;Mehr lesen &raquo;M2 Firmware Update","og_url":"https:\/\/acus-tattoo.de\/de\/acus-m2-firmware-update\/","og_site_name":"acus tattoo machines","article_modified_time":"2025-10-13T07:44:40+00:00","og_image":[{"width":1125,"height":1125,"url":"https:\/\/acus-tattoo.de\/wp-content\/uploads\/2024\/07\/MAC.png","type":"image\/png"}],"twitter_card":"summary_large_image","twitter_misc":{"Gesch\u00e4tzte Lesezeit":"2\u00a0Minuten"},"schema":{"@context":"https:\/\/schema.org","@graph":[{"@type":"WebPage","@id":"https:\/\/acus-tattoo.de\/de\/acus-m2-firmware-update\/","url":"https:\/\/acus-tattoo.de\/de\/acus-m2-firmware-update\/","name":"M2 Firmware Update - acus tattoo machines","isPartOf":{"@id":"https:\/\/acus-tattoo.de\/de\/#website"},"primaryImageOfPage":{"@id":"https:\/\/acus-tattoo.de\/de\/acus-m2-firmware-update\/#primaryimage"},"image":{"@id":"https:\/\/acus-tattoo.de\/de\/acus-m2-firmware-update\/#primaryimage"},"thumbnailUrl":"https:\/\/acus-tattoo.de\/wp-content\/uploads\/2024\/07\/MAC-1024x1024.png","datePublished":"2025-10-06T11:59:55+00:00","dateModified":"2025-10-13T07:44:40+00:00","breadcrumb":{"@id":"https:\/\/acus-tattoo.de\/de\/acus-m2-firmware-update\/#breadcrumb"},"inLanguage":"de","potentialAction":[{"@type":"ReadAction","target":["https:\/\/acus-tattoo.de\/de\/acus-m2-firmware-update\/"]}]},{"@type":"ImageObject","inLanguage":"de","@id":"https:\/\/acus-tattoo.de\/de\/acus-m2-firmware-update\/#primaryimage","url":"https:\/\/acus-tattoo.de\/wp-content\/uploads\/2024\/07\/MAC-1024x1024.png","contentUrl":"https:\/\/acus-tattoo.de\/wp-content\/uploads\/2024\/07\/MAC-1024x1024.png"},{"@type":"BreadcrumbList","@id":"https:\/\/acus-tattoo.de\/de\/acus-m2-firmware-update\/#breadcrumb","itemListElement":[{"@type":"ListItem","position":1,"name":"Home","item":"https:\/\/acus-tattoo.de\/de\/"},{"@type":"ListItem","position":2,"name":"M2 Firmware Update"}]},{"@type":"WebSite","@id":"https:\/\/acus-tattoo.de\/de\/#website","url":"https:\/\/acus-tattoo.de\/de\/","name":"acus tattoo machines","description":"high quality tattoo machines from Germany","potentialAction":[{"@type":"SearchAction","target":{"@type":"EntryPoint","urlTemplate":"https:\/\/acus-tattoo.de\/de\/?s={search_term_string}"},"query-input":{"@type":"PropertyValueSpecification","valueRequired":true,"valueName":"search_term_string"}}],"inLanguage":"de"}]}},"_links":{"self":[{"href":"https:\/\/acus-tattoo.de\/de\/wp-json\/wp\/v2\/pages\/31403","targetHints":{"allow":["GET"]}}],"collection":[{"href":"https:\/\/acus-tattoo.de\/de\/wp-json\/wp\/v2\/pages"}],"about":[{"href":"https:\/\/acus-tattoo.de\/de\/wp-json\/wp\/v2\/types\/page"}],"author":[{"embeddable":true,"href":"https:\/\/acus-tattoo.de\/de\/wp-json\/wp\/v2\/users\/3"}],"replies":[{"embeddable":true,"href":"https:\/\/acus-tattoo.de\/de\/wp-json\/wp\/v2\/comments?post=31403"}],"version-history":[{"count":44,"href":"https:\/\/acus-tattoo.de\/de\/wp-json\/wp\/v2\/pages\/31403\/revisions"}],"predecessor-version":[{"id":31598,"href":"https:\/\/acus-tattoo.de\/de\/wp-json\/wp\/v2\/pages\/31403\/revisions\/31598"}],"wp:attachment":[{"href":"https:\/\/acus-tattoo.de\/de\/wp-json\/wp\/v2\/media?parent=31403"}],"curies":[{"name":"wp","href":"https:\/\/api.w.org\/{rel}","templated":true}]}}