{"id":43,"date":"2021-12-11T14:42:17","date_gmt":"2021-12-11T14:42:17","guid":{"rendered":"https:\/\/acus-tattoo.de\/?page_id=43"},"modified":"2024-08-07T10:32:27","modified_gmt":"2024-08-07T08:32:27","slug":"impressum","status":"publish","type":"page","link":"https:\/\/acus-tattoo.de\/de\/impressum\/","title":{"rendered":"Impressum"},"content":{"rendered":"\t\t<div data-elementor-type=\"wp-page\" data-elementor-id=\"43\" class=\"elementor elementor-43\" data-elementor-post-type=\"page\">\n\t\t\t\t\t\t<section class=\"elementor-section elementor-top-section elementor-element elementor-element-7707fa6 elementor-section-boxed elementor-section-height-default elementor-section-height-default\" data-id=\"7707fa6\" data-element_type=\"section\" data-e-type=\"section\">\n\t\t\t\t\t\t<div class=\"elementor-container elementor-column-gap-default\">\n\t\t\t\t\t<div class=\"elementor-column elementor-col-100 elementor-top-column elementor-element elementor-element-4ca21d71\" data-id=\"4ca21d71\" data-element_type=\"column\" data-e-type=\"column\">\n\t\t\t<div class=\"elementor-widget-wrap elementor-element-populated\">\n\t\t\t\t\t\t<div class=\"elementor-element elementor-element-2b3d92a1 elementor-widget elementor-widget-text-editor\" data-id=\"2b3d92a1\" data-element_type=\"widget\" data-e-type=\"widget\" data-widget_type=\"text-editor.default\">\n\t\t\t\t<div class=\"elementor-widget-container\">\n\t\t\t\t\t\t\t\t\t<p><\/p>\n<p>Verantwortlich f\u00fcr den Inhalt dieser Seite:<\/p>\n<p><\/p>\n<p>Leebo Engineering GmbH<br>Bandelowstra\u00dfe 3<br>14612 Falkensee<br>info@leebo.de<br>www.leebo.de<\/p>\n<p>Gesch\u00e4ftsf\u00fchrung: Oliver Dominguez Reyes, Helge Bochmann<\/p>\n<p>Amtsgericht Potsdam HRB 34042<br>USt-IdNr.: DE333045139<\/p>\n<p><\/p>\t\t\t\t\t\t\t\t<\/div>\n\t\t\t\t<\/div>\n\t\t\t\t\t<\/div>\n\t\t<\/div>\n\t\t\t\t\t<\/div>\n\t\t<\/section>\n\t\t\t\t<\/div>\n\t\t","protected":false},"excerpt":{"rendered":"<p>Verantwortlich f\u00fcr den Inhalt dieser Seite: Leebo Engineering GmbHBandelowstra\u00dfe 314612 Falkenseeinfo@leebo.dewww.leebo.de Gesch\u00e4ftsf\u00fchrung: Oliver Dominguez Reyes, Helge Bochmann Amtsgericht Potsdam HRB 34042USt-IdNr.: DE333045139<\/p>\n","protected":false},"author":1,"featured_media":0,"parent":0,"menu_order":0,"comment_status":"closed","ping_status":"closed","template":"","meta":{"neve_meta_sidebar":"","neve_meta_container":"","neve_meta_enable_content_width":"","neve_meta_content_width":0,"neve_meta_title_alignment":"","neve_meta_author_avatar":"","neve_post_elements_order":"","neve_meta_disable_header":"","neve_meta_disable_footer":"","neve_meta_disable_title":"","neve_meta_reading_time":"","footnotes":""},"class_list":["post-43","page","type-page","status-publish","hentry"],"yoast_head":"<!-- This site is optimized with the Yoast SEO plugin v27.2 - https:\/\/yoast.com\/product\/yoast-seo-wordpress\/ -->\n<title>Impressum - acus tattoo machines<\/title>\n<meta name=\"robots\" content=\"index, follow, max-snippet:-1, max-image-preview:large, max-video-preview:-1\" \/>\n<link rel=\"canonical\" href=\"https:\/\/acus-tattoo.de\/de\/impressum\/\" \/>\n<meta property=\"og:locale\" content=\"de_DE\" \/>\n<meta property=\"og:type\" content=\"article\" \/>\n<meta property=\"og:title\" content=\"Impressum - acus tattoo machines\" \/>\n<meta property=\"og:description\" content=\"Verantwortlich f\u00fcr den Inhalt dieser Seite: Leebo Engineering GmbHBandelowstra\u00dfe 314612 Falkenseeinfo@leebo.dewww.leebo.de Gesch\u00e4ftsf\u00fchrung: Oliver Dominguez Reyes, Helge Bochmann Amtsgericht Potsdam HRB 34042USt-IdNr.: DE333045139\" \/>\n<meta property=\"og:url\" content=\"https:\/\/acus-tattoo.de\/de\/impressum\/\" \/>\n<meta property=\"og:site_name\" content=\"acus tattoo machines\" \/>\n<meta property=\"article:modified_time\" content=\"2024-08-07T08:32:27+00:00\" \/>\n<meta name=\"twitter:card\" content=\"summary_large_image\" \/>\n<meta name=\"twitter:label1\" content=\"Gesch\u00e4tzte Lesezeit\" \/>\n\t<meta name=\"twitter:data1\" content=\"1\u00a0Minute\" \/>\n<script type=\"application\/ld+json\" class=\"yoast-schema-graph\">{\"@context\":\"https:\/\/schema.org\",\"@graph\":[{\"@type\":\"WebPage\",\"@id\":\"https:\/\/acus-tattoo.de\/de\/impressum\/\",\"url\":\"https:\/\/acus-tattoo.de\/de\/impressum\/\",\"name\":\"Impressum - acus tattoo machines\",\"isPartOf\":{\"@id\":\"https:\/\/acus-tattoo.de\/de\/#website\"},\"datePublished\":\"2021-12-11T14:42:17+00:00\",\"dateModified\":\"2024-08-07T08:32:27+00:00\",\"breadcrumb\":{\"@id\":\"https:\/\/acus-tattoo.de\/de\/impressum\/#breadcrumb\"},\"inLanguage\":\"de\",\"potentialAction\":[{\"@type\":\"ReadAction\",\"target\":[\"https:\/\/acus-tattoo.de\/de\/impressum\/\"]}]},{\"@type\":\"BreadcrumbList\",\"@id\":\"https:\/\/acus-tattoo.de\/de\/impressum\/#breadcrumb\",\"itemListElement\":[{\"@type\":\"ListItem\",\"position\":1,\"name\":\"Home\",\"item\":\"https:\/\/acus-tattoo.de\/de\/\"},{\"@type\":\"ListItem\",\"position\":2,\"name\":\"Impressum\"}]},{\"@type\":\"WebSite\",\"@id\":\"https:\/\/acus-tattoo.de\/de\/#website\",\"url\":\"https:\/\/acus-tattoo.de\/de\/\",\"name\":\"acus tattoo machines\",\"description\":\"high quality tattoo machines from Germany\",\"potentialAction\":[{\"@type\":\"SearchAction\",\"target\":{\"@type\":\"EntryPoint\",\"urlTemplate\":\"https:\/\/acus-tattoo.de\/de\/?s={search_term_string}\"},\"query-input\":{\"@type\":\"PropertyValueSpecification\",\"valueRequired\":true,\"valueName\":\"search_term_string\"}}],\"inLanguage\":\"de\"}]}<\/script>\n<!-- \/ Yoast SEO plugin. -->","yoast_head_json":{"title":"Impressum - acus tattoo machines","robots":{"index":"index","follow":"follow","max-snippet":"max-snippet:-1","max-image-preview":"max-image-preview:large","max-video-preview":"max-video-preview:-1"},"canonical":"https:\/\/acus-tattoo.de\/de\/impressum\/","og_locale":"de_DE","og_type":"article","og_title":"Impressum - acus tattoo machines","og_description":"Verantwortlich f\u00fcr den Inhalt dieser Seite: Leebo Engineering GmbHBandelowstra\u00dfe 314612 Falkenseeinfo@leebo.dewww.leebo.de Gesch\u00e4ftsf\u00fchrung: Oliver Dominguez Reyes, Helge Bochmann Amtsgericht Potsdam HRB 34042USt-IdNr.: DE333045139","og_url":"https:\/\/acus-tattoo.de\/de\/impressum\/","og_site_name":"acus tattoo machines","article_modified_time":"2024-08-07T08:32:27+00:00","twitter_card":"summary_large_image","twitter_misc":{"Gesch\u00e4tzte Lesezeit":"1\u00a0Minute"},"schema":{"@context":"https:\/\/schema.org","@graph":[{"@type":"WebPage","@id":"https:\/\/acus-tattoo.de\/de\/impressum\/","url":"https:\/\/acus-tattoo.de\/de\/impressum\/","name":"Impressum - acus tattoo machines","isPartOf":{"@id":"https:\/\/acus-tattoo.de\/de\/#website"},"datePublished":"2021-12-11T14:42:17+00:00","dateModified":"2024-08-07T08:32:27+00:00","breadcrumb":{"@id":"https:\/\/acus-tattoo.de\/de\/impressum\/#breadcrumb"},"inLanguage":"de","potentialAction":[{"@type":"ReadAction","target":["https:\/\/acus-tattoo.de\/de\/impressum\/"]}]},{"@type":"BreadcrumbList","@id":"https:\/\/acus-tattoo.de\/de\/impressum\/#breadcrumb","itemListElement":[{"@type":"ListItem","position":1,"name":"Home","item":"https:\/\/acus-tattoo.de\/de\/"},{"@type":"ListItem","position":2,"name":"Impressum"}]},{"@type":"WebSite","@id":"https:\/\/acus-tattoo.de\/de\/#website","url":"https:\/\/acus-tattoo.de\/de\/","name":"acus tattoo machines","description":"high quality tattoo machines from Germany","potentialAction":[{"@type":"SearchAction","target":{"@type":"EntryPoint","urlTemplate":"https:\/\/acus-tattoo.de\/de\/?s={search_term_string}"},"query-input":{"@type":"PropertyValueSpecification","valueRequired":true,"valueName":"search_term_string"}}],"inLanguage":"de"}]}},"_links":{"self":[{"href":"https:\/\/acus-tattoo.de\/de\/wp-json\/wp\/v2\/pages\/43","targetHints":{"allow":["GET"]}}],"collection":[{"href":"https:\/\/acus-tattoo.de\/de\/wp-json\/wp\/v2\/pages"}],"about":[{"href":"https:\/\/acus-tattoo.de\/de\/wp-json\/wp\/v2\/types\/page"}],"author":[{"embeddable":true,"href":"https:\/\/acus-tattoo.de\/de\/wp-json\/wp\/v2\/users\/1"}],"replies":[{"embeddable":true,"href":"https:\/\/acus-tattoo.de\/de\/wp-json\/wp\/v2\/comments?post=43"}],"version-history":[{"count":15,"href":"https:\/\/acus-tattoo.de\/de\/wp-json\/wp\/v2\/pages\/43\/revisions"}],"predecessor-version":[{"id":14624,"href":"https:\/\/acus-tattoo.de\/de\/wp-json\/wp\/v2\/pages\/43\/revisions\/14624"}],"wp:attachment":[{"href":"https:\/\/acus-tattoo.de\/de\/wp-json\/wp\/v2\/media?parent=43"}],"curies":[{"name":"wp","href":"https:\/\/api.w.org\/{rel}","templated":true}]}}