{"id":45,"date":"2021-12-11T14:43:21","date_gmt":"2021-12-11T14:43:21","guid":{"rendered":"https:\/\/acus-tattoo.de\/?page_id=45"},"modified":"2021-12-12T13:46:00","modified_gmt":"2021-12-12T13:46:00","slug":"datenschutzerklaerung","status":"publish","type":"page","link":"https:\/\/acus-tattoo.de\/de\/datenschutzerklaerung\/","title":{"rendered":"Datenschutzerkl\u00e4rung"},"content":{"rendered":"\n<p>Wir freuen uns \u00fcber Ihren Besuch auf unserer Webseite https:\/\/acus-tattoo.de und Ihr Interesse an unserem Unternehmen und unseren Angeboten. F\u00fcr externe Links zu fremden Inhalten \u00fcbernehmen wir trotz sorgf\u00e4ltiger inhaltlicher Kontrolle keine Haftung, da wir die \u00dcbermittlung dieser Information nicht veranlasst, den Adressaten der \u00fcbermittelten Information und die \u00fcbermittelten Informationen selbst nicht ausgew\u00e4hlt oder ver\u00e4ndert haben.<\/p>\n\n\n\n<p>Der Schutz Ihrer personenbezogenen Daten bei der Erhebung, Verarbeitung und Nutzung anl\u00e4sslich Ihres Besuchs auf unseren Internetseiten ist uns ein wichtiges Anliegen und erfolgt im Rahmen der gesetzlichen Vorschriften, \u00fcber die Sie sich z.B. unter www.bfd.bund.de informieren k\u00f6nnen.<\/p>\n\n\n\n<p>Im Folgenden erl\u00e4utern wir Ihnen, welche Informationen wir w\u00e4hrend Ihres Besuchs auf unseren Webseiten erfassen und wie diese genutzt werden:<\/p>\n\n\n\n<h4 class=\"wp-block-heading\">1. Erhebung und Speicherung personenbezogener Daten sowie Art und Zweck von deren Verwendung<\/h4>\n\n\n\n<h5 class=\"wp-block-heading\">a) Beim Besuch der Webseite<\/h5>\n\n\n\n<p>Bei jedem Zugriff eines Kunden (oder sonstigen Besuchers) auf unserer Webseite werden durch den auf Ihrem Endger\u00e4t (Computer, Laptop, Tablet, Smartphone, etc.) zum Einsatz kommenden Internet-Browser automatisch Informationen an den Server unserer Webseite gesendet. Diese Informationen werden tempor\u00e4r in einem sog. Logfile (Protokolldatei) gespeichert. Folgende Daten werden dabei ohne Ihr Zutun erfasst und bis zur automatisierten L\u00f6schung gespeichert:<\/p>\n\n\n\n<ul class=\"wp-block-list\"><li>IP-Adresse des anfragenden Rechners, sowie Ger\u00e4te-ID oder individuelle Ger\u00e4te-Kennung und Ger\u00e4tetyp,<\/li><li>Name der abgerufenen Datei und \u00fcbertragene Datenmenge, sowie Datum und Uhrzeit des Abrufs,<\/li><li>Meldung \u00fcber erfolgreichen Abruf,<\/li><li>anfragende Domain,<\/li><li>Beschreibung des Typs des verwendeten Internet-Browsers und ggf. des Betriebssystems Ihres Endger\u00e4ts sowie der Name Ihres Access-Providers,<\/li><li>Ihre Browser-Verlaufsdaten sowie Ihre standardm\u00e4\u00dfigen Weblog-Informationen<\/li><\/ul>\n\n\n\n<p>Unser berechtigtes Interesse gem. Art. 6 Abs. 1 S. 1 lit. f DSGVO zur Erhebung der Daten beruht auf den folgenden Zwecken: Gew\u00e4hrleistung eines reibungslosen Verbindungsaufbaus und einer komfortablen Nutzung der Webseite, Auswertung der Systemsicherheit und -stabilit\u00e4t sowie zu weiteren administrativen Zwecken.<\/p>\n\n\n\n<p>In keinem Fall verwenden wir die erhobenen Daten zu dem Zweck, R\u00fcckschl\u00fcsse auf Ihre Person zu ziehen.<\/p>\n\n\n\n<h5 class=\"wp-block-heading\">b) Bei Nutzung unseres Kontaktformulars<\/h5>\n\n\n\n<p>Bei Fragen jeglicher Art bieten wir Ihnen die M\u00f6glichkeit, mit uns \u00fcber ein auf der Webseite bereitgestelltes Formular Kontakt aufzunehmen. Dabei sind mindestens die folgenden Angaben erforderlich: Name, Email, Telefonnummer, damit wir wissen, von wem die Anfrage stammt und um diese beantworten zu k\u00f6nnen. Weitere Angaben k\u00f6nnen freiwillig get\u00e4tigt werden.<\/p>\n\n\n\n<p>Die Datenverarbeitung zum Zwecke der Kontaktaufnahme mit uns erfolgt gem. Art. 6 Abs. 1 S. 1 lit. a DSGVO auf Grundlage Ihrer freiwillig erteilten Einwilligung. Die f\u00fcr die Benutzung des Kontaktformulars von uns erhobenen personenbezogenen Daten werden nach Erledigung der von Ihnen gestellten Anfrage automatisch gel\u00f6scht.<\/p>\n\n\n\n<h4 class=\"wp-block-heading\">2. Weitergabe von personenbezogenen Daten<\/h4>\n\n\n\n<p>Eine \u00dcbermittlung Ihrer Daten an Dritte zu anderen als den im Folgenden aufgef\u00fchrten Zwecken findet nicht statt.<\/p>\n\n\n\n<p>Wir geben Ihre Daten nur an Dritte weiter, wenn:<\/p>\n\n\n\n<ul class=\"wp-block-list\"><li>Sie eine ausdr\u00fcckliche Einwilligung dazu erteilt haben nach (Art. 6 Abs. 1 S. 1 lit. a DSGVO),<\/li><li>dies f\u00fcr die Abwicklung von Vertragsverh\u00e4ltnissen mit Ihnen erforderlich ist (Art. 6 Abs. 1 lit. b DSGVO),<\/li><li>eine gesetzliche Verpflichtung zur Weitergabe besteht (Art.6 Abs.1 lit. c DSGVO),<\/li><li>die Weitergabe zur Geltendmachung, Aus\u00fcbung oder Verteidigung von Rechtsanspr\u00fcchen erforderlich ist und kein Grund zur Annahme besteht, dass Sie ein \u00fcberwiegendes schutzw\u00fcrdiges Interesse an der Nichtweitergabe Ihrer Daten haben (Art. 6 Abs. 1 S. 1 lit. f DSGVO).<\/li><li>In diesen F\u00e4llen beschr\u00e4nkt sich der Umfang der \u00fcbermittelten Daten jedoch nur auf das erforderliche Minimum.<\/li><\/ul>\n\n\n\n<p>Unsere Datenschutzbestimmungen stehen im Einklang mit den geltenden datenschutzrechtlichen Bestimmungen und die Daten werden nur in der Bundesrepublik Deutschland \/ Europ\u00e4ischen Union verarbeitet. Eine \u00dcbermittlung in Drittl\u00e4nder findet nicht statt und ist nicht beabsichtigt.<\/p>\n\n\n\n<h4 class=\"wp-block-heading\">3. Betroffenenrechte<\/h4>\n\n\n\n<p>Auf Anfrage werden wir Sie gern informieren, ob und welche personenbezogenen Daten zu Ihrer Person gespeichert sind (Art. 15 DSGVO), insbesondere \u00fcber die Verarbeitungszwecke, die Kategorie der personenbezogenen Daten, die Kategorien von Empf\u00e4ngern, gegen\u00fcber denen Ihre Daten offengelegt wurden oder werden, die geplante Speicherdauer, das Bestehen eines Rechts auf Berichtigung, L\u00f6schung, Einschr\u00e4nkung der Verarbeitung oder Widerspruch, das Bestehen eines Beschwerderechts, die Herkunft ihrer Daten, sofern diese nicht bei uns erhoben wurden, sowie \u00fcber das Bestehen einer automatisierten Entscheidungsfindung einschlie\u00dflich Profiling.<\/p>\n\n\n\n<p>Ihnen steht zudem das Recht zu, etwaig unrichtig erhobene personenbezogene Daten berichtigen oder unvollst\u00e4ndig erhobene Daten vervollst\u00e4ndigen zu lassen (Art. 16 DSGVO).<\/p>\n\n\n\n<p>Ferner haben Sie das Recht, von uns die Einschr\u00e4nkung der Verarbeitung Ihrer Daten zu verlangen, sofern die gesetzlichen Voraussetzungen hierf\u00fcr vorliegen (Art. 18 DSGVO).<\/p>\n\n\n\n<p>Sie haben das Recht, die Sie betreffenden personenbezogenen Daten in einem strukturierten, g\u00e4ngigen und maschinenlesbaren Format zu erhalten oder die \u00dcbermittlung an einen anderen Verantwortlichen zu verlangen (Art. 20 DSGVO).<\/p>\n\n\n\n<p>Dar\u00fcber hinaus steht Ihnen das sogenannte \u201eRecht auf Vergessenwerden\u201c zu, d.h. Sie k\u00f6nnen von uns die L\u00f6schung Ihrer personenbezogenen Daten verlangen, sofern hierf\u00fcr die gesetzlichen Voraussetzungen vorliegen (Art. 17 DSGVO).<\/p>\n\n\n\n<p>Unabh\u00e4ngig davon werden Ihre personenbezogenen Daten automatisch von uns gel\u00f6scht, wenn der Zweck der Datenerhebung weggefallen oder die Datenverarbeitung unrechtm\u00e4\u00dfig erfolgt ist.<\/p>\n\n\n\n<p>Gem\u00e4\u00df Art. 7 Abs. 3 DSGVO haben Sie das Recht Ihre einmal erteilte Einwilligung jederzeit gegen\u00fcber uns zu widerrufen. Dies hat zur Folge, dass wir die Datenverarbeitung, die auf dieser Einwilligung beruhte, f\u00fcr die Zukunft nicht mehr fortf\u00fchren d\u00fcrfen.<\/p>\n\n\n\n<p>Sie haben zudem das Recht, jederzeit gegen die Verarbeitung Ihrer personenbezogenen Daten Widerspruch zu erheben, sofern ein Widerspruchsrecht gesetzlich vorgesehen ist. Im Falle eines wirksamen Widerrufs werden Ihre personenbezogenen Daten ebenfalls automatisch durch uns gel\u00f6scht (Art. 21 DSGVO).<\/p>\n\n\n\n<p>M\u00f6chten Sie von Ihrem Widerrufs- oder Widerspruchsrecht Gebrauch machen, gen\u00fcgt eine E-Mail an: info@leebo.de.<\/p>\n\n\n\n<p>Bei Verst\u00f6\u00dfen gegen die datenschutzrechtlichen Vorschriften haben Sie gem. Art. 77 DSGVO die M\u00f6glichkeit, Beschwerde bei einer Aufsichtsbeh\u00f6rde zu erheben.<\/p>\n\n\n\n<h4 class=\"wp-block-heading\">4. Dauer der Datenspeicherung<\/h4>\n\n\n\n<p>Die erhobenen Daten werden solange bei uns gespeichert, wie dies f\u00fcr die Durchf\u00fchrung der mit uns eingegangen Vertr\u00e4ge erforderlich ist oder Sie Ihr Recht auf L\u00f6schung oder Ihr Recht auf Daten\u00fcbertragung auf ein anderes Unternehmen nicht ausge\u00fcbt haben.<\/p>\n\n\n\n<h4 class=\"wp-block-heading\">5. Cookies<\/h4>\n\n\n\n<p>Wir setzen auf unserer Webseite Cookies ein. Hierbei handelt es sich um kleine Text-Dateien, die Ihr Browser automatisch erstellt und die auf Ihrem Endger\u00e4t gespeichert werden, wenn Sie unsere Webseite besuchen. In dem Cookie werden Informationen abgelegt, die sich jeweils im Zusammenhang mit dem spezifisch eingesetzten Endger\u00e4t ergeben. Dies bedeutet jedoch nicht, dass wir unmittelbar Kenntnis von Ihrer Identit\u00e4t erhalten. Der Einsatz von Cookies dient zun\u00e4chst dazu, die Nutzung unseres Angebots f\u00fcr Sie angenehmer zu gestalten:<\/p>\n\n\n\n<p>So setzen wir sog. Session-Cookies ein, um zu erkennen, dass Sie einzelne Unterseiten unserer Webseite bereits besucht haben. So wird sofern Sie sich registriert haben, ihr Kennwort w\u00e4hrend der Dauer Ihres Besuchs auf unserer Webseite und des Wechseln von Unterseiten gespeichert, so dass Sie es nicht jedes Mal neu eingeben m\u00fcssen. Diese Session-Cookies werden nach Verlassen unserer Webseite automatisch gel\u00f6scht. Zum anderen setzen wir Cookies ein, um die Nutzung unserer Webseite statistisch zu erfassen und auszuwerten und unser Angebotes f\u00fcr Sie zu optimieren. Diese Cookies erm\u00f6glichen es uns, bei einem erneuten Besuch unserer Webseite automatisch zu erkennen, dass Sie bereits bei uns waren. Diese Cookies werden nach einer jeweils definierten Zeit automatisch gel\u00f6scht. Die durch Cookies verarbeiteten Daten sind f\u00fcr die genannten Zwecke zur Wahrung unserer berechtigten Interessen sowie der Dritter nach Art. 6 Abs. 1 S. 1 lit. f DSGVO erforderlich. Die meisten Browser akzeptieren Cookies automatisch. Wenn Sie es nicht w\u00fcnschen, dass wir Informationen \u00fcber Ihren Computer wiedererkennen, stellen Sie Ihren Internetbrowser bitte so ein, dass er Cookies von Ihrer Computerfestplatte l\u00f6scht, alle Cookies blockiert oder Sie warnt, bevor ein Cookie gespeichert wird. Wie Sie Cookies l\u00f6schen oder blockieren k\u00f6nnen, erfahren Sie im Hilfe- und Support-Bereich Ihres Internet-Browsers. Dort finden Sie Anweisungen zur Suche der Datei oder des Verzeichnisses, in dem Cookies gespeichert werden. Bitte beachten Sie in jedem Fall, dass die vollst\u00e4ndige Deaktivierung von Cookies dazu f\u00fchren kann, dass Sie nicht alle Funktionen unserer Webseite nutzen k\u00f6nnen.<\/p>\n\n\n\n<p>Bei der Bereitstellung unseres Internetangebots werden Java-Applets und Java-Script verwendet. Falls Sie sich aus Sicherheitsgr\u00fcnden diese Hilfsprogramme bzw. aktiven Inhalte nicht nutzbar machen wollen, sollten Sie die entsprechende Einstellung Ihres Browsers deaktivieren.<\/p>\n\n\n\n<h4 class=\"wp-block-heading\">Datensicherheit<\/h4>\n\n\n\n<p>Wir sind um alle notwendigen technischen und organisatorischen Sicherheitsma\u00dfnahmen bem\u00fcht, um Ihre personenbezogenen Daten so zu speichern, dass sie weder Dritten noch der \u00d6ffentlichkeit zug\u00e4nglich sind. Sollten Sie mit uns per E-Mail in Kontakt treten wollen, so weisen wir Sie darauf hin, dass bei diesem Kommunikationsweg die Vertraulichkeit der \u00fcbermittelten Informationen nicht vollst\u00e4ndig gew\u00e4hrleistet werden kann. Wir empfehlen Ihnen daher, uns vertrauliche Informationen ausschlie\u00dflich \u00fcber den Postweg zukommen zu lassen.<\/p>\n\n\n\n<h4 class=\"wp-block-heading\">Aktualit\u00e4t und \u00c4nderung dieser Datenschutzerkl\u00e4rung<\/h4>\n\n\n\n<p>Diese Datenschutzerkl\u00e4rung ist aktuell g\u00fcltig.<\/p>\n\n\n\n<p>Durch die Weiterentwicklung unserer Webseite und Angebote dar\u00fcber oder aufgrund ge\u00e4nderter gesetzlicher beziehungsweise beh\u00f6rdlicher Vorgaben kann es notwendig werden, diese Datenschutzerkl\u00e4rung zu \u00e4ndern. Die jeweils aktuelle Datenschutzerkl\u00e4rung kann jederzeit auf der Webseite unter https:\/\/www.acus-tattoo.com\/datenschutzerkl\u00e4rung von Ihnen abgerufen und ausgedruckt werden.<\/p>\n\n\n\n<h4 class=\"wp-block-heading\">Name und Kontaktdaten des f\u00fcr die Verarbeitung Verantwortlichen<\/h4>\n\n\n\n<p>Diese Datenschutz-Information gilt f\u00fcr die Datenverarbeitung durch:<\/p>\n\n\n\n<p>Leebo Engineering UG (haftungsbeschr\u00e4nkt)<br>Bandelowstra\u00dfe 3<br>14612 Falkensee<br>info@leebo.de<\/p>\n\n\n\n<p>www.leebo.de, www.acus-tattoo.com<\/p>\n","protected":false},"excerpt":{"rendered":"<p>Wir freuen uns \u00fcber Ihren Besuch auf unserer Webseite https:\/\/acus-tattoo.de und Ihr Interesse an unserem Unternehmen und unseren Angeboten. F\u00fcr externe Links zu fremden Inhalten \u00fcbernehmen wir trotz sorgf\u00e4ltiger inhaltlicher Kontrolle keine Haftung, da wir die \u00dcbermittlung dieser Information nicht veranlasst, den Adressaten der \u00fcbermittelten Information und die \u00fcbermittelten Informationen selbst nicht ausgew\u00e4hlt oder ver\u00e4ndert&hellip;&nbsp;<a href=\"https:\/\/acus-tattoo.de\/de\/datenschutzerklaerung\/\" rel=\"bookmark\">Mehr lesen &raquo;<span class=\"screen-reader-text\">Datenschutzerkl\u00e4rung<\/span><\/a><\/p>\n","protected":false},"author":1,"featured_media":0,"parent":0,"menu_order":0,"comment_status":"closed","ping_status":"closed","template":"","meta":{"neve_meta_sidebar":"","neve_meta_container":"","neve_meta_enable_content_width":"","neve_meta_content_width":0,"neve_meta_title_alignment":"","neve_meta_author_avatar":"","neve_post_elements_order":"","neve_meta_disable_header":"","neve_meta_disable_footer":"","neve_meta_disable_title":"","neve_meta_reading_time":"","footnotes":""},"class_list":["post-45","page","type-page","status-publish","hentry"],"yoast_head":"<!-- This site is optimized with the Yoast SEO plugin v27.2 - https:\/\/yoast.com\/product\/yoast-seo-wordpress\/ -->\n<title>Datenschutzerkl\u00e4rung - acus tattoo machines<\/title>\n<meta name=\"robots\" content=\"index, follow, max-snippet:-1, max-image-preview:large, max-video-preview:-1\" \/>\n<link rel=\"canonical\" href=\"https:\/\/acus-tattoo.de\/de\/datenschutzerklaerung\/\" \/>\n<meta property=\"og:locale\" content=\"de_DE\" \/>\n<meta property=\"og:type\" content=\"article\" \/>\n<meta property=\"og:title\" content=\"Datenschutzerkl\u00e4rung - acus tattoo machines\" \/>\n<meta property=\"og:description\" content=\"Wir freuen uns \u00fcber Ihren Besuch auf unserer Webseite https:\/\/acus-tattoo.de und Ihr Interesse an unserem Unternehmen und unseren Angeboten. F\u00fcr externe Links zu fremden Inhalten \u00fcbernehmen wir trotz sorgf\u00e4ltiger inhaltlicher Kontrolle keine Haftung, da wir die \u00dcbermittlung dieser Information nicht veranlasst, den Adressaten der \u00fcbermittelten Information und die \u00fcbermittelten Informationen selbst nicht ausgew\u00e4hlt oder ver\u00e4ndert&hellip;&nbsp;Mehr lesen &raquo;Datenschutzerkl\u00e4rung\" \/>\n<meta property=\"og:url\" content=\"https:\/\/acus-tattoo.de\/de\/datenschutzerklaerung\/\" \/>\n<meta property=\"og:site_name\" content=\"acus tattoo machines\" \/>\n<meta property=\"article:modified_time\" content=\"2021-12-12T13:46:00+00:00\" \/>\n<meta name=\"twitter:card\" content=\"summary_large_image\" \/>\n<meta name=\"twitter:label1\" content=\"Gesch\u00e4tzte Lesezeit\" \/>\n\t<meta name=\"twitter:data1\" content=\"7\u00a0Minuten\" \/>\n<script type=\"application\/ld+json\" class=\"yoast-schema-graph\">{\"@context\":\"https:\/\/schema.org\",\"@graph\":[{\"@type\":\"WebPage\",\"@id\":\"https:\/\/acus-tattoo.de\/de\/datenschutzerklaerung\/\",\"url\":\"https:\/\/acus-tattoo.de\/de\/datenschutzerklaerung\/\",\"name\":\"Datenschutzerkl\u00e4rung - acus tattoo machines\",\"isPartOf\":{\"@id\":\"https:\/\/acus-tattoo.de\/de\/#website\"},\"datePublished\":\"2021-12-11T14:43:21+00:00\",\"dateModified\":\"2021-12-12T13:46:00+00:00\",\"breadcrumb\":{\"@id\":\"https:\/\/acus-tattoo.de\/de\/datenschutzerklaerung\/#breadcrumb\"},\"inLanguage\":\"de\",\"potentialAction\":[{\"@type\":\"ReadAction\",\"target\":[\"https:\/\/acus-tattoo.de\/de\/datenschutzerklaerung\/\"]}]},{\"@type\":\"BreadcrumbList\",\"@id\":\"https:\/\/acus-tattoo.de\/de\/datenschutzerklaerung\/#breadcrumb\",\"itemListElement\":[{\"@type\":\"ListItem\",\"position\":1,\"name\":\"Home\",\"item\":\"https:\/\/acus-tattoo.de\/de\/\"},{\"@type\":\"ListItem\",\"position\":2,\"name\":\"Datenschutzerkl\u00e4rung\"}]},{\"@type\":\"WebSite\",\"@id\":\"https:\/\/acus-tattoo.de\/de\/#website\",\"url\":\"https:\/\/acus-tattoo.de\/de\/\",\"name\":\"acus tattoo machines\",\"description\":\"high quality tattoo machines from Germany\",\"potentialAction\":[{\"@type\":\"SearchAction\",\"target\":{\"@type\":\"EntryPoint\",\"urlTemplate\":\"https:\/\/acus-tattoo.de\/de\/?s={search_term_string}\"},\"query-input\":{\"@type\":\"PropertyValueSpecification\",\"valueRequired\":true,\"valueName\":\"search_term_string\"}}],\"inLanguage\":\"de\"}]}<\/script>\n<!-- \/ Yoast SEO plugin. -->","yoast_head_json":{"title":"Datenschutzerkl\u00e4rung - acus tattoo machines","robots":{"index":"index","follow":"follow","max-snippet":"max-snippet:-1","max-image-preview":"max-image-preview:large","max-video-preview":"max-video-preview:-1"},"canonical":"https:\/\/acus-tattoo.de\/de\/datenschutzerklaerung\/","og_locale":"de_DE","og_type":"article","og_title":"Datenschutzerkl\u00e4rung - acus tattoo machines","og_description":"Wir freuen uns \u00fcber Ihren Besuch auf unserer Webseite https:\/\/acus-tattoo.de und Ihr Interesse an unserem Unternehmen und unseren Angeboten. F\u00fcr externe Links zu fremden Inhalten \u00fcbernehmen wir trotz sorgf\u00e4ltiger inhaltlicher Kontrolle keine Haftung, da wir die \u00dcbermittlung dieser Information nicht veranlasst, den Adressaten der \u00fcbermittelten Information und die \u00fcbermittelten Informationen selbst nicht ausgew\u00e4hlt oder ver\u00e4ndert&hellip;&nbsp;Mehr lesen &raquo;Datenschutzerkl\u00e4rung","og_url":"https:\/\/acus-tattoo.de\/de\/datenschutzerklaerung\/","og_site_name":"acus tattoo machines","article_modified_time":"2021-12-12T13:46:00+00:00","twitter_card":"summary_large_image","twitter_misc":{"Gesch\u00e4tzte Lesezeit":"7\u00a0Minuten"},"schema":{"@context":"https:\/\/schema.org","@graph":[{"@type":"WebPage","@id":"https:\/\/acus-tattoo.de\/de\/datenschutzerklaerung\/","url":"https:\/\/acus-tattoo.de\/de\/datenschutzerklaerung\/","name":"Datenschutzerkl\u00e4rung - acus tattoo machines","isPartOf":{"@id":"https:\/\/acus-tattoo.de\/de\/#website"},"datePublished":"2021-12-11T14:43:21+00:00","dateModified":"2021-12-12T13:46:00+00:00","breadcrumb":{"@id":"https:\/\/acus-tattoo.de\/de\/datenschutzerklaerung\/#breadcrumb"},"inLanguage":"de","potentialAction":[{"@type":"ReadAction","target":["https:\/\/acus-tattoo.de\/de\/datenschutzerklaerung\/"]}]},{"@type":"BreadcrumbList","@id":"https:\/\/acus-tattoo.de\/de\/datenschutzerklaerung\/#breadcrumb","itemListElement":[{"@type":"ListItem","position":1,"name":"Home","item":"https:\/\/acus-tattoo.de\/de\/"},{"@type":"ListItem","position":2,"name":"Datenschutzerkl\u00e4rung"}]},{"@type":"WebSite","@id":"https:\/\/acus-tattoo.de\/de\/#website","url":"https:\/\/acus-tattoo.de\/de\/","name":"acus tattoo machines","description":"high quality tattoo machines from Germany","potentialAction":[{"@type":"SearchAction","target":{"@type":"EntryPoint","urlTemplate":"https:\/\/acus-tattoo.de\/de\/?s={search_term_string}"},"query-input":{"@type":"PropertyValueSpecification","valueRequired":true,"valueName":"search_term_string"}}],"inLanguage":"de"}]}},"_links":{"self":[{"href":"https:\/\/acus-tattoo.de\/de\/wp-json\/wp\/v2\/pages\/45","targetHints":{"allow":["GET"]}}],"collection":[{"href":"https:\/\/acus-tattoo.de\/de\/wp-json\/wp\/v2\/pages"}],"about":[{"href":"https:\/\/acus-tattoo.de\/de\/wp-json\/wp\/v2\/types\/page"}],"author":[{"embeddable":true,"href":"https:\/\/acus-tattoo.de\/de\/wp-json\/wp\/v2\/users\/1"}],"replies":[{"embeddable":true,"href":"https:\/\/acus-tattoo.de\/de\/wp-json\/wp\/v2\/comments?post=45"}],"version-history":[{"count":2,"href":"https:\/\/acus-tattoo.de\/de\/wp-json\/wp\/v2\/pages\/45\/revisions"}],"predecessor-version":[{"id":53,"href":"https:\/\/acus-tattoo.de\/de\/wp-json\/wp\/v2\/pages\/45\/revisions\/53"}],"wp:attachment":[{"href":"https:\/\/acus-tattoo.de\/de\/wp-json\/wp\/v2\/media?parent=45"}],"curies":[{"name":"wp","href":"https:\/\/api.w.org\/{rel}","templated":true}]}}