{"id":6082,"date":"2022-11-14T10:19:07","date_gmt":"2022-11-14T10:19:07","guid":{"rendered":"https:\/\/acus-tattoo.de\/?page_id=6082"},"modified":"2025-10-16T16:06:46","modified_gmt":"2025-10-16T14:06:46","slug":"acus-m1-firmware-update","status":"publish","type":"page","link":"https:\/\/acus-tattoo.de\/de\/acus-m1-firmware-update\/","title":{"rendered":"M1 Firmware Update"},"content":{"rendered":"\t\t<div data-elementor-type=\"wp-page\" data-elementor-id=\"6082\" class=\"elementor elementor-6082\" data-elementor-post-type=\"page\">\n\t\t\t\t<div class=\"elementor-element elementor-element-dc3d7bb e-flex e-con-boxed e-con e-parent\" data-id=\"dc3d7bb\" data-element_type=\"container\" data-e-type=\"container\">\n\t\t\t\t\t<div class=\"e-con-inner\">\n\t\t\t\t<div class=\"elementor-element elementor-element-0544e6e elementor-widget elementor-widget-text-editor\" data-id=\"0544e6e\" data-element_type=\"widget\" data-e-type=\"widget\" data-widget_type=\"text-editor.default\">\n\t\t\t\t<div class=\"elementor-widget-container\">\n\t\t\t\t\t\t\t\t\t<h3><span style=\"color: #ff0000;\">ACHTUNG !!!<\/span><\/h3><p><span style=\"color: #ff0000;\">Das ACUS M1 Firmwareupdate-Programm darf ausschlie\u00dflich f\u00fcr die M1 benutzt werden. Wenn es f\u00fcr die M2 benutzt wird, funktioniert sie nicht mehr und muss eingeschickt werden!<\/span><\/p>\t\t\t\t\t\t\t\t<\/div>\n\t\t\t\t<\/div>\n\t\t\t\t\t<\/div>\n\t\t\t\t<\/div>\n\t\t\t\t<section class=\"elementor-section elementor-top-section elementor-element elementor-element-3fe0c97 elementor-section-boxed elementor-section-height-default elementor-section-height-default\" data-id=\"3fe0c97\" data-element_type=\"section\" data-e-type=\"section\">\n\t\t\t\t\t\t<div class=\"elementor-container elementor-column-gap-default\">\n\t\t\t\t\t<div class=\"elementor-column elementor-col-50 elementor-top-column elementor-element elementor-element-6b67077\" data-id=\"6b67077\" data-element_type=\"column\" data-e-type=\"column\">\n\t\t\t<div class=\"elementor-widget-wrap elementor-element-populated\">\n\t\t\t\t\t\t<div class=\"elementor-element elementor-element-da20815 elementor-widget elementor-widget-image\" data-id=\"da20815\" data-element_type=\"widget\" data-e-type=\"widget\" data-widget_type=\"image.default\">\n\t\t\t\t<div class=\"elementor-widget-container\">\n\t\t\t\t\t\t\t\t\t\t\t\t\t\t\t\t<a href=\"https:\/\/drive.google.com\/file\/d\/1ppdkrjciZ7falkytFEVHUsMHx9krc76I\/view?usp=sharing\">\n\t\t\t\t\t\t\t<img fetchpriority=\"high\" decoding=\"async\" width=\"1024\" height=\"1024\" src=\"https:\/\/acus-tattoo.de\/wp-content\/uploads\/2024\/07\/MAC-1024x1024.png\" class=\"attachment-large size-large wp-image-14360\" alt=\"\" srcset=\"https:\/\/acus-tattoo.de\/wp-content\/uploads\/2024\/07\/MAC-1024x1024.png 1024w, https:\/\/acus-tattoo.de\/wp-content\/uploads\/2024\/07\/MAC-300x300.png 300w, https:\/\/acus-tattoo.de\/wp-content\/uploads\/2024\/07\/MAC-150x150.png 150w, https:\/\/acus-tattoo.de\/wp-content\/uploads\/2024\/07\/MAC-768x768.png 768w, https:\/\/acus-tattoo.de\/wp-content\/uploads\/2024\/07\/MAC-600x600.png 600w, https:\/\/acus-tattoo.de\/wp-content\/uploads\/2024\/07\/MAC-100x100.png 100w, https:\/\/acus-tattoo.de\/wp-content\/uploads\/2024\/07\/MAC.png 1125w\" sizes=\"(max-width: 1024px) 100vw, 1024px\" \/>\t\t\t\t\t\t\t\t<\/a>\n\t\t\t\t\t\t\t\t\t\t\t\t\t\t\t<\/div>\n\t\t\t\t<\/div>\n\t\t\t\t\t<\/div>\n\t\t<\/div>\n\t\t\t\t<div class=\"elementor-column elementor-col-50 elementor-top-column elementor-element elementor-element-8189788\" data-id=\"8189788\" data-element_type=\"column\" data-e-type=\"column\">\n\t\t\t<div class=\"elementor-widget-wrap elementor-element-populated\">\n\t\t\t\t\t\t<div class=\"elementor-element elementor-element-2dc52c0 elementor-widget elementor-widget-image\" data-id=\"2dc52c0\" data-element_type=\"widget\" data-e-type=\"widget\" data-widget_type=\"image.default\">\n\t\t\t\t<div class=\"elementor-widget-container\">\n\t\t\t\t\t\t\t\t\t\t\t\t\t\t\t\t<a href=\"https:\/\/drive.google.com\/file\/d\/1D0ORd3jqStmegX3NksMrDBsjHATOeRWr\/view?usp=sharing\">\n\t\t\t\t\t\t\t<img decoding=\"async\" width=\"1024\" height=\"1024\" src=\"https:\/\/acus-tattoo.de\/wp-content\/uploads\/2024\/07\/WINDOWS-1024x1024.png\" class=\"attachment-large size-large wp-image-14362\" alt=\"\" srcset=\"https:\/\/acus-tattoo.de\/wp-content\/uploads\/2024\/07\/WINDOWS-1024x1024.png 1024w, https:\/\/acus-tattoo.de\/wp-content\/uploads\/2024\/07\/WINDOWS-300x300.png 300w, https:\/\/acus-tattoo.de\/wp-content\/uploads\/2024\/07\/WINDOWS-150x150.png 150w, https:\/\/acus-tattoo.de\/wp-content\/uploads\/2024\/07\/WINDOWS-768x768.png 768w, https:\/\/acus-tattoo.de\/wp-content\/uploads\/2024\/07\/WINDOWS-600x600.png 600w, https:\/\/acus-tattoo.de\/wp-content\/uploads\/2024\/07\/WINDOWS-100x100.png 100w, https:\/\/acus-tattoo.de\/wp-content\/uploads\/2024\/07\/WINDOWS.png 1125w\" sizes=\"(max-width: 1024px) 100vw, 1024px\" \/>\t\t\t\t\t\t\t\t<\/a>\n\t\t\t\t\t\t\t\t\t\t\t\t\t\t\t<\/div>\n\t\t\t\t<\/div>\n\t\t\t\t\t<\/div>\n\t\t<\/div>\n\t\t\t\t\t<\/div>\n\t\t<\/section>\n\t\t\t\t<section class=\"elementor-section elementor-top-section elementor-element elementor-element-81abfa0 elementor-section-boxed elementor-section-height-default elementor-section-height-default\" data-id=\"81abfa0\" data-element_type=\"section\" data-e-type=\"section\">\n\t\t\t\t\t\t<div class=\"elementor-container elementor-column-gap-default\">\n\t\t\t\t\t<div class=\"elementor-column elementor-col-66 elementor-top-column elementor-element elementor-element-8ae5d71\" data-id=\"8ae5d71\" data-element_type=\"column\" data-e-type=\"column\">\n\t\t\t<div class=\"elementor-widget-wrap elementor-element-populated\">\n\t\t\t\t\t\t<div class=\"elementor-element elementor-element-5a8f89b elementor-widget elementor-widget-text-editor\" data-id=\"5a8f89b\" data-element_type=\"widget\" data-e-type=\"widget\" data-widget_type=\"text-editor.default\">\n\t\t\t\t<div class=\"elementor-widget-container\">\n\t\t\t\t\t\t\t\t\t<p>Wir m\u00f6chten euch gerne die M\u00f6glichkeit bieten, die Software eurer ACUS M1 zu aktualisieren.<\/p><p>Die neuste Softwareversion ist v2.02. Alle Maschinen ab der Seriennummer 02787 werden bereits mit der aktuellen Software ausgeliefert und m\u00fcssen nicht aktualisiert werden.\u00a0F\u00fcr das Update wird ein Windows-PC oder ein MAC, ein Micro-USB-Kabel und der ACUS-Updater ben\u00f6tigt.<\/p><p>Um den ACUS-Updater herunterzuladen, klicke bitte auf eines der beiden Bilder oben.<\/p>\t\t\t\t\t\t\t\t<\/div>\n\t\t\t\t<\/div>\n\t\t\t\t\t<\/div>\n\t\t<\/div>\n\t\t\t\t<div class=\"elementor-column elementor-col-33 elementor-top-column elementor-element elementor-element-0d48f58\" data-id=\"0d48f58\" data-element_type=\"column\" data-e-type=\"column\">\n\t\t\t<div class=\"elementor-widget-wrap elementor-element-populated\">\n\t\t\t\t\t\t<div class=\"elementor-element elementor-element-674ffa9 elementor-widget elementor-widget-image\" data-id=\"674ffa9\" data-element_type=\"widget\" data-e-type=\"widget\" data-widget_type=\"image.default\">\n\t\t\t\t<div class=\"elementor-widget-container\">\n\t\t\t\t\t\t\t\t\t\t\t\t\t\t\t<img decoding=\"async\" width=\"1024\" height=\"512\" src=\"https:\/\/acus-tattoo.de\/wp-content\/uploads\/2022\/11\/220221_M1_Label_381x19-grauMitRundenEcken-1024x512.png\" class=\"attachment-large size-large wp-image-6226\" alt=\"\" srcset=\"https:\/\/acus-tattoo.de\/wp-content\/uploads\/2022\/11\/220221_M1_Label_381x19-grauMitRundenEcken-1024x512.png 1024w, https:\/\/acus-tattoo.de\/wp-content\/uploads\/2022\/11\/220221_M1_Label_381x19-grauMitRundenEcken-300x150.png 300w, https:\/\/acus-tattoo.de\/wp-content\/uploads\/2022\/11\/220221_M1_Label_381x19-grauMitRundenEcken-768x384.png 768w, https:\/\/acus-tattoo.de\/wp-content\/uploads\/2022\/11\/220221_M1_Label_381x19-grauMitRundenEcken-1536x768.png 1536w, https:\/\/acus-tattoo.de\/wp-content\/uploads\/2022\/11\/220221_M1_Label_381x19-grauMitRundenEcken-600x300.png 600w, https:\/\/acus-tattoo.de\/wp-content\/uploads\/2022\/11\/220221_M1_Label_381x19-grauMitRundenEcken.png 1795w\" sizes=\"(max-width: 1024px) 100vw, 1024px\" \/>\t\t\t\t\t\t\t\t\t\t\t\t\t\t\t<\/div>\n\t\t\t\t<\/div>\n\t\t\t\t\t<\/div>\n\t\t<\/div>\n\t\t\t\t\t<\/div>\n\t\t<\/section>\n\t\t<div class=\"elementor-element elementor-element-d83cadd e-flex e-con-boxed e-con e-parent\" data-id=\"d83cadd\" data-element_type=\"container\" data-e-type=\"container\">\n\t\t\t\t\t<div class=\"e-con-inner\">\n\t\t\t\t\t<\/div>\n\t\t\t\t<\/div>\n\t\t\t\t<\/div>\n\t\t","protected":false},"excerpt":{"rendered":"<p>ACHTUNG !!! Das ACUS M1 Firmwareupdate-Programm darf ausschlie\u00dflich f\u00fcr die M1 benutzt werden. Wenn es f\u00fcr die M2 benutzt wird, funktioniert sie nicht mehr und muss eingeschickt werden! Wir m\u00f6chten euch gerne die M\u00f6glichkeit bieten, die Software eurer ACUS M1 zu aktualisieren. Die neuste Softwareversion ist v2.02. Alle Maschinen ab der Seriennummer 02787 werden bereits&hellip;&nbsp;<a href=\"https:\/\/acus-tattoo.de\/de\/acus-m1-firmware-update\/\" rel=\"bookmark\">Mehr lesen &raquo;<span class=\"screen-reader-text\">M1 Firmware Update<\/span><\/a><\/p>\n","protected":false},"author":2,"featured_media":0,"parent":0,"menu_order":0,"comment_status":"closed","ping_status":"closed","template":"","meta":{"neve_meta_sidebar":"","neve_meta_container":"","neve_meta_enable_content_width":"","neve_meta_content_width":0,"neve_meta_title_alignment":"","neve_meta_author_avatar":"","neve_post_elements_order":"","neve_meta_disable_header":"","neve_meta_disable_footer":"","neve_meta_disable_title":"","neve_meta_reading_time":"","footnotes":""},"class_list":["post-6082","page","type-page","status-publish","hentry"],"yoast_head":"<!-- This site is optimized with the Yoast SEO plugin v27.2 - https:\/\/yoast.com\/product\/yoast-seo-wordpress\/ -->\n<title>M1 Firmware Update - acus tattoo machines<\/title>\n<meta name=\"robots\" content=\"index, follow, max-snippet:-1, max-image-preview:large, max-video-preview:-1\" \/>\n<link rel=\"canonical\" href=\"https:\/\/acus-tattoo.de\/de\/acus-m1-firmware-update\/\" \/>\n<meta property=\"og:locale\" content=\"de_DE\" \/>\n<meta property=\"og:type\" content=\"article\" \/>\n<meta property=\"og:title\" content=\"M1 Firmware Update - acus tattoo machines\" \/>\n<meta property=\"og:description\" content=\"ACHTUNG !!! Das ACUS M1 Firmwareupdate-Programm darf ausschlie\u00dflich f\u00fcr die M1 benutzt werden. Wenn es f\u00fcr die M2 benutzt wird, funktioniert sie nicht mehr und muss eingeschickt werden! Wir m\u00f6chten euch gerne die M\u00f6glichkeit bieten, die Software eurer ACUS M1 zu aktualisieren. Die neuste Softwareversion ist v2.02. Alle Maschinen ab der Seriennummer 02787 werden bereits&hellip;&nbsp;Mehr lesen &raquo;M1 Firmware Update\" \/>\n<meta property=\"og:url\" content=\"https:\/\/acus-tattoo.de\/de\/acus-m1-firmware-update\/\" \/>\n<meta property=\"og:site_name\" content=\"acus tattoo machines\" \/>\n<meta property=\"article:modified_time\" content=\"2025-10-16T14:06:46+00:00\" \/>\n<meta property=\"og:image\" content=\"https:\/\/acus-tattoo.de\/wp-content\/uploads\/2024\/07\/MAC.png\" \/>\n\t<meta property=\"og:image:width\" content=\"1125\" \/>\n\t<meta property=\"og:image:height\" content=\"1125\" \/>\n\t<meta property=\"og:image:type\" content=\"image\/png\" \/>\n<meta name=\"twitter:card\" content=\"summary_large_image\" \/>\n<meta name=\"twitter:label1\" content=\"Gesch\u00e4tzte Lesezeit\" \/>\n\t<meta name=\"twitter:data1\" content=\"2\u00a0Minuten\" \/>\n<script type=\"application\/ld+json\" class=\"yoast-schema-graph\">{\"@context\":\"https:\/\/schema.org\",\"@graph\":[{\"@type\":\"WebPage\",\"@id\":\"https:\/\/acus-tattoo.de\/de\/acus-m1-firmware-update\/\",\"url\":\"https:\/\/acus-tattoo.de\/de\/acus-m1-firmware-update\/\",\"name\":\"M1 Firmware Update - acus tattoo machines\",\"isPartOf\":{\"@id\":\"https:\/\/acus-tattoo.de\/de\/#website\"},\"primaryImageOfPage\":{\"@id\":\"https:\/\/acus-tattoo.de\/de\/acus-m1-firmware-update\/#primaryimage\"},\"image\":{\"@id\":\"https:\/\/acus-tattoo.de\/de\/acus-m1-firmware-update\/#primaryimage\"},\"thumbnailUrl\":\"https:\/\/acus-tattoo.de\/wp-content\/uploads\/2024\/07\/MAC-1024x1024.png\",\"datePublished\":\"2022-11-14T10:19:07+00:00\",\"dateModified\":\"2025-10-16T14:06:46+00:00\",\"breadcrumb\":{\"@id\":\"https:\/\/acus-tattoo.de\/de\/acus-m1-firmware-update\/#breadcrumb\"},\"inLanguage\":\"de\",\"potentialAction\":[{\"@type\":\"ReadAction\",\"target\":[\"https:\/\/acus-tattoo.de\/de\/acus-m1-firmware-update\/\"]}]},{\"@type\":\"ImageObject\",\"inLanguage\":\"de\",\"@id\":\"https:\/\/acus-tattoo.de\/de\/acus-m1-firmware-update\/#primaryimage\",\"url\":\"https:\/\/acus-tattoo.de\/wp-content\/uploads\/2024\/07\/MAC-1024x1024.png\",\"contentUrl\":\"https:\/\/acus-tattoo.de\/wp-content\/uploads\/2024\/07\/MAC-1024x1024.png\"},{\"@type\":\"BreadcrumbList\",\"@id\":\"https:\/\/acus-tattoo.de\/de\/acus-m1-firmware-update\/#breadcrumb\",\"itemListElement\":[{\"@type\":\"ListItem\",\"position\":1,\"name\":\"Home\",\"item\":\"https:\/\/acus-tattoo.de\/de\/\"},{\"@type\":\"ListItem\",\"position\":2,\"name\":\"M1 Firmware Update\"}]},{\"@type\":\"WebSite\",\"@id\":\"https:\/\/acus-tattoo.de\/de\/#website\",\"url\":\"https:\/\/acus-tattoo.de\/de\/\",\"name\":\"acus tattoo machines\",\"description\":\"high quality tattoo machines from Germany\",\"potentialAction\":[{\"@type\":\"SearchAction\",\"target\":{\"@type\":\"EntryPoint\",\"urlTemplate\":\"https:\/\/acus-tattoo.de\/de\/?s={search_term_string}\"},\"query-input\":{\"@type\":\"PropertyValueSpecification\",\"valueRequired\":true,\"valueName\":\"search_term_string\"}}],\"inLanguage\":\"de\"}]}<\/script>\n<!-- \/ Yoast SEO plugin. -->","yoast_head_json":{"title":"M1 Firmware Update - acus tattoo machines","robots":{"index":"index","follow":"follow","max-snippet":"max-snippet:-1","max-image-preview":"max-image-preview:large","max-video-preview":"max-video-preview:-1"},"canonical":"https:\/\/acus-tattoo.de\/de\/acus-m1-firmware-update\/","og_locale":"de_DE","og_type":"article","og_title":"M1 Firmware Update - acus tattoo machines","og_description":"ACHTUNG !!! Das ACUS M1 Firmwareupdate-Programm darf ausschlie\u00dflich f\u00fcr die M1 benutzt werden. Wenn es f\u00fcr die M2 benutzt wird, funktioniert sie nicht mehr und muss eingeschickt werden! Wir m\u00f6chten euch gerne die M\u00f6glichkeit bieten, die Software eurer ACUS M1 zu aktualisieren. Die neuste Softwareversion ist v2.02. Alle Maschinen ab der Seriennummer 02787 werden bereits&hellip;&nbsp;Mehr lesen &raquo;M1 Firmware Update","og_url":"https:\/\/acus-tattoo.de\/de\/acus-m1-firmware-update\/","og_site_name":"acus tattoo machines","article_modified_time":"2025-10-16T14:06:46+00:00","og_image":[{"width":1125,"height":1125,"url":"https:\/\/acus-tattoo.de\/wp-content\/uploads\/2024\/07\/MAC.png","type":"image\/png"}],"twitter_card":"summary_large_image","twitter_misc":{"Gesch\u00e4tzte Lesezeit":"2\u00a0Minuten"},"schema":{"@context":"https:\/\/schema.org","@graph":[{"@type":"WebPage","@id":"https:\/\/acus-tattoo.de\/de\/acus-m1-firmware-update\/","url":"https:\/\/acus-tattoo.de\/de\/acus-m1-firmware-update\/","name":"M1 Firmware Update - acus tattoo machines","isPartOf":{"@id":"https:\/\/acus-tattoo.de\/de\/#website"},"primaryImageOfPage":{"@id":"https:\/\/acus-tattoo.de\/de\/acus-m1-firmware-update\/#primaryimage"},"image":{"@id":"https:\/\/acus-tattoo.de\/de\/acus-m1-firmware-update\/#primaryimage"},"thumbnailUrl":"https:\/\/acus-tattoo.de\/wp-content\/uploads\/2024\/07\/MAC-1024x1024.png","datePublished":"2022-11-14T10:19:07+00:00","dateModified":"2025-10-16T14:06:46+00:00","breadcrumb":{"@id":"https:\/\/acus-tattoo.de\/de\/acus-m1-firmware-update\/#breadcrumb"},"inLanguage":"de","potentialAction":[{"@type":"ReadAction","target":["https:\/\/acus-tattoo.de\/de\/acus-m1-firmware-update\/"]}]},{"@type":"ImageObject","inLanguage":"de","@id":"https:\/\/acus-tattoo.de\/de\/acus-m1-firmware-update\/#primaryimage","url":"https:\/\/acus-tattoo.de\/wp-content\/uploads\/2024\/07\/MAC-1024x1024.png","contentUrl":"https:\/\/acus-tattoo.de\/wp-content\/uploads\/2024\/07\/MAC-1024x1024.png"},{"@type":"BreadcrumbList","@id":"https:\/\/acus-tattoo.de\/de\/acus-m1-firmware-update\/#breadcrumb","itemListElement":[{"@type":"ListItem","position":1,"name":"Home","item":"https:\/\/acus-tattoo.de\/de\/"},{"@type":"ListItem","position":2,"name":"M1 Firmware Update"}]},{"@type":"WebSite","@id":"https:\/\/acus-tattoo.de\/de\/#website","url":"https:\/\/acus-tattoo.de\/de\/","name":"acus tattoo machines","description":"high quality tattoo machines from Germany","potentialAction":[{"@type":"SearchAction","target":{"@type":"EntryPoint","urlTemplate":"https:\/\/acus-tattoo.de\/de\/?s={search_term_string}"},"query-input":{"@type":"PropertyValueSpecification","valueRequired":true,"valueName":"search_term_string"}}],"inLanguage":"de"}]}},"_links":{"self":[{"href":"https:\/\/acus-tattoo.de\/de\/wp-json\/wp\/v2\/pages\/6082","targetHints":{"allow":["GET"]}}],"collection":[{"href":"https:\/\/acus-tattoo.de\/de\/wp-json\/wp\/v2\/pages"}],"about":[{"href":"https:\/\/acus-tattoo.de\/de\/wp-json\/wp\/v2\/types\/page"}],"author":[{"embeddable":true,"href":"https:\/\/acus-tattoo.de\/de\/wp-json\/wp\/v2\/users\/2"}],"replies":[{"embeddable":true,"href":"https:\/\/acus-tattoo.de\/de\/wp-json\/wp\/v2\/comments?post=6082"}],"version-history":[{"count":78,"href":"https:\/\/acus-tattoo.de\/de\/wp-json\/wp\/v2\/pages\/6082\/revisions"}],"predecessor-version":[{"id":31671,"href":"https:\/\/acus-tattoo.de\/de\/wp-json\/wp\/v2\/pages\/6082\/revisions\/31671"}],"wp:attachment":[{"href":"https:\/\/acus-tattoo.de\/de\/wp-json\/wp\/v2\/media?parent=6082"}],"curies":[{"name":"wp","href":"https:\/\/api.w.org\/{rel}","templated":true}]}}