{"id":1017,"date":"2022-03-01T15:39:21","date_gmt":"2022-03-01T14:39:21","guid":{"rendered":"https:\/\/acus-tattoo.de\/?post_type=product&#038;p=1017"},"modified":"2025-12-02T12:59:28","modified_gmt":"2025-12-02T11:59:28","slug":"m1-grip","status":"publish","type":"product","link":"https:\/\/acus-tattoo.de\/de\/produkt\/m1-grip\/","title":{"rendered":"Grip"},"content":{"rendered":"\t\t<div data-elementor-type=\"product-post\" data-elementor-id=\"1017\" class=\"elementor elementor-1017 elementor-3103\" data-elementor-post-type=\"product\">\n\t\t\t\t\t\t<section class=\"elementor-section elementor-top-section elementor-element elementor-element-5f5191d9 elementor-section-content-middle elementor-section-stretched elementor-section-boxed elementor-section-height-default elementor-section-height-default\" data-id=\"5f5191d9\" data-element_type=\"section\" data-e-type=\"section\" data-settings=\"{&quot;stretch_section&quot;:&quot;section-stretched&quot;}\">\n\t\t\t\t\t\t<div class=\"elementor-container elementor-column-gap-no\">\n\t\t\t\t\t<div class=\"elementor-column elementor-col-100 elementor-top-column elementor-element elementor-element-2c65c2af\" data-id=\"2c65c2af\" data-element_type=\"column\" data-e-type=\"column\">\n\t\t\t<div class=\"elementor-widget-wrap elementor-element-populated\">\n\t\t\t\t\t\t<div class=\"elementor-element elementor-element-9fa6d4b elementor-cta--valign-top elementor-cta--skin-classic elementor-animated-content elementor-widget elementor-widget-call-to-action\" data-id=\"9fa6d4b\" data-element_type=\"widget\" data-e-type=\"widget\" data-widget_type=\"call-to-action.default\">\n\t\t\t\t<div class=\"elementor-widget-container\">\n\t\t\t\t\t\t\t<div class=\"elementor-cta\">\n\t\t\t\t\t<div class=\"elementor-cta__bg-wrapper\">\n\t\t\t\t<div class=\"elementor-cta__bg elementor-bg\" style=\"background-image: url(https:\/\/acus-tattoo.de\/wp-content\/uploads\/2022\/02\/hygienic_concept-1536x384.png);\" role=\"img\" aria-label=\"hygienic_concept\"><\/div>\n\t\t\t\t<div class=\"elementor-cta__bg-overlay\"><\/div>\n\t\t\t<\/div>\n\t\t\t\t\t\t\t<div class=\"elementor-cta__content\">\n\t\t\t\t\n\t\t\t\t\t\t\t\t\t<h3 class=\"elementor-cta__title elementor-cta__content-item elementor-content-item\">\n\t\t\t\t\t\tZus\u00e4tzliches Griffst\u00fcck\t\t\t\t\t<\/h3>\n\t\t\t\t\n\t\t\t\t\t\t\t\t\t<div class=\"elementor-cta__description elementor-cta__content-item elementor-content-item\">\n\t\t\t\t\t\t<p>Halte mehrere saubere Griffst\u00fccke bereit, damit deine M1 schnell f\u00fcr den n\u00e4chsten Kunden vorbereitet ist.<\/p>\n\t\t\t\t\t<\/div>\n\t\t\t\t\n\t\t\t\t\t\t\t<\/div>\n\t\t\t\t\t\t<\/div>\n\t\t\t\t\t\t<\/div>\n\t\t\t\t<\/div>\n\t\t\t\t\t<\/div>\n\t\t<\/div>\n\t\t\t\t\t<\/div>\n\t\t<\/section>\n\t\t\t\t<section class=\"elementor-section elementor-top-section elementor-element elementor-element-c7df65d elementor-section-boxed elementor-section-height-default elementor-section-height-default\" data-id=\"c7df65d\" data-element_type=\"section\" data-e-type=\"section\">\n\t\t\t\t\t\t<div class=\"elementor-container elementor-column-gap-default\">\n\t\t\t\t\t<div class=\"elementor-column elementor-col-100 elementor-top-column elementor-element elementor-element-62d06d0\" data-id=\"62d06d0\" data-element_type=\"column\" data-e-type=\"column\">\n\t\t\t<div class=\"elementor-widget-wrap elementor-element-populated\">\n\t\t\t\t\t\t<div class=\"elementor-element elementor-element-71ea4a1 elementor-widget elementor-widget-text-editor\" data-id=\"71ea4a1\" data-element_type=\"widget\" data-e-type=\"widget\" data-widget_type=\"text-editor.default\">\n\t\t\t\t<div class=\"elementor-widget-container\">\n\t\t\t\t\t\t\t\t\t<\/p>\r\n<p><span style=\"color: #000000;\">Hier kannst du sehen, mit welchen ACUS-T\u00e4towiermaschinen das Produkt kompatibel ist.<\/span><\/p>\r\n\t\t\t\t\t\t\t\t<\/div>\n\t\t\t\t<\/div>\n\t\t\t\t<div class=\"elementor-element elementor-element-8fa6adf elementor-widget elementor-widget-shortcode\" data-id=\"8fa6adf\" data-element_type=\"widget\" data-e-type=\"widget\" data-widget_type=\"shortcode.default\">\n\t\t\t\t<div class=\"elementor-widget-container\">\n\t\t\t\t\t\t\t<div class=\"elementor-shortcode\">\n<table id=\"tablepress-1\" class=\"tablepress tablepress-id-1 main-compatibility-class\">\n<thead>\n<tr class=\"row-1\">\n\t<th class=\"column-1\">Picture<\/th><th class=\"column-2\">Part<\/th><th class=\"column-3\">M1<\/th><th class=\"column-4\">M1 <br \/>\nM1 Plus<br \/>\nM1 Ayre<\/th><th class=\"column-5\">M1 Ayre<\/th><th class=\"column-6\">C2<\/th><th class=\"column-7\">M2 | M2 xtd<\/th>\n<\/tr>\n<\/thead>\n<tbody class=\"row-striping row-hover\">\n<tr class=\"row-2\">\n\t<td class=\"column-1\"><img decoding=\"async\" src=\"https:\/\/acus-tattoo.de\/wp-content\/uploads\/2022\/03\/SS-Gripschraegoben-2-300x300.jpg\" alt=\"\" width=\"150\" height=\"150\" class=\"alignnone size-medium wp-image-2004\" style=\"width:120px;height:120px;object-fit:none;\" srcset=\"https:\/\/acus-tattoo.de\/wp-content\/uploads\/2022\/03\/SS-Gripschraegoben-2-300x300.jpg 300w, https:\/\/acus-tattoo.de\/wp-content\/uploads\/2022\/03\/SS-Gripschraegoben-2-1024x1024.jpg 1024w, https:\/\/acus-tattoo.de\/wp-content\/uploads\/2022\/03\/SS-Gripschraegoben-2-150x150.jpg 150w, https:\/\/acus-tattoo.de\/wp-content\/uploads\/2022\/03\/SS-Gripschraegoben-2-768x768.jpg 768w, https:\/\/acus-tattoo.de\/wp-content\/uploads\/2022\/03\/SS-Gripschraegoben-2-1536x1536.jpg 1536w, https:\/\/acus-tattoo.de\/wp-content\/uploads\/2022\/03\/SS-Gripschraegoben-2-600x600.jpg 600w, https:\/\/acus-tattoo.de\/wp-content\/uploads\/2022\/03\/SS-Gripschraegoben-2-100x100.jpg 100w, https:\/\/acus-tattoo.de\/wp-content\/uploads\/2022\/03\/SS-Gripschraegoben-2.jpg 1800w\" sizes=\"(max-width: 150px) 100vw, 150px\" \/><\/td><td class=\"column-2\"><a href=\"https:\/\/acus-tattoo.de\/product\/m1-grip\/\" target=\"_blank\">Grip<\/a><\/td><td class=\"column-3\"><span class=\"doublecheck\">&check;&check;<\/span><\/td><td class=\"column-4\"><span class=\"doublecheck\">&check;&check;<\/span><\/td><td class=\"column-5\"><span class=\"doublecheck\">&check;&check;<\/span><\/td><td class=\"column-6\"><span class=\"singlecheck\">&check;<\/span><\/td><td class=\"column-7\"><span class=\"singlecheck\">&check;<\/span><\/td>\n<\/tr>\n<\/tbody>\n<\/table>\n<!-- #tablepress-1 from cache --><\/div>\n\t\t\t\t\t\t<\/div>\n\t\t\t\t<\/div>\n\t\t\t\t\t<\/div>\n\t\t<\/div>\n\t\t\t\t\t<\/div>\n\t\t<\/section>\n\t\t\t\t<\/div>\n\t\t","protected":false},"excerpt":{"rendered":"<h6><span style=\"color: #000000;\">Gr\u00f6\u00dfe: \u230033 mm<br \/>\nGewicht: 38 g<br \/>\n<\/span>Farbe: schwarz<\/h6>\n<h6><span style=\"color: #000000;\">Grip aus eloxiertem, CNC-gefr\u00e4stem Aluminium<\/span><\/h6>\n<h5>Kompatibel mit allen Standard-Nadelmodulen wie:<br \/>\nDa Vinci, Kwadron, Cheyenne, &#8230;<\/h5>\n<h5>HINWEIS: Bitte beachte, dass f\u00fcr Bestellungen aus nicht EU L\u00e4ndern Steuern bei der Einfuhr anfallen k\u00f6nnen. Die H\u00f6he richtet sich nach dem Mehrwertsteuersatz deines Landes.<\/h5>\n","protected":false},"featured_media":2003,"template":"","meta":{"neve_meta_sidebar":"","neve_meta_container":"","neve_meta_enable_content_width":"off","neve_meta_content_width":100,"neve_meta_title_alignment":"","neve_meta_author_avatar":"","neve_post_elements_order":"","neve_meta_disable_header":"","neve_meta_disable_footer":"","neve_meta_disable_title":"","neve_meta_reading_time":""},"product_brand":[],"product_cat":[35],"product_tag":[],"class_list":{"0":"post-1017","1":"product","2":"type-product","3":"status-publish","4":"has-post-thumbnail","6":"product_cat-zubehoer","7":"product_shipping_class-warenpost","9":"first","10":"instock","11":"taxable","12":"shipping-taxable","13":"purchasable","14":"product-type-simple"},"yoast_head":"<!-- This site is optimized with the Yoast SEO plugin v27.2 - https:\/\/yoast.com\/product\/yoast-seo-wordpress\/ -->\n<title>Grip - acus tattoo machines<\/title>\n<meta name=\"robots\" content=\"index, follow, max-snippet:-1, max-image-preview:large, max-video-preview:-1\" \/>\n<link rel=\"canonical\" href=\"https:\/\/acus-tattoo.de\/de\/produkt\/m1-grip\/\" \/>\n<meta property=\"og:locale\" content=\"de_DE\" \/>\n<meta property=\"og:type\" content=\"article\" \/>\n<meta property=\"og:title\" content=\"Grip - acus tattoo machines\" \/>\n<meta property=\"og:description\" content=\"Gr\u00f6\u00dfe: \u230033 mm Gewicht: 38 g Farbe: schwarz Grip aus eloxiertem, CNC-gefr\u00e4stem Aluminium Kompatibel mit allen Standard-Nadelmodulen wie: Da Vinci, Kwadron, Cheyenne, ... HINWEIS: Bitte beachte, dass f\u00fcr Bestellungen aus nicht EU L\u00e4ndern Steuern bei der Einfuhr anfallen k\u00f6nnen. Die H\u00f6he richtet sich nach dem Mehrwertsteuersatz deines Landes.\" \/>\n<meta property=\"og:url\" content=\"https:\/\/acus-tattoo.de\/de\/produkt\/m1-grip\/\" \/>\n<meta property=\"og:site_name\" content=\"acus tattoo machines\" \/>\n<meta property=\"article:modified_time\" content=\"2025-12-02T11:59:28+00:00\" \/>\n<meta property=\"og:image\" content=\"https:\/\/acus-tattoo.de\/wp-content\/uploads\/2022\/03\/SS-Gripschraegoben-2.jpg\" \/>\n\t<meta property=\"og:image:width\" content=\"1800\" \/>\n\t<meta property=\"og:image:height\" content=\"1800\" \/>\n\t<meta property=\"og:image:type\" content=\"image\/jpeg\" \/>\n<meta name=\"twitter:card\" content=\"summary_large_image\" \/>\n<script type=\"application\/ld+json\" class=\"yoast-schema-graph\">{\"@context\":\"https:\/\/schema.org\",\"@graph\":[{\"@type\":\"WebPage\",\"@id\":\"https:\/\/acus-tattoo.de\/de\/produkt\/m1-grip\/\",\"url\":\"https:\/\/acus-tattoo.de\/de\/produkt\/m1-grip\/\",\"name\":\"Grip - acus tattoo machines\",\"isPartOf\":{\"@id\":\"https:\/\/acus-tattoo.de\/de\/#website\"},\"primaryImageOfPage\":{\"@id\":\"https:\/\/acus-tattoo.de\/de\/produkt\/m1-grip\/#primaryimage\"},\"image\":{\"@id\":\"https:\/\/acus-tattoo.de\/de\/produkt\/m1-grip\/#primaryimage\"},\"thumbnailUrl\":\"https:\/\/acus-tattoo.de\/wp-content\/uploads\/2022\/03\/SS-Gripschraegoben-2.jpg\",\"datePublished\":\"2022-03-01T14:39:21+00:00\",\"dateModified\":\"2025-12-02T11:59:28+00:00\",\"breadcrumb\":{\"@id\":\"https:\/\/acus-tattoo.de\/de\/produkt\/m1-grip\/#breadcrumb\"},\"inLanguage\":\"de\",\"potentialAction\":[{\"@type\":\"ReadAction\",\"target\":[\"https:\/\/acus-tattoo.de\/de\/produkt\/m1-grip\/\"]}]},{\"@type\":\"ImageObject\",\"inLanguage\":\"de\",\"@id\":\"https:\/\/acus-tattoo.de\/de\/produkt\/m1-grip\/#primaryimage\",\"url\":\"https:\/\/acus-tattoo.de\/wp-content\/uploads\/2022\/03\/SS-Gripschraegoben-2.jpg\",\"contentUrl\":\"https:\/\/acus-tattoo.de\/wp-content\/uploads\/2022\/03\/SS-Gripschraegoben-2.jpg\",\"width\":1800,\"height\":1800},{\"@type\":\"BreadcrumbList\",\"@id\":\"https:\/\/acus-tattoo.de\/de\/produkt\/m1-grip\/#breadcrumb\",\"itemListElement\":[{\"@type\":\"ListItem\",\"position\":1,\"name\":\"Home\",\"item\":\"https:\/\/acus-tattoo.de\/de\/\"},{\"@type\":\"ListItem\",\"position\":2,\"name\":\"Shop\",\"item\":\"https:\/\/acus-tattoo.de\/shop\/\"},{\"@type\":\"ListItem\",\"position\":3,\"name\":\"Grip\"}]},{\"@type\":\"WebSite\",\"@id\":\"https:\/\/acus-tattoo.de\/de\/#website\",\"url\":\"https:\/\/acus-tattoo.de\/de\/\",\"name\":\"acus tattoo machines\",\"description\":\"high quality tattoo machines from Germany\",\"potentialAction\":[{\"@type\":\"SearchAction\",\"target\":{\"@type\":\"EntryPoint\",\"urlTemplate\":\"https:\/\/acus-tattoo.de\/de\/?s={search_term_string}\"},\"query-input\":{\"@type\":\"PropertyValueSpecification\",\"valueRequired\":true,\"valueName\":\"search_term_string\"}}],\"inLanguage\":\"de\"}]}<\/script>\n<!-- \/ Yoast SEO plugin. -->","yoast_head_json":{"title":"Grip - acus tattoo machines","robots":{"index":"index","follow":"follow","max-snippet":"max-snippet:-1","max-image-preview":"max-image-preview:large","max-video-preview":"max-video-preview:-1"},"canonical":"https:\/\/acus-tattoo.de\/de\/produkt\/m1-grip\/","og_locale":"de_DE","og_type":"article","og_title":"Grip - acus tattoo machines","og_description":"Gr\u00f6\u00dfe: \u230033 mm Gewicht: 38 g Farbe: schwarz Grip aus eloxiertem, CNC-gefr\u00e4stem Aluminium Kompatibel mit allen Standard-Nadelmodulen wie: Da Vinci, Kwadron, Cheyenne, ... HINWEIS: Bitte beachte, dass f\u00fcr Bestellungen aus nicht EU L\u00e4ndern Steuern bei der Einfuhr anfallen k\u00f6nnen. Die H\u00f6he richtet sich nach dem Mehrwertsteuersatz deines Landes.","og_url":"https:\/\/acus-tattoo.de\/de\/produkt\/m1-grip\/","og_site_name":"acus tattoo machines","article_modified_time":"2025-12-02T11:59:28+00:00","og_image":[{"width":1800,"height":1800,"url":"https:\/\/acus-tattoo.de\/wp-content\/uploads\/2022\/03\/SS-Gripschraegoben-2.jpg","type":"image\/jpeg"}],"twitter_card":"summary_large_image","schema":{"@context":"https:\/\/schema.org","@graph":[{"@type":"WebPage","@id":"https:\/\/acus-tattoo.de\/de\/produkt\/m1-grip\/","url":"https:\/\/acus-tattoo.de\/de\/produkt\/m1-grip\/","name":"Grip - acus tattoo machines","isPartOf":{"@id":"https:\/\/acus-tattoo.de\/de\/#website"},"primaryImageOfPage":{"@id":"https:\/\/acus-tattoo.de\/de\/produkt\/m1-grip\/#primaryimage"},"image":{"@id":"https:\/\/acus-tattoo.de\/de\/produkt\/m1-grip\/#primaryimage"},"thumbnailUrl":"https:\/\/acus-tattoo.de\/wp-content\/uploads\/2022\/03\/SS-Gripschraegoben-2.jpg","datePublished":"2022-03-01T14:39:21+00:00","dateModified":"2025-12-02T11:59:28+00:00","breadcrumb":{"@id":"https:\/\/acus-tattoo.de\/de\/produkt\/m1-grip\/#breadcrumb"},"inLanguage":"de","potentialAction":[{"@type":"ReadAction","target":["https:\/\/acus-tattoo.de\/de\/produkt\/m1-grip\/"]}]},{"@type":"ImageObject","inLanguage":"de","@id":"https:\/\/acus-tattoo.de\/de\/produkt\/m1-grip\/#primaryimage","url":"https:\/\/acus-tattoo.de\/wp-content\/uploads\/2022\/03\/SS-Gripschraegoben-2.jpg","contentUrl":"https:\/\/acus-tattoo.de\/wp-content\/uploads\/2022\/03\/SS-Gripschraegoben-2.jpg","width":1800,"height":1800},{"@type":"BreadcrumbList","@id":"https:\/\/acus-tattoo.de\/de\/produkt\/m1-grip\/#breadcrumb","itemListElement":[{"@type":"ListItem","position":1,"name":"Home","item":"https:\/\/acus-tattoo.de\/de\/"},{"@type":"ListItem","position":2,"name":"Shop","item":"https:\/\/acus-tattoo.de\/shop\/"},{"@type":"ListItem","position":3,"name":"Grip"}]},{"@type":"WebSite","@id":"https:\/\/acus-tattoo.de\/de\/#website","url":"https:\/\/acus-tattoo.de\/de\/","name":"acus tattoo machines","description":"high quality tattoo machines from Germany","potentialAction":[{"@type":"SearchAction","target":{"@type":"EntryPoint","urlTemplate":"https:\/\/acus-tattoo.de\/de\/?s={search_term_string}"},"query-input":{"@type":"PropertyValueSpecification","valueRequired":true,"valueName":"search_term_string"}}],"inLanguage":"de"}]}},"_links":{"self":[{"href":"https:\/\/acus-tattoo.de\/de\/wp-json\/wp\/v2\/product\/1017","targetHints":{"allow":["GET"]}}],"collection":[{"href":"https:\/\/acus-tattoo.de\/de\/wp-json\/wp\/v2\/product"}],"about":[{"href":"https:\/\/acus-tattoo.de\/de\/wp-json\/wp\/v2\/types\/product"}],"version-history":[{"count":54,"href":"https:\/\/acus-tattoo.de\/de\/wp-json\/wp\/v2\/product\/1017\/revisions"}],"predecessor-version":[{"id":25791,"href":"https:\/\/acus-tattoo.de\/de\/wp-json\/wp\/v2\/product\/1017\/revisions\/25791"}],"wp:featuredmedia":[{"embeddable":true,"href":"https:\/\/acus-tattoo.de\/de\/wp-json\/wp\/v2\/media\/2003"}],"wp:attachment":[{"href":"https:\/\/acus-tattoo.de\/de\/wp-json\/wp\/v2\/media?parent=1017"}],"wp:term":[{"taxonomy":"product_brand","embeddable":true,"href":"https:\/\/acus-tattoo.de\/de\/wp-json\/wp\/v2\/product_brand?post=1017"},{"taxonomy":"product_cat","embeddable":true,"href":"https:\/\/acus-tattoo.de\/de\/wp-json\/wp\/v2\/product_cat?post=1017"},{"taxonomy":"product_tag","embeddable":true,"href":"https:\/\/acus-tattoo.de\/de\/wp-json\/wp\/v2\/product_tag?post=1017"}],"curies":[{"name":"wp","href":"https:\/\/api.w.org\/{rel}","templated":true}]}}