{"id":11763,"date":"2023-06-26T13:07:04","date_gmt":"2023-06-26T11:07:04","guid":{"rendered":"https:\/\/acus-tattoo.de\/?post_type=product&#038;p=11763"},"modified":"2026-01-09T21:47:06","modified_gmt":"2026-01-09T20:47:06","slug":"m1-grip-heavy","status":"publish","type":"product","link":"https:\/\/acus-tattoo.de\/de\/produkt\/m1-grip-heavy\/","title":{"rendered":"Grip Heavy"},"content":{"rendered":"\t\t<div data-elementor-type=\"product-post\" data-elementor-id=\"11763\" class=\"elementor elementor-11763 elementor-11765\" data-elementor-post-type=\"product\">\n\t\t\t\t\t\t<section class=\"elementor-section elementor-top-section elementor-element elementor-element-5f5191d9 elementor-section-content-middle elementor-section-height-min-height elementor-section-boxed elementor-section-height-default elementor-section-items-middle\" data-id=\"5f5191d9\" data-element_type=\"section\" data-e-type=\"section\">\n\t\t\t\t\t\t<div class=\"elementor-container elementor-column-gap-no\">\n\t\t\t\t\t<div class=\"elementor-column elementor-col-100 elementor-top-column elementor-element elementor-element-2c65c2af\" data-id=\"2c65c2af\" data-element_type=\"column\" data-e-type=\"column\">\n\t\t\t<div class=\"elementor-widget-wrap elementor-element-populated\">\n\t\t\t\t\t\t<div class=\"elementor-element elementor-element-9fa6d4b elementor-cta--valign-top elementor-cta--skin-classic elementor-animated-content elementor-widget elementor-widget-call-to-action\" data-id=\"9fa6d4b\" data-element_type=\"widget\" data-e-type=\"widget\" data-widget_type=\"call-to-action.default\">\n\t\t\t\t<div class=\"elementor-widget-container\">\n\t\t\t\t\t\t\t<div class=\"elementor-cta\">\n\t\t\t\t\t<div class=\"elementor-cta__bg-wrapper\">\n\t\t\t\t<div class=\"elementor-cta__bg elementor-bg\" style=\"background-image: url(https:\/\/acus-tattoo.de\/wp-content\/uploads\/2023\/06\/Wippe-persp-dunkler-scaled.jpg);\" role=\"img\" aria-label=\"Wippe persp dunkler\"><\/div>\n\t\t\t\t<div class=\"elementor-cta__bg-overlay\"><\/div>\n\t\t\t<\/div>\n\t\t\t\t\t\t\t<div class=\"elementor-cta__content\">\n\t\t\t\t\n\t\t\t\t\t\t\t\t\t<h3 class=\"elementor-cta__title elementor-cta__content-item elementor-content-item\">\n\t\t\t\t\t\tGrip Heavy\t\t\t\t\t<\/h3>\n\t\t\t\t\n\t\t\t\t\t\t\t\t\t<div class=\"elementor-cta__description elementor-cta__content-item elementor-content-item\">\n\t\t\t\t\t\t<p>Das Grip Heavy verlagert den Schwerpunkt gegen\u00fcber dem Standard Grip nochmal deutlich weiter nach vorn.<\/p>\n<p>TDas zus\u00e4tzliche Gewicht unterst\u00fctzt dich vor allem beim Lining und Colour Packing.<\/p>\n\t\t\t\t\t<\/div>\n\t\t\t\t\n\t\t\t\t\t\t\t<\/div>\n\t\t\t\t\t\t<\/div>\n\t\t\t\t\t\t<\/div>\n\t\t\t\t<\/div>\n\t\t\t\t<div class=\"elementor-element elementor-element-1e8f2a5 elementor--h-position-center elementor--v-position-middle elementor-arrows-position-inside elementor-pagination-position-inside elementor-widget elementor-widget-slides\" data-id=\"1e8f2a5\" data-element_type=\"widget\" data-e-type=\"widget\" data-settings=\"{&quot;navigation&quot;:&quot;both&quot;,&quot;autoplay&quot;:&quot;yes&quot;,&quot;pause_on_hover&quot;:&quot;yes&quot;,&quot;pause_on_interaction&quot;:&quot;yes&quot;,&quot;autoplay_speed&quot;:5000,&quot;infinite&quot;:&quot;yes&quot;,&quot;transition&quot;:&quot;slide&quot;,&quot;transition_speed&quot;:500}\" data-widget_type=\"slides.default\">\n\t\t\t\t<div class=\"elementor-widget-container\">\n\t\t\t\t\t\t\t\t\t<div class=\"elementor-swiper\">\n\t\t\t\t\t<div class=\"elementor-slides-wrapper elementor-main-swiper swiper\" role=\"region\" aria-roledescription=\"carousel\" aria-label=\"Slider\" dir=\"ltr\" data-animation=\"fadeInUp\">\n\t\t\t\t<div class=\"swiper-wrapper elementor-slides\">\n\t\t\t\t\t\t\t\t\t\t<div class=\"elementor-repeater-item-a482ac9 swiper-slide\" role=\"group\" aria-roledescription=\"slide\"><div class=\"swiper-slide-bg\"><\/div><div class=\"swiper-slide-inner\" ><div class=\"swiper-slide-contents\"><div class=\"elementor-slide-heading\">Lil'B<\/div><div class=\"elementor-slide-description\"><p>\" I like to keep my wrist and hand loose when i line. The extra weight on the grip allows me to do that effortlesslly \"<\/p>\n<\/div><\/div><\/div><\/div><div class=\"elementor-repeater-item-788859d swiper-slide\" role=\"group\" aria-roledescription=\"slide\"><div class=\"swiper-slide-bg\"><\/div><div class=\"swiper-slide-inner\" ><div class=\"swiper-slide-contents\"><div class=\"elementor-slide-heading\">Oliver Ayre<\/div><div class=\"elementor-slide-description\"><p>\" bro, it's heavy! \"<\/p>\n<\/div><\/div><\/div><\/div><div class=\"elementor-repeater-item-da45bfd swiper-slide\" role=\"group\" aria-roledescription=\"slide\"><div class=\"swiper-slide-bg\"><\/div><div class=\"swiper-slide-inner\" ><div class=\"swiper-slide-contents\"><div class=\"elementor-slide-heading\">Alexandra Kodatskaya<\/div><div class=\"elementor-slide-description\"><p>\" Super suitable for lining! <br \/>\nIt stabilizes the machine and gives a safe feeling when pulling lines. \"<\/p>\n<\/div><\/div><\/div><\/div><div class=\"elementor-repeater-item-13564fc swiper-slide\" role=\"group\" aria-roledescription=\"slide\"><div class=\"swiper-slide-bg\"><\/div><div class=\"swiper-slide-inner\" ><div class=\"swiper-slide-contents\"><div class=\"elementor-slide-heading\">Matt Lewis<\/div><div class=\"elementor-slide-description\"><p>\" I was worried about maybe fatigue after a while because of the weight but <br \/>\nit was the complete opposite. <br \/>\nThe machine feels nice and planted in your hand and really stable.<br \/>\nI didn\u2019t have to grip it tight at all which made it more comfortable on my fingers. <br \/>\nIt made the whole process easier. As it pretty much rests in the perfect position while holding it. <\/p>\n<p>People who do big lines and colour packing will absolutely love it. <br \/>\nI imagine combining with the 5mm cam will make people who do Japanese or traditional really appreciate it. \"<\/p>\n<\/div><\/div><\/div><\/div><div class=\"elementor-repeater-item-8df9daa swiper-slide\" role=\"group\" aria-roledescription=\"slide\"><div class=\"swiper-slide-bg\"><\/div><div class=\"swiper-slide-inner\" ><div class=\"swiper-slide-contents\"><div class=\"elementor-slide-heading\">Nick Limpenz<\/div><div class=\"elementor-slide-description\"><p>\" makes packing super easy! \"<\/p>\n<\/div><\/div><\/div><\/div>\t\t\t\t<\/div>\n\t\t\t\t\t\t\t\t\t\t\t\t\t\t\t<div class=\"elementor-swiper-button elementor-swiper-button-prev\" role=\"button\" tabindex=\"0\" aria-label=\"Vorheriger Slide\">\n\t\t\t\t\t\t\t<i aria-hidden=\"true\" class=\"eicon-chevron-left\"><\/i>\t\t\t\t\t\t<\/div>\n\t\t\t\t\t\t<div class=\"elementor-swiper-button elementor-swiper-button-next\" role=\"button\" tabindex=\"0\" aria-label=\"N\u00e4chster Slide\">\n\t\t\t\t\t\t\t<i aria-hidden=\"true\" class=\"eicon-chevron-right\"><\/i>\t\t\t\t\t\t<\/div>\n\t\t\t\t\t\t\t\t\t\t\t\t\t\t\t\t<div class=\"swiper-pagination\"><\/div>\n\t\t\t\t\t\t\t\t\t\t\t\t<\/div>\n\t\t\t\t<\/div>\n\t\t\t\t\t\t\t\t<\/div>\n\t\t\t\t<\/div>\n\t\t\t\t\t<\/div>\n\t\t<\/div>\n\t\t\t\t\t<\/div>\n\t\t<\/section>\n\t\t\t\t<section class=\"elementor-section elementor-top-section elementor-element elementor-element-dc1dccd elementor-section-content-middle elementor-section-boxed elementor-section-height-default elementor-section-height-default\" data-id=\"dc1dccd\" data-element_type=\"section\" data-e-type=\"section\">\n\t\t\t\t\t\t<div class=\"elementor-container elementor-column-gap-no\">\n\t\t\t\t\t<div class=\"elementor-column elementor-col-100 elementor-top-column elementor-element elementor-element-f28d6ec\" data-id=\"f28d6ec\" data-element_type=\"column\" data-e-type=\"column\">\n\t\t\t<div class=\"elementor-widget-wrap\">\n\t\t\t\t\t\t\t<\/div>\n\t\t<\/div>\n\t\t\t\t\t<\/div>\n\t\t<\/section>\n\t\t\t\t<section class=\"elementor-section elementor-top-section elementor-element elementor-element-90169e5 elementor-section-boxed elementor-section-height-default elementor-section-height-default\" data-id=\"90169e5\" data-element_type=\"section\" data-e-type=\"section\">\n\t\t\t\t\t\t<div class=\"elementor-container elementor-column-gap-default\">\n\t\t\t\t\t<div class=\"elementor-column elementor-col-100 elementor-top-column elementor-element elementor-element-45a5c62\" data-id=\"45a5c62\" data-element_type=\"column\" data-e-type=\"column\">\n\t\t\t<div class=\"elementor-widget-wrap elementor-element-populated\">\n\t\t\t\t\t\t<div class=\"elementor-element elementor-element-1c0407b elementor-widget elementor-widget-text-editor\" data-id=\"1c0407b\" data-element_type=\"widget\" data-e-type=\"widget\" data-widget_type=\"text-editor.default\">\n\t\t\t\t<div class=\"elementor-widget-container\">\n\t\t\t\t\t\t\t\t\t<p><span style=\"color: #000000;\">\u00a0<\/span><\/p>\r\n<p><span style=\"color: #000000;\">Hier kannst du sehen, mit welchen ACUS-T\u00e4towiermaschinen das Produkt kompatibel ist.\u200b<\/span><\/p>\r\n\t\t\t\t\t\t\t\t<\/div>\n\t\t\t\t<\/div>\n\t\t\t\t<div class=\"elementor-element elementor-element-b93d2e3 elementor-widget elementor-widget-shortcode\" data-id=\"b93d2e3\" data-element_type=\"widget\" data-e-type=\"widget\" data-widget_type=\"shortcode.default\">\n\t\t\t\t<div class=\"elementor-widget-container\">\n\t\t\t\t\t\t\t<div class=\"elementor-shortcode\">\n<table id=\"tablepress-1\" class=\"tablepress tablepress-id-1 main-compatibility-class\">\n<thead>\n<tr class=\"row-1\">\n\t<th class=\"column-1\">Picture<\/th><th class=\"column-2\">Part<\/th><th class=\"column-3\">M1<\/th><th class=\"column-4\">M1 <br \/>\nM1 Plus<br \/>\nM1 Ayre<\/th><th class=\"column-5\">M1 Ayre<\/th><th class=\"column-6\">C2<\/th><th class=\"column-7\">M2 | M2 xtd<\/th>\n<\/tr>\n<\/thead>\n<tbody class=\"row-striping row-hover\">\n<tr class=\"row-2\">\n\t<td class=\"column-1\"><img decoding=\"async\" src=\"https:\/\/acus-tattoo.de\/wp-content\/uploads\/2023\/06\/grip-heavy-iso-300x300.jpg\" alt=\"\" width=\"180\" height=\"180\" class=\"alignnone size-medium wp-image-11769\" style=\"width:120px;height:120px;object-fit:none;\" srcset=\"https:\/\/acus-tattoo.de\/wp-content\/uploads\/2023\/06\/grip-heavy-iso-300x300.jpg 300w, https:\/\/acus-tattoo.de\/wp-content\/uploads\/2023\/06\/grip-heavy-iso-1024x1024.jpg 1024w, https:\/\/acus-tattoo.de\/wp-content\/uploads\/2023\/06\/grip-heavy-iso-150x150.jpg 150w, https:\/\/acus-tattoo.de\/wp-content\/uploads\/2023\/06\/grip-heavy-iso-768x768.jpg 768w, https:\/\/acus-tattoo.de\/wp-content\/uploads\/2023\/06\/grip-heavy-iso-1536x1536.jpg 1536w, https:\/\/acus-tattoo.de\/wp-content\/uploads\/2023\/06\/grip-heavy-iso-600x600.jpg 600w, https:\/\/acus-tattoo.de\/wp-content\/uploads\/2023\/06\/grip-heavy-iso-100x100.jpg 100w, https:\/\/acus-tattoo.de\/wp-content\/uploads\/2023\/06\/grip-heavy-iso.jpg 1800w\" sizes=\"(max-width: 180px) 100vw, 180px\" \/><\/td><td class=\"column-2\"><a href=\"https:\/\/acus-tattoo.de\/product\/m1-grip-heavy\/\" target=\"_blank\">Grip Heavy<\/a><\/td><td class=\"column-3\"><span class=\"doublecheck\">&check;&check;<\/span><\/td><td class=\"column-4\"><span class=\"doublecheck\">&check;&check;<\/span><\/td><td class=\"column-5\"><span class=\"doublecheck\">&check;&check;<\/span><\/td><td class=\"column-6\"><span class=\"singlecheck\">&check;<\/span><\/td><td class=\"column-7\"><span class=\"singlecheck\">&check;<\/span><\/td>\n<\/tr>\n<\/tbody>\n<\/table>\n<!-- #tablepress-1 from cache --><\/div>\n\t\t\t\t\t\t<\/div>\n\t\t\t\t<\/div>\n\t\t\t\t\t<\/div>\n\t\t<\/div>\n\t\t\t\t\t<\/div>\n\t\t<\/section>\n\t\t\t\t<\/div>\n\t\t","protected":false},"excerpt":{"rendered":"<h6><span style=\"color: #000000;\" data-darkreader-inline-color=\"\">Gr\u00f6\u00dfe: \u230033 mm<br \/>\nGewicht: 107 g<br \/>\n<\/span>Farbe: schwarz<\/h6>\n<h6><span style=\"color: #000000;\" data-darkreader-inline-color=\"\">Extra schwerer Grip aus Edelstahl. CNC gefr\u00e4st und oberfl\u00e4chenveredelt.<\/span><\/h6>\n<h5>Kompatibel mit allen Standard-Nadelmodulen, wie:<br \/>\nDa Vinci, Kwadron, Cheyenne, &#8230;<\/h5>\n<h5>HINWEIS: Bitte beachte, dass f\u00fcr Bestellungen aus nicht EU L\u00e4ndern Steuern bei der Einfuhr anfallen k\u00f6nnen. Die H\u00f6he richtet sich nach dem Mehrwertsteuersatz deines Landes.<\/h5>\n","protected":false},"featured_media":11785,"template":"","meta":{"neve_meta_sidebar":"","neve_meta_container":"","neve_meta_enable_content_width":"off","neve_meta_content_width":100,"neve_meta_title_alignment":"","neve_meta_author_avatar":"","neve_post_elements_order":"","neve_meta_disable_header":"","neve_meta_disable_footer":"","neve_meta_disable_title":"","neve_meta_reading_time":""},"product_brand":[],"product_cat":[35],"product_tag":[],"class_list":{"0":"post-11763","1":"product","2":"type-product","3":"status-publish","4":"has-post-thumbnail","6":"product_cat-zubehoer","7":"product_shipping_class-warenpost","9":"first","10":"instock","11":"taxable","12":"shipping-taxable","13":"purchasable","14":"product-type-simple"},"yoast_head":"<!-- This site is optimized with the Yoast SEO plugin v27.2 - https:\/\/yoast.com\/product\/yoast-seo-wordpress\/ -->\n<title>Grip Heavy - acus tattoo machines<\/title>\n<meta name=\"robots\" content=\"index, follow, max-snippet:-1, max-image-preview:large, max-video-preview:-1\" \/>\n<link rel=\"canonical\" href=\"https:\/\/acus-tattoo.de\/de\/produkt\/m1-grip-heavy\/\" \/>\n<meta property=\"og:locale\" content=\"de_DE\" \/>\n<meta property=\"og:type\" content=\"article\" \/>\n<meta property=\"og:title\" content=\"Grip Heavy - acus tattoo machines\" \/>\n<meta property=\"og:description\" content=\"Gr\u00f6\u00dfe: \u230033 mm Gewicht: 107 g Farbe: schwarz Extra schwerer Grip aus Edelstahl. CNC gefr\u00e4st und oberfl\u00e4chenveredelt. Kompatibel mit allen Standard-Nadelmodulen, wie: Da Vinci, Kwadron, Cheyenne, ... HINWEIS: Bitte beachte, dass f\u00fcr Bestellungen aus nicht EU L\u00e4ndern Steuern bei der Einfuhr anfallen k\u00f6nnen. Die H\u00f6he richtet sich nach dem Mehrwertsteuersatz deines Landes.\" \/>\n<meta property=\"og:url\" content=\"https:\/\/acus-tattoo.de\/de\/produkt\/m1-grip-heavy\/\" \/>\n<meta property=\"og:site_name\" content=\"acus tattoo machines\" \/>\n<meta property=\"article:modified_time\" content=\"2026-01-09T20:47:06+00:00\" \/>\n<meta property=\"og:image\" content=\"https:\/\/acus-tattoo.de\/wp-content\/uploads\/2023\/06\/grip-heavy-iso-1.jpg\" \/>\n\t<meta property=\"og:image:width\" content=\"1800\" \/>\n\t<meta property=\"og:image:height\" content=\"1800\" \/>\n\t<meta property=\"og:image:type\" content=\"image\/jpeg\" \/>\n<meta name=\"twitter:card\" content=\"summary_large_image\" \/>\n<script type=\"application\/ld+json\" class=\"yoast-schema-graph\">{\"@context\":\"https:\/\/schema.org\",\"@graph\":[{\"@type\":\"WebPage\",\"@id\":\"https:\/\/acus-tattoo.de\/de\/produkt\/m1-grip-heavy\/\",\"url\":\"https:\/\/acus-tattoo.de\/de\/produkt\/m1-grip-heavy\/\",\"name\":\"Grip Heavy - acus tattoo machines\",\"isPartOf\":{\"@id\":\"https:\/\/acus-tattoo.de\/de\/#website\"},\"primaryImageOfPage\":{\"@id\":\"https:\/\/acus-tattoo.de\/de\/produkt\/m1-grip-heavy\/#primaryimage\"},\"image\":{\"@id\":\"https:\/\/acus-tattoo.de\/de\/produkt\/m1-grip-heavy\/#primaryimage\"},\"thumbnailUrl\":\"https:\/\/acus-tattoo.de\/wp-content\/uploads\/2023\/06\/grip-heavy-iso-1.jpg\",\"datePublished\":\"2023-06-26T11:07:04+00:00\",\"dateModified\":\"2026-01-09T20:47:06+00:00\",\"breadcrumb\":{\"@id\":\"https:\/\/acus-tattoo.de\/de\/produkt\/m1-grip-heavy\/#breadcrumb\"},\"inLanguage\":\"de\",\"potentialAction\":[{\"@type\":\"ReadAction\",\"target\":[\"https:\/\/acus-tattoo.de\/de\/produkt\/m1-grip-heavy\/\"]}]},{\"@type\":\"ImageObject\",\"inLanguage\":\"de\",\"@id\":\"https:\/\/acus-tattoo.de\/de\/produkt\/m1-grip-heavy\/#primaryimage\",\"url\":\"https:\/\/acus-tattoo.de\/wp-content\/uploads\/2023\/06\/grip-heavy-iso-1.jpg\",\"contentUrl\":\"https:\/\/acus-tattoo.de\/wp-content\/uploads\/2023\/06\/grip-heavy-iso-1.jpg\",\"width\":1800,\"height\":1800},{\"@type\":\"BreadcrumbList\",\"@id\":\"https:\/\/acus-tattoo.de\/de\/produkt\/m1-grip-heavy\/#breadcrumb\",\"itemListElement\":[{\"@type\":\"ListItem\",\"position\":1,\"name\":\"Home\",\"item\":\"https:\/\/acus-tattoo.de\/de\/\"},{\"@type\":\"ListItem\",\"position\":2,\"name\":\"Shop\",\"item\":\"https:\/\/acus-tattoo.de\/shop\/\"},{\"@type\":\"ListItem\",\"position\":3,\"name\":\"Grip Heavy\"}]},{\"@type\":\"WebSite\",\"@id\":\"https:\/\/acus-tattoo.de\/de\/#website\",\"url\":\"https:\/\/acus-tattoo.de\/de\/\",\"name\":\"acus tattoo machines\",\"description\":\"high quality tattoo machines from Germany\",\"potentialAction\":[{\"@type\":\"SearchAction\",\"target\":{\"@type\":\"EntryPoint\",\"urlTemplate\":\"https:\/\/acus-tattoo.de\/de\/?s={search_term_string}\"},\"query-input\":{\"@type\":\"PropertyValueSpecification\",\"valueRequired\":true,\"valueName\":\"search_term_string\"}}],\"inLanguage\":\"de\"}]}<\/script>\n<!-- \/ Yoast SEO plugin. -->","yoast_head_json":{"title":"Grip Heavy - acus tattoo machines","robots":{"index":"index","follow":"follow","max-snippet":"max-snippet:-1","max-image-preview":"max-image-preview:large","max-video-preview":"max-video-preview:-1"},"canonical":"https:\/\/acus-tattoo.de\/de\/produkt\/m1-grip-heavy\/","og_locale":"de_DE","og_type":"article","og_title":"Grip Heavy - acus tattoo machines","og_description":"Gr\u00f6\u00dfe: \u230033 mm Gewicht: 107 g Farbe: schwarz Extra schwerer Grip aus Edelstahl. CNC gefr\u00e4st und oberfl\u00e4chenveredelt. Kompatibel mit allen Standard-Nadelmodulen, wie: Da Vinci, Kwadron, Cheyenne, ... HINWEIS: Bitte beachte, dass f\u00fcr Bestellungen aus nicht EU L\u00e4ndern Steuern bei der Einfuhr anfallen k\u00f6nnen. Die H\u00f6he richtet sich nach dem Mehrwertsteuersatz deines Landes.","og_url":"https:\/\/acus-tattoo.de\/de\/produkt\/m1-grip-heavy\/","og_site_name":"acus tattoo machines","article_modified_time":"2026-01-09T20:47:06+00:00","og_image":[{"width":1800,"height":1800,"url":"https:\/\/acus-tattoo.de\/wp-content\/uploads\/2023\/06\/grip-heavy-iso-1.jpg","type":"image\/jpeg"}],"twitter_card":"summary_large_image","schema":{"@context":"https:\/\/schema.org","@graph":[{"@type":"WebPage","@id":"https:\/\/acus-tattoo.de\/de\/produkt\/m1-grip-heavy\/","url":"https:\/\/acus-tattoo.de\/de\/produkt\/m1-grip-heavy\/","name":"Grip Heavy - acus tattoo machines","isPartOf":{"@id":"https:\/\/acus-tattoo.de\/de\/#website"},"primaryImageOfPage":{"@id":"https:\/\/acus-tattoo.de\/de\/produkt\/m1-grip-heavy\/#primaryimage"},"image":{"@id":"https:\/\/acus-tattoo.de\/de\/produkt\/m1-grip-heavy\/#primaryimage"},"thumbnailUrl":"https:\/\/acus-tattoo.de\/wp-content\/uploads\/2023\/06\/grip-heavy-iso-1.jpg","datePublished":"2023-06-26T11:07:04+00:00","dateModified":"2026-01-09T20:47:06+00:00","breadcrumb":{"@id":"https:\/\/acus-tattoo.de\/de\/produkt\/m1-grip-heavy\/#breadcrumb"},"inLanguage":"de","potentialAction":[{"@type":"ReadAction","target":["https:\/\/acus-tattoo.de\/de\/produkt\/m1-grip-heavy\/"]}]},{"@type":"ImageObject","inLanguage":"de","@id":"https:\/\/acus-tattoo.de\/de\/produkt\/m1-grip-heavy\/#primaryimage","url":"https:\/\/acus-tattoo.de\/wp-content\/uploads\/2023\/06\/grip-heavy-iso-1.jpg","contentUrl":"https:\/\/acus-tattoo.de\/wp-content\/uploads\/2023\/06\/grip-heavy-iso-1.jpg","width":1800,"height":1800},{"@type":"BreadcrumbList","@id":"https:\/\/acus-tattoo.de\/de\/produkt\/m1-grip-heavy\/#breadcrumb","itemListElement":[{"@type":"ListItem","position":1,"name":"Home","item":"https:\/\/acus-tattoo.de\/de\/"},{"@type":"ListItem","position":2,"name":"Shop","item":"https:\/\/acus-tattoo.de\/shop\/"},{"@type":"ListItem","position":3,"name":"Grip Heavy"}]},{"@type":"WebSite","@id":"https:\/\/acus-tattoo.de\/de\/#website","url":"https:\/\/acus-tattoo.de\/de\/","name":"acus tattoo machines","description":"high quality tattoo machines from Germany","potentialAction":[{"@type":"SearchAction","target":{"@type":"EntryPoint","urlTemplate":"https:\/\/acus-tattoo.de\/de\/?s={search_term_string}"},"query-input":{"@type":"PropertyValueSpecification","valueRequired":true,"valueName":"search_term_string"}}],"inLanguage":"de"}]}},"_links":{"self":[{"href":"https:\/\/acus-tattoo.de\/de\/wp-json\/wp\/v2\/product\/11763","targetHints":{"allow":["GET"]}}],"collection":[{"href":"https:\/\/acus-tattoo.de\/de\/wp-json\/wp\/v2\/product"}],"about":[{"href":"https:\/\/acus-tattoo.de\/de\/wp-json\/wp\/v2\/types\/product"}],"version-history":[{"count":112,"href":"https:\/\/acus-tattoo.de\/de\/wp-json\/wp\/v2\/product\/11763\/revisions"}],"predecessor-version":[{"id":25788,"href":"https:\/\/acus-tattoo.de\/de\/wp-json\/wp\/v2\/product\/11763\/revisions\/25788"}],"wp:featuredmedia":[{"embeddable":true,"href":"https:\/\/acus-tattoo.de\/de\/wp-json\/wp\/v2\/media\/11785"}],"wp:attachment":[{"href":"https:\/\/acus-tattoo.de\/de\/wp-json\/wp\/v2\/media?parent=11763"}],"wp:term":[{"taxonomy":"product_brand","embeddable":true,"href":"https:\/\/acus-tattoo.de\/de\/wp-json\/wp\/v2\/product_brand?post=11763"},{"taxonomy":"product_cat","embeddable":true,"href":"https:\/\/acus-tattoo.de\/de\/wp-json\/wp\/v2\/product_cat?post=11763"},{"taxonomy":"product_tag","embeddable":true,"href":"https:\/\/acus-tattoo.de\/de\/wp-json\/wp\/v2\/product_tag?post=11763"}],"curies":[{"name":"wp","href":"https:\/\/api.w.org\/{rel}","templated":true}]}}