{"id":14783,"date":"2024-09-27T12:03:33","date_gmt":"2024-09-27T10:03:33","guid":{"rendered":"https:\/\/acus-tattoo.de\/?post_type=product&#038;p=14783"},"modified":"2025-08-12T12:37:10","modified_gmt":"2025-08-12T10:37:10","slug":"m1-case","status":"publish","type":"product","link":"https:\/\/acus-tattoo.de\/de\/produkt\/m1-case\/","title":{"rendered":"M1 Case"},"content":{"rendered":"\t\t<div data-elementor-type=\"product-post\" data-elementor-id=\"14783\" class=\"elementor elementor-14783 elementor-14811\" data-elementor-post-type=\"product\">\n\t\t\t\t\t\t<section class=\"elementor-section elementor-top-section elementor-element elementor-element-5f5191d9 elementor-section-content-middle elementor-section-height-min-height elementor-section-boxed elementor-section-height-default elementor-section-items-middle\" data-id=\"5f5191d9\" data-element_type=\"section\" data-e-type=\"section\">\n\t\t\t\t\t\t<div class=\"elementor-container elementor-column-gap-no\">\n\t\t\t\t\t<div class=\"elementor-column elementor-col-100 elementor-top-column elementor-element elementor-element-2c65c2af\" data-id=\"2c65c2af\" data-element_type=\"column\" data-e-type=\"column\">\n\t\t\t<div class=\"elementor-widget-wrap elementor-element-populated\">\n\t\t\t\t\t\t<div class=\"elementor-element elementor-element-9fa6d4b elementor-cta--valign-top elementor-cta--skin-classic elementor-animated-content elementor-widget elementor-widget-call-to-action\" data-id=\"9fa6d4b\" data-element_type=\"widget\" data-e-type=\"widget\" data-widget_type=\"call-to-action.default\">\n\t\t\t\t<div class=\"elementor-widget-container\">\n\t\t\t\t\t\t\t<div class=\"elementor-cta\">\n\t\t\t\t\t<div class=\"elementor-cta__bg-wrapper\">\n\t\t\t\t<div class=\"elementor-cta__bg elementor-bg\" style=\"background-image: url(https:\/\/acus-tattoo.de\/wp-content\/uploads\/2023\/01\/Case-M1P-scaled.jpg);\" role=\"img\" aria-label=\"Case M1P\"><\/div>\n\t\t\t\t<div class=\"elementor-cta__bg-overlay\"><\/div>\n\t\t\t<\/div>\n\t\t\t\t\t\t\t<div class=\"elementor-cta__content\">\n\t\t\t\t\n\t\t\t\t\t\t\t\t\t<h3 class=\"elementor-cta__title elementor-cta__content-item elementor-content-item\">\n\t\t\t\t\t\tM1 Case\t\t\t\t\t<\/h3>\n\t\t\t\t\n\t\t\t\t\t\t\t\t\t<div class=\"elementor-cta__description elementor-cta__content-item elementor-content-item\">\n\t\t\t\t\t\t<p>Speziell ausgelegt f\u00fcr deine M1 und Zubeh\u00f6r wie Strokes, Batterien, Werkzeuge und Zubeh\u00f6r.<\/p>\n\t\t\t\t\t<\/div>\n\t\t\t\t\n\t\t\t\t\t\t\t<\/div>\n\t\t\t\t\t\t<\/div>\n\t\t\t\t\t\t<\/div>\n\t\t\t\t<\/div>\n\t\t\t\t\t<\/div>\n\t\t<\/div>\n\t\t\t\t\t<\/div>\n\t\t<\/section>\n\t\t\t\t<section class=\"elementor-section elementor-top-section elementor-element elementor-element-dc1dccd elementor-section-content-middle elementor-section-boxed elementor-section-height-default elementor-section-height-default\" data-id=\"dc1dccd\" data-element_type=\"section\" data-e-type=\"section\">\n\t\t\t\t\t\t<div class=\"elementor-container elementor-column-gap-no\">\n\t\t\t\t\t<div class=\"elementor-column elementor-col-100 elementor-top-column elementor-element elementor-element-f28d6ec\" data-id=\"f28d6ec\" data-element_type=\"column\" data-e-type=\"column\">\n\t\t\t<div class=\"elementor-widget-wrap\">\n\t\t\t\t\t\t\t<\/div>\n\t\t<\/div>\n\t\t\t\t\t<\/div>\n\t\t<\/section>\n\t\t\t\t<\/div>\n\t\t","protected":false},"excerpt":{"rendered":"<h6>M1 Case<\/h6>\n<p>platz f\u00fcr:<\/p>\n<ul>\n<li>1 Maschine<\/li>\n<li>2 Grips<\/li>\n<li>4 Strokes<\/li>\n<li>4 Akkus<\/li>\n<li>1 Tool<\/li>\n<li>und viel Platz hinter dem Netz f\u00fcr Ladeger\u00e4t oder Zubeh\u00f6r.<\/li>\n<\/ul>\n<p>Ma\u00dfe: 17 x 17 x 6,5 cm<\/p>\n<h5>HINWEIS: Bitte beachte, dass f\u00fcr Bestellungen aus nicht EU L\u00e4ndern Steuern bei der Einfuhr anfallen k\u00f6nnen. Die H\u00f6he richtet sich nach dem Mehrwertsteuersatz deines Landes.<\/h5>\n","protected":false},"featured_media":14787,"template":"","meta":{"neve_meta_sidebar":"","neve_meta_container":"","neve_meta_enable_content_width":"off","neve_meta_content_width":100,"neve_meta_title_alignment":"","neve_meta_author_avatar":"","neve_post_elements_order":"","neve_meta_disable_header":"","neve_meta_disable_footer":"","neve_meta_disable_title":"","neve_meta_reading_time":""},"product_brand":[],"product_cat":[35],"product_tag":[],"class_list":{"0":"post-14783","1":"product","2":"type-product","3":"status-publish","4":"has-post-thumbnail","6":"product_cat-zubehoer","7":"product_shipping_class-paket-ohne-liba","9":"first","10":"instock","11":"taxable","12":"shipping-taxable","13":"purchasable","14":"product-type-simple"},"yoast_head":"<!-- This site is optimized with the Yoast SEO plugin v27.2 - https:\/\/yoast.com\/product\/yoast-seo-wordpress\/ -->\n<title>M1 Case - acus tattoo machines<\/title>\n<meta name=\"robots\" content=\"index, follow, max-snippet:-1, max-image-preview:large, max-video-preview:-1\" \/>\n<link rel=\"canonical\" href=\"https:\/\/acus-tattoo.de\/de\/produkt\/m1-case\/\" \/>\n<meta property=\"og:locale\" content=\"de_DE\" \/>\n<meta property=\"og:type\" content=\"article\" \/>\n<meta property=\"og:title\" content=\"M1 Case - acus tattoo machines\" \/>\n<meta property=\"og:description\" content=\"M1 Case platz f\u00fcr:   1 Maschine  2 Grips  4 Strokes  4 Akkus  1 Tool  und viel Platz hinter dem Netz f\u00fcr Ladeger\u00e4t oder Zubeh\u00f6r.  Ma\u00dfe: 17 x 17 x 6,5 cm HINWEIS: Bitte beachte, dass f\u00fcr Bestellungen aus nicht EU L\u00e4ndern Steuern bei der Einfuhr anfallen k\u00f6nnen. Die H\u00f6he richtet sich nach dem Mehrwertsteuersatz deines Landes.\" \/>\n<meta property=\"og:url\" content=\"https:\/\/acus-tattoo.de\/de\/produkt\/m1-case\/\" \/>\n<meta property=\"og:site_name\" content=\"acus tattoo machines\" \/>\n<meta property=\"article:modified_time\" content=\"2025-08-12T10:37:10+00:00\" \/>\n<meta property=\"og:image\" content=\"https:\/\/acus-tattoo.de\/wp-content\/uploads\/2024\/09\/IMG_1161-scaled.jpg\" \/>\n\t<meta property=\"og:image:width\" content=\"2560\" \/>\n\t<meta property=\"og:image:height\" content=\"2560\" \/>\n\t<meta property=\"og:image:type\" content=\"image\/jpeg\" \/>\n<meta name=\"twitter:card\" content=\"summary_large_image\" \/>\n<script type=\"application\/ld+json\" class=\"yoast-schema-graph\">{\"@context\":\"https:\/\/schema.org\",\"@graph\":[{\"@type\":\"WebPage\",\"@id\":\"https:\/\/acus-tattoo.de\/de\/produkt\/m1-case\/\",\"url\":\"https:\/\/acus-tattoo.de\/de\/produkt\/m1-case\/\",\"name\":\"M1 Case - acus tattoo machines\",\"isPartOf\":{\"@id\":\"https:\/\/acus-tattoo.de\/de\/#website\"},\"primaryImageOfPage\":{\"@id\":\"https:\/\/acus-tattoo.de\/de\/produkt\/m1-case\/#primaryimage\"},\"image\":{\"@id\":\"https:\/\/acus-tattoo.de\/de\/produkt\/m1-case\/#primaryimage\"},\"thumbnailUrl\":\"https:\/\/acus-tattoo.de\/wp-content\/uploads\/2024\/09\/IMG_1161-scaled.jpg\",\"datePublished\":\"2024-09-27T10:03:33+00:00\",\"dateModified\":\"2025-08-12T10:37:10+00:00\",\"breadcrumb\":{\"@id\":\"https:\/\/acus-tattoo.de\/de\/produkt\/m1-case\/#breadcrumb\"},\"inLanguage\":\"de\",\"potentialAction\":[{\"@type\":\"ReadAction\",\"target\":[\"https:\/\/acus-tattoo.de\/de\/produkt\/m1-case\/\"]}]},{\"@type\":\"ImageObject\",\"inLanguage\":\"de\",\"@id\":\"https:\/\/acus-tattoo.de\/de\/produkt\/m1-case\/#primaryimage\",\"url\":\"https:\/\/acus-tattoo.de\/wp-content\/uploads\/2024\/09\/IMG_1161-scaled.jpg\",\"contentUrl\":\"https:\/\/acus-tattoo.de\/wp-content\/uploads\/2024\/09\/IMG_1161-scaled.jpg\",\"width\":2560,\"height\":2560},{\"@type\":\"BreadcrumbList\",\"@id\":\"https:\/\/acus-tattoo.de\/de\/produkt\/m1-case\/#breadcrumb\",\"itemListElement\":[{\"@type\":\"ListItem\",\"position\":1,\"name\":\"Home\",\"item\":\"https:\/\/acus-tattoo.de\/de\/\"},{\"@type\":\"ListItem\",\"position\":2,\"name\":\"Shop\",\"item\":\"https:\/\/acus-tattoo.de\/shop\/\"},{\"@type\":\"ListItem\",\"position\":3,\"name\":\"M1 Case\"}]},{\"@type\":\"WebSite\",\"@id\":\"https:\/\/acus-tattoo.de\/de\/#website\",\"url\":\"https:\/\/acus-tattoo.de\/de\/\",\"name\":\"acus tattoo machines\",\"description\":\"high quality tattoo machines from Germany\",\"potentialAction\":[{\"@type\":\"SearchAction\",\"target\":{\"@type\":\"EntryPoint\",\"urlTemplate\":\"https:\/\/acus-tattoo.de\/de\/?s={search_term_string}\"},\"query-input\":{\"@type\":\"PropertyValueSpecification\",\"valueRequired\":true,\"valueName\":\"search_term_string\"}}],\"inLanguage\":\"de\"}]}<\/script>\n<!-- \/ Yoast SEO plugin. -->","yoast_head_json":{"title":"M1 Case - acus tattoo machines","robots":{"index":"index","follow":"follow","max-snippet":"max-snippet:-1","max-image-preview":"max-image-preview:large","max-video-preview":"max-video-preview:-1"},"canonical":"https:\/\/acus-tattoo.de\/de\/produkt\/m1-case\/","og_locale":"de_DE","og_type":"article","og_title":"M1 Case - acus tattoo machines","og_description":"M1 Case platz f\u00fcr:   1 Maschine  2 Grips  4 Strokes  4 Akkus  1 Tool  und viel Platz hinter dem Netz f\u00fcr Ladeger\u00e4t oder Zubeh\u00f6r.  Ma\u00dfe: 17 x 17 x 6,5 cm HINWEIS: Bitte beachte, dass f\u00fcr Bestellungen aus nicht EU L\u00e4ndern Steuern bei der Einfuhr anfallen k\u00f6nnen. Die H\u00f6he richtet sich nach dem Mehrwertsteuersatz deines Landes.","og_url":"https:\/\/acus-tattoo.de\/de\/produkt\/m1-case\/","og_site_name":"acus tattoo machines","article_modified_time":"2025-08-12T10:37:10+00:00","og_image":[{"width":2560,"height":2560,"url":"https:\/\/acus-tattoo.de\/wp-content\/uploads\/2024\/09\/IMG_1161-scaled.jpg","type":"image\/jpeg"}],"twitter_card":"summary_large_image","schema":{"@context":"https:\/\/schema.org","@graph":[{"@type":"WebPage","@id":"https:\/\/acus-tattoo.de\/de\/produkt\/m1-case\/","url":"https:\/\/acus-tattoo.de\/de\/produkt\/m1-case\/","name":"M1 Case - acus tattoo machines","isPartOf":{"@id":"https:\/\/acus-tattoo.de\/de\/#website"},"primaryImageOfPage":{"@id":"https:\/\/acus-tattoo.de\/de\/produkt\/m1-case\/#primaryimage"},"image":{"@id":"https:\/\/acus-tattoo.de\/de\/produkt\/m1-case\/#primaryimage"},"thumbnailUrl":"https:\/\/acus-tattoo.de\/wp-content\/uploads\/2024\/09\/IMG_1161-scaled.jpg","datePublished":"2024-09-27T10:03:33+00:00","dateModified":"2025-08-12T10:37:10+00:00","breadcrumb":{"@id":"https:\/\/acus-tattoo.de\/de\/produkt\/m1-case\/#breadcrumb"},"inLanguage":"de","potentialAction":[{"@type":"ReadAction","target":["https:\/\/acus-tattoo.de\/de\/produkt\/m1-case\/"]}]},{"@type":"ImageObject","inLanguage":"de","@id":"https:\/\/acus-tattoo.de\/de\/produkt\/m1-case\/#primaryimage","url":"https:\/\/acus-tattoo.de\/wp-content\/uploads\/2024\/09\/IMG_1161-scaled.jpg","contentUrl":"https:\/\/acus-tattoo.de\/wp-content\/uploads\/2024\/09\/IMG_1161-scaled.jpg","width":2560,"height":2560},{"@type":"BreadcrumbList","@id":"https:\/\/acus-tattoo.de\/de\/produkt\/m1-case\/#breadcrumb","itemListElement":[{"@type":"ListItem","position":1,"name":"Home","item":"https:\/\/acus-tattoo.de\/de\/"},{"@type":"ListItem","position":2,"name":"Shop","item":"https:\/\/acus-tattoo.de\/shop\/"},{"@type":"ListItem","position":3,"name":"M1 Case"}]},{"@type":"WebSite","@id":"https:\/\/acus-tattoo.de\/de\/#website","url":"https:\/\/acus-tattoo.de\/de\/","name":"acus tattoo machines","description":"high quality tattoo machines from Germany","potentialAction":[{"@type":"SearchAction","target":{"@type":"EntryPoint","urlTemplate":"https:\/\/acus-tattoo.de\/de\/?s={search_term_string}"},"query-input":{"@type":"PropertyValueSpecification","valueRequired":true,"valueName":"search_term_string"}}],"inLanguage":"de"}]}},"_links":{"self":[{"href":"https:\/\/acus-tattoo.de\/de\/wp-json\/wp\/v2\/product\/14783","targetHints":{"allow":["GET"]}}],"collection":[{"href":"https:\/\/acus-tattoo.de\/de\/wp-json\/wp\/v2\/product"}],"about":[{"href":"https:\/\/acus-tattoo.de\/de\/wp-json\/wp\/v2\/types\/product"}],"version-history":[{"count":28,"href":"https:\/\/acus-tattoo.de\/de\/wp-json\/wp\/v2\/product\/14783\/revisions"}],"predecessor-version":[{"id":25800,"href":"https:\/\/acus-tattoo.de\/de\/wp-json\/wp\/v2\/product\/14783\/revisions\/25800"}],"wp:featuredmedia":[{"embeddable":true,"href":"https:\/\/acus-tattoo.de\/de\/wp-json\/wp\/v2\/media\/14787"}],"wp:attachment":[{"href":"https:\/\/acus-tattoo.de\/de\/wp-json\/wp\/v2\/media?parent=14783"}],"wp:term":[{"taxonomy":"product_brand","embeddable":true,"href":"https:\/\/acus-tattoo.de\/de\/wp-json\/wp\/v2\/product_brand?post=14783"},{"taxonomy":"product_cat","embeddable":true,"href":"https:\/\/acus-tattoo.de\/de\/wp-json\/wp\/v2\/product_cat?post=14783"},{"taxonomy":"product_tag","embeddable":true,"href":"https:\/\/acus-tattoo.de\/de\/wp-json\/wp\/v2\/product_tag?post=14783"}],"curies":[{"name":"wp","href":"https:\/\/api.w.org\/{rel}","templated":true}]}}