{"id":15094,"date":"2024-11-03T16:48:07","date_gmt":"2024-11-03T15:48:07","guid":{"rendered":"https:\/\/acus-tattoo.de\/?post_type=product&#038;p=15094"},"modified":"2026-04-03T19:04:41","modified_gmt":"2026-04-03T17:04:41","slug":"stroke-super-heavy","status":"publish","type":"product","link":"https:\/\/acus-tattoo.de\/de\/produkt\/stroke-super-heavy\/","title":{"rendered":"Stroke Super Heavy"},"content":{"rendered":"\t\t<div data-elementor-type=\"product-post\" data-elementor-id=\"15094\" class=\"elementor elementor-15094 elementor-15742\" data-elementor-post-type=\"product\">\n\t\t\t\t\t\t<section class=\"elementor-section elementor-top-section elementor-element elementor-element-5f5191d9 elementor-section-stretched elementor-section-boxed elementor-section-height-default elementor-section-height-default\" data-id=\"5f5191d9\" data-element_type=\"section\" data-e-type=\"section\" data-settings=\"{&quot;stretch_section&quot;:&quot;section-stretched&quot;}\">\n\t\t\t\t\t\t<div class=\"elementor-container elementor-column-gap-narrow\">\n\t\t\t\t\t<div class=\"elementor-column elementor-col-100 elementor-top-column elementor-element elementor-element-2c65c2af\" data-id=\"2c65c2af\" data-element_type=\"column\" data-e-type=\"column\">\n\t\t\t<div class=\"elementor-widget-wrap elementor-element-populated\">\n\t\t\t\t\t\t<div class=\"elementor-element elementor-element-9fa6d4b elementor-cta--valign-top elementor-cta--layout-image-above elementor-cta--skin-classic elementor-animated-content elementor-widget elementor-widget-call-to-action\" data-id=\"9fa6d4b\" data-element_type=\"widget\" data-e-type=\"widget\" data-widget_type=\"call-to-action.default\">\n\t\t\t\t<div class=\"elementor-widget-container\">\n\t\t\t\t\t\t\t<div class=\"elementor-cta\">\n\t\t\t\t\t\t\t<div class=\"elementor-cta__content\">\n\t\t\t\t\n\t\t\t\t\t\t\t\t\t<h3 class=\"elementor-cta__title elementor-cta__content-item elementor-content-item\">\n\t\t\t\t\t\tSuper Heavy Strokes \u2013 Die Kraft der Oldschool f\u00fcr die K\u00fcnstler von heute\t\t\t\t\t<\/h3>\n\t\t\t\t\n\t\t\t\t\t\t\t\t\t<div class=\"elementor-cta__description elementor-cta__content-item elementor-content-item\">\n\t\t\t\t\t\t<p>Entfessle den puren Punch und die ungeb\u00e4ndigte Kraft klassischer Maschinen mit den Super Heavy Strokes \u2013 entwickelt f\u00fcr die Artists der alten Schule, die den kompromisslosen Hit und die rohe Intensit\u00e4t einer Spulenmaschine vermissen.<\/p>\n<p>Die \"Super Heavy Strokes\" verbinden authentische Oldschool-Rauheit mit modernster Technik, die dich niemals im Stich l\u00e4sst. Hol dir den Kick einer Spulenmaschine zur\u00fcck in deine Maschine und erlebe eine neue Dimension von Kontrolle und Intensit\u00e4t.<\/p>\n\t\t\t\t\t<\/div>\n\t\t\t\t\n\t\t\t\t\t\t\t<\/div>\n\t\t\t\t\t\t<\/div>\n\t\t\t\t\t\t<\/div>\n\t\t\t\t<\/div>\n\t\t\t\t\t<\/div>\n\t\t<\/div>\n\t\t\t\t\t<\/div>\n\t\t<\/section>\n\t\t\t\t<section class=\"elementor-section elementor-top-section elementor-element elementor-element-60a26f9 elementor-section-full_width elementor-section-content-middle elementor-section-height-default elementor-section-height-default\" data-id=\"60a26f9\" data-element_type=\"section\" data-e-type=\"section\">\n\t\t\t\t\t\t<div class=\"elementor-container elementor-column-gap-no\">\n\t\t\t\t\t<div class=\"elementor-column elementor-col-100 elementor-top-column elementor-element elementor-element-483e2eb\" data-id=\"483e2eb\" data-element_type=\"column\" data-e-type=\"column\">\n\t\t\t<div class=\"elementor-widget-wrap elementor-element-populated\">\n\t\t\t\t\t\t<div class=\"elementor-element elementor-element-d56709f elementor-widget elementor-widget-image\" data-id=\"d56709f\" data-element_type=\"widget\" data-e-type=\"widget\" data-widget_type=\"image.default\">\n\t\t\t\t<div class=\"elementor-widget-container\">\n\t\t\t\t\t\t\t\t\t\t\t\t\t\t\t<img decoding=\"async\" src=\"https:\/\/acus-tattoo.de\/wp-content\/uploads\/2025\/01\/04_Strokes_comparison.png\" title=\"\" alt=\"\" loading=\"lazy\" \/>\t\t\t\t\t\t\t\t\t\t\t\t\t\t\t<\/div>\n\t\t\t\t<\/div>\n\t\t\t\t\t<\/div>\n\t\t<\/div>\n\t\t\t\t\t<\/div>\n\t\t<\/section>\n\t\t\t\t<section class=\"elementor-section elementor-top-section elementor-element elementor-element-d2cda01 elementor-section-boxed elementor-section-height-default elementor-section-height-default\" data-id=\"d2cda01\" data-element_type=\"section\" data-e-type=\"section\">\n\t\t\t\t\t\t<div class=\"elementor-container elementor-column-gap-default\">\n\t\t\t\t\t<div class=\"elementor-column elementor-col-100 elementor-top-column elementor-element elementor-element-6277816\" data-id=\"6277816\" data-element_type=\"column\" data-e-type=\"column\">\n\t\t\t<div class=\"elementor-widget-wrap elementor-element-populated\">\n\t\t\t\t\t\t<div class=\"elementor-element elementor-element-1f38f56 elementor-widget elementor-widget-text-editor\" data-id=\"1f38f56\" data-element_type=\"widget\" data-e-type=\"widget\" data-widget_type=\"text-editor.default\">\n\t\t\t\t<div class=\"elementor-widget-container\">\n\t\t\t\t\t\t\t\t\t<p>\u00a0<\/p>\r\n<p><span style=\"color: #000000;\">Hier kannst du sehen, mit welchen ACUS-T\u00e4towiermaschinen das Produkt kompatibel ist.<\/span><\/p>\r\n\t\t\t\t\t\t\t\t<\/div>\n\t\t\t\t<\/div>\n\t\t\t\t<div class=\"elementor-element elementor-element-df3201d elementor-widget elementor-widget-shortcode\" data-id=\"df3201d\" data-element_type=\"widget\" data-e-type=\"widget\" data-widget_type=\"shortcode.default\">\n\t\t\t\t<div class=\"elementor-widget-container\">\n\t\t\t\t\t\t\t<div class=\"elementor-shortcode\">\n<table id=\"tablepress-1\" class=\"tablepress tablepress-id-1 main-compatibility-class\">\n<thead>\n<tr class=\"row-1\">\n\t<th class=\"column-1\">Picture<\/th><th class=\"column-2\">Part<\/th><th class=\"column-3\">M1<\/th><th class=\"column-4\">M1 <br \/>\nM1 Plus<br \/>\nM1 Ayre<\/th><th class=\"column-5\">M1 Ayre<\/th><th class=\"column-6\">C2<\/th><th class=\"column-7\">M2 | M2 xtd<\/th>\n<\/tr>\n<\/thead>\n<tbody class=\"row-striping row-hover\">\n<tr class=\"row-2\">\n\t<td class=\"column-1\"><img decoding=\"async\" src=\"https:\/\/acus-tattoo.de\/wp-content\/uploads\/2024\/11\/Super-Heavy-Strokes-1-300x300.png\" alt=\"\" width=\"120\" height=\"120\" class=\"alignnone size-medium wp-image-15719\" style=\"width:120px;height:120px;object-fit:none;\" srcset=\"https:\/\/acus-tattoo.de\/wp-content\/uploads\/2024\/11\/Super-Heavy-Strokes-1-300x300.png 300w, https:\/\/acus-tattoo.de\/wp-content\/uploads\/2024\/11\/Super-Heavy-Strokes-1-1024x1024.png 1024w, https:\/\/acus-tattoo.de\/wp-content\/uploads\/2024\/11\/Super-Heavy-Strokes-1-150x150.png 150w, https:\/\/acus-tattoo.de\/wp-content\/uploads\/2024\/11\/Super-Heavy-Strokes-1-768x768.png 768w, https:\/\/acus-tattoo.de\/wp-content\/uploads\/2024\/11\/Super-Heavy-Strokes-1-1536x1536.png 1536w, https:\/\/acus-tattoo.de\/wp-content\/uploads\/2024\/11\/Super-Heavy-Strokes-1-2048x2048.png 2048w, https:\/\/acus-tattoo.de\/wp-content\/uploads\/2024\/11\/Super-Heavy-Strokes-1-1320x1320.png 1320w, https:\/\/acus-tattoo.de\/wp-content\/uploads\/2024\/11\/Super-Heavy-Strokes-1-600x600.png 600w, https:\/\/acus-tattoo.de\/wp-content\/uploads\/2024\/11\/Super-Heavy-Strokes-1-100x100.png 100w\" sizes=\"(max-width: 120px) 100vw, 120px\" \/><\/td><td class=\"column-2\"><a href=\"https:\/\/acus-tattoo.de\/product\/stroke-super-heavy\/\" target=\"_blank\">Stroke Super Heavy<\/a><\/td><td class=\"column-3\"><span class=\"doublecheck\">&check;&check;<\/span><\/td><td class=\"column-4\"><span class=\"doublecheck\">&check;&check;<\/span><\/td><td class=\"column-5\"><span class=\"doublecheck\">&check;&check;<\/span><\/td><td class=\"column-6\"><span class=\"doublecheck\">&check;&check;<\/span><\/td><td class=\"column-7\"><span class=\"doublecheck\">&check;&check;<\/span><\/td>\n<\/tr>\n<\/tbody>\n<\/table>\n<!-- #tablepress-1 from cache --><\/div>\n\t\t\t\t\t\t<\/div>\n\t\t\t\t<\/div>\n\t\t\t\t\t<\/div>\n\t\t<\/div>\n\t\t\t\t\t<\/div>\n\t\t<\/section>\n\t\t\t\t<\/div>\n\t\t","protected":false},"excerpt":{"rendered":"<h6><span style=\"color: #000000;\" data-darkreader-inline-color=\"\">Antriebskopf passend f\u00fcr alle ACUS T\u00e4towiermaschinen<br \/>\nsuper heavy<\/span><\/h6>\n<p>&nbsp;<\/p>\n<h5><\/h5>\n","protected":false},"featured_media":15720,"template":"","meta":{"neve_meta_sidebar":"","neve_meta_container":"","neve_meta_enable_content_width":"off","neve_meta_content_width":100,"neve_meta_title_alignment":"","neve_meta_author_avatar":"","neve_post_elements_order":"","neve_meta_disable_header":"","neve_meta_disable_footer":"","neve_meta_disable_title":"","neve_meta_reading_time":""},"product_brand":[],"product_cat":[35],"product_tag":[],"class_list":{"0":"post-15094","1":"product","2":"type-product","3":"status-publish","4":"has-post-thumbnail","6":"product_cat-zubehoer","7":"product_shipping_class-warenpost","9":"first","10":"instock","11":"taxable","12":"shipping-taxable","13":"purchasable","14":"product-type-variable"},"yoast_head":"<!-- This site is optimized with the Yoast SEO plugin v27.2 - https:\/\/yoast.com\/product\/yoast-seo-wordpress\/ -->\n<title>Stroke Super Heavy - acus tattoo machines<\/title>\n<meta name=\"robots\" content=\"index, follow, max-snippet:-1, max-image-preview:large, max-video-preview:-1\" \/>\n<link rel=\"canonical\" href=\"https:\/\/acus-tattoo.de\/de\/produkt\/stroke-super-heavy\/\" \/>\n<meta property=\"og:locale\" content=\"de_DE\" \/>\n<meta property=\"og:type\" content=\"article\" \/>\n<meta property=\"og:title\" content=\"Stroke Super Heavy - acus tattoo machines\" \/>\n<meta property=\"og:description\" content=\"Antriebskopf passend f\u00fcr alle ACUS T\u00e4towiermaschinen super heavy &nbsp;\" \/>\n<meta property=\"og:url\" content=\"https:\/\/acus-tattoo.de\/de\/produkt\/stroke-super-heavy\/\" \/>\n<meta property=\"og:site_name\" content=\"acus tattoo machines\" \/>\n<meta property=\"article:modified_time\" content=\"2026-04-03T17:04:41+00:00\" \/>\n<meta property=\"og:image\" content=\"https:\/\/acus-tattoo.de\/wp-content\/uploads\/2024\/11\/Super-Heavy-Strokes-1-1024x1024.png\" \/>\n\t<meta property=\"og:image:width\" content=\"1024\" \/>\n\t<meta property=\"og:image:height\" content=\"1024\" \/>\n\t<meta property=\"og:image:type\" content=\"image\/png\" \/>\n<meta name=\"twitter:card\" content=\"summary_large_image\" \/>\n<script type=\"application\/ld+json\" class=\"yoast-schema-graph\">{\"@context\":\"https:\/\/schema.org\",\"@graph\":[{\"@type\":\"WebPage\",\"@id\":\"https:\/\/acus-tattoo.de\/de\/produkt\/stroke-super-heavy\/\",\"url\":\"https:\/\/acus-tattoo.de\/de\/produkt\/stroke-super-heavy\/\",\"name\":\"Stroke Super Heavy - acus tattoo machines\",\"isPartOf\":{\"@id\":\"https:\/\/acus-tattoo.de\/de\/#website\"},\"primaryImageOfPage\":{\"@id\":\"https:\/\/acus-tattoo.de\/de\/produkt\/stroke-super-heavy\/#primaryimage\"},\"image\":{\"@id\":\"https:\/\/acus-tattoo.de\/de\/produkt\/stroke-super-heavy\/#primaryimage\"},\"thumbnailUrl\":\"https:\/\/acus-tattoo.de\/wp-content\/uploads\/2024\/11\/Super-Heavy-Strokes-1.png\",\"datePublished\":\"2024-11-03T15:48:07+00:00\",\"dateModified\":\"2026-04-03T17:04:41+00:00\",\"breadcrumb\":{\"@id\":\"https:\/\/acus-tattoo.de\/de\/produkt\/stroke-super-heavy\/#breadcrumb\"},\"inLanguage\":\"de\",\"potentialAction\":[{\"@type\":\"ReadAction\",\"target\":[\"https:\/\/acus-tattoo.de\/de\/produkt\/stroke-super-heavy\/\"]}]},{\"@type\":\"ImageObject\",\"inLanguage\":\"de\",\"@id\":\"https:\/\/acus-tattoo.de\/de\/produkt\/stroke-super-heavy\/#primaryimage\",\"url\":\"https:\/\/acus-tattoo.de\/wp-content\/uploads\/2024\/11\/Super-Heavy-Strokes-1.png\",\"contentUrl\":\"https:\/\/acus-tattoo.de\/wp-content\/uploads\/2024\/11\/Super-Heavy-Strokes-1.png\",\"width\":2160,\"height\":2160},{\"@type\":\"BreadcrumbList\",\"@id\":\"https:\/\/acus-tattoo.de\/de\/produkt\/stroke-super-heavy\/#breadcrumb\",\"itemListElement\":[{\"@type\":\"ListItem\",\"position\":1,\"name\":\"Home\",\"item\":\"https:\/\/acus-tattoo.de\/de\/\"},{\"@type\":\"ListItem\",\"position\":2,\"name\":\"Shop\",\"item\":\"https:\/\/acus-tattoo.de\/shop\/\"},{\"@type\":\"ListItem\",\"position\":3,\"name\":\"Stroke Super Heavy\"}]},{\"@type\":\"WebSite\",\"@id\":\"https:\/\/acus-tattoo.de\/de\/#website\",\"url\":\"https:\/\/acus-tattoo.de\/de\/\",\"name\":\"acus tattoo machines\",\"description\":\"high quality tattoo machines from Germany\",\"potentialAction\":[{\"@type\":\"SearchAction\",\"target\":{\"@type\":\"EntryPoint\",\"urlTemplate\":\"https:\/\/acus-tattoo.de\/de\/?s={search_term_string}\"},\"query-input\":{\"@type\":\"PropertyValueSpecification\",\"valueRequired\":true,\"valueName\":\"search_term_string\"}}],\"inLanguage\":\"de\"}]}<\/script>\n<!-- \/ Yoast SEO plugin. -->","yoast_head_json":{"title":"Stroke Super Heavy - acus tattoo machines","robots":{"index":"index","follow":"follow","max-snippet":"max-snippet:-1","max-image-preview":"max-image-preview:large","max-video-preview":"max-video-preview:-1"},"canonical":"https:\/\/acus-tattoo.de\/de\/produkt\/stroke-super-heavy\/","og_locale":"de_DE","og_type":"article","og_title":"Stroke Super Heavy - acus tattoo machines","og_description":"Antriebskopf passend f\u00fcr alle ACUS T\u00e4towiermaschinen super heavy &nbsp;","og_url":"https:\/\/acus-tattoo.de\/de\/produkt\/stroke-super-heavy\/","og_site_name":"acus tattoo machines","article_modified_time":"2026-04-03T17:04:41+00:00","og_image":[{"width":1024,"height":1024,"url":"https:\/\/acus-tattoo.de\/wp-content\/uploads\/2024\/11\/Super-Heavy-Strokes-1-1024x1024.png","type":"image\/png"}],"twitter_card":"summary_large_image","schema":{"@context":"https:\/\/schema.org","@graph":[{"@type":"WebPage","@id":"https:\/\/acus-tattoo.de\/de\/produkt\/stroke-super-heavy\/","url":"https:\/\/acus-tattoo.de\/de\/produkt\/stroke-super-heavy\/","name":"Stroke Super Heavy - acus tattoo machines","isPartOf":{"@id":"https:\/\/acus-tattoo.de\/de\/#website"},"primaryImageOfPage":{"@id":"https:\/\/acus-tattoo.de\/de\/produkt\/stroke-super-heavy\/#primaryimage"},"image":{"@id":"https:\/\/acus-tattoo.de\/de\/produkt\/stroke-super-heavy\/#primaryimage"},"thumbnailUrl":"https:\/\/acus-tattoo.de\/wp-content\/uploads\/2024\/11\/Super-Heavy-Strokes-1.png","datePublished":"2024-11-03T15:48:07+00:00","dateModified":"2026-04-03T17:04:41+00:00","breadcrumb":{"@id":"https:\/\/acus-tattoo.de\/de\/produkt\/stroke-super-heavy\/#breadcrumb"},"inLanguage":"de","potentialAction":[{"@type":"ReadAction","target":["https:\/\/acus-tattoo.de\/de\/produkt\/stroke-super-heavy\/"]}]},{"@type":"ImageObject","inLanguage":"de","@id":"https:\/\/acus-tattoo.de\/de\/produkt\/stroke-super-heavy\/#primaryimage","url":"https:\/\/acus-tattoo.de\/wp-content\/uploads\/2024\/11\/Super-Heavy-Strokes-1.png","contentUrl":"https:\/\/acus-tattoo.de\/wp-content\/uploads\/2024\/11\/Super-Heavy-Strokes-1.png","width":2160,"height":2160},{"@type":"BreadcrumbList","@id":"https:\/\/acus-tattoo.de\/de\/produkt\/stroke-super-heavy\/#breadcrumb","itemListElement":[{"@type":"ListItem","position":1,"name":"Home","item":"https:\/\/acus-tattoo.de\/de\/"},{"@type":"ListItem","position":2,"name":"Shop","item":"https:\/\/acus-tattoo.de\/shop\/"},{"@type":"ListItem","position":3,"name":"Stroke Super Heavy"}]},{"@type":"WebSite","@id":"https:\/\/acus-tattoo.de\/de\/#website","url":"https:\/\/acus-tattoo.de\/de\/","name":"acus tattoo machines","description":"high quality tattoo machines from Germany","potentialAction":[{"@type":"SearchAction","target":{"@type":"EntryPoint","urlTemplate":"https:\/\/acus-tattoo.de\/de\/?s={search_term_string}"},"query-input":{"@type":"PropertyValueSpecification","valueRequired":true,"valueName":"search_term_string"}}],"inLanguage":"de"}]}},"_links":{"self":[{"href":"https:\/\/acus-tattoo.de\/de\/wp-json\/wp\/v2\/product\/15094","targetHints":{"allow":["GET"]}}],"collection":[{"href":"https:\/\/acus-tattoo.de\/de\/wp-json\/wp\/v2\/product"}],"about":[{"href":"https:\/\/acus-tattoo.de\/de\/wp-json\/wp\/v2\/types\/product"}],"version-history":[{"count":43,"href":"https:\/\/acus-tattoo.de\/de\/wp-json\/wp\/v2\/product\/15094\/revisions"}],"predecessor-version":[{"id":25767,"href":"https:\/\/acus-tattoo.de\/de\/wp-json\/wp\/v2\/product\/15094\/revisions\/25767"}],"wp:featuredmedia":[{"embeddable":true,"href":"https:\/\/acus-tattoo.de\/de\/wp-json\/wp\/v2\/media\/15720"}],"wp:attachment":[{"href":"https:\/\/acus-tattoo.de\/de\/wp-json\/wp\/v2\/media?parent=15094"}],"wp:term":[{"taxonomy":"product_brand","embeddable":true,"href":"https:\/\/acus-tattoo.de\/de\/wp-json\/wp\/v2\/product_brand?post=15094"},{"taxonomy":"product_cat","embeddable":true,"href":"https:\/\/acus-tattoo.de\/de\/wp-json\/wp\/v2\/product_cat?post=15094"},{"taxonomy":"product_tag","embeddable":true,"href":"https:\/\/acus-tattoo.de\/de\/wp-json\/wp\/v2\/product_tag?post=15094"}],"curies":[{"name":"wp","href":"https:\/\/api.w.org\/{rel}","templated":true}]}}