{"id":16227,"date":"2024-11-28T08:31:31","date_gmt":"2024-11-28T07:31:31","guid":{"rendered":"https:\/\/acus-tattoo.de\/product\/acus-rod\/"},"modified":"2025-08-29T10:47:04","modified_gmt":"2025-08-29T08:47:04","slug":"acus-rod","status":"publish","type":"product","link":"https:\/\/acus-tattoo.de\/de\/produkt\/acus-rod\/","title":{"rendered":"ACUS Rod"},"content":{"rendered":"","protected":false},"excerpt":{"rendered":"<h6><span style=\"color: #000000;\">ACUS Rod<\/span><\/h6>\n<p>Ersatzteil<\/p>\n<p>Der ACUS Rod ist aus verst\u00e4rktem Hochleistungskunststoff gefertigt. Er ist praktisch unzerst\u00f6rbar. Wenn die Kugelspitze gut geschmiert ist, h\u00e4lt sie hunderte von Stunden. Wenn du dennoch unsicher bist, hast du die M\u00f6glichkeit, hier einen Ersatz zu kaufen.<\/p>\n<p>Passend f\u00fcr alle Hubl\u00e4ngen und alle Tattoo-Maschinen von ACUS.<\/p>\n<p>Lieferumfang:<br \/>\n3x Rod<\/p>\n<h5><\/h5>\n","protected":false},"featured_media":16223,"template":"","meta":{"neve_meta_sidebar":"","neve_meta_container":"","neve_meta_enable_content_width":"off","neve_meta_content_width":100,"neve_meta_title_alignment":"","neve_meta_author_avatar":"","neve_post_elements_order":"","neve_meta_disable_header":"","neve_meta_disable_footer":"","neve_meta_disable_title":"","neve_meta_reading_time":""},"product_brand":[],"product_cat":[35],"product_tag":[],"class_list":{"0":"post-16227","1":"product","2":"type-product","3":"status-publish","4":"has-post-thumbnail","6":"product_cat-zubehoer","7":"product_shipping_class-warenpost","9":"first","10":"instock","11":"taxable","12":"shipping-taxable","13":"purchasable","14":"product-type-simple"},"yoast_head":"<!-- This site is optimized with the Yoast SEO plugin v27.2 - https:\/\/yoast.com\/product\/yoast-seo-wordpress\/ -->\n<title>ACUS Rod - acus tattoo machines<\/title>\n<meta name=\"robots\" content=\"index, follow, max-snippet:-1, max-image-preview:large, max-video-preview:-1\" \/>\n<link rel=\"canonical\" href=\"https:\/\/acus-tattoo.de\/de\/produkt\/acus-rod\/\" \/>\n<meta property=\"og:locale\" content=\"de_DE\" \/>\n<meta property=\"og:type\" content=\"article\" \/>\n<meta property=\"og:title\" content=\"ACUS Rod - acus tattoo machines\" \/>\n<meta property=\"og:description\" content=\"ACUS Rod Ersatzteil Der ACUS Rod ist aus verst\u00e4rktem Hochleistungskunststoff gefertigt. Er ist praktisch unzerst\u00f6rbar. Wenn die Kugelspitze gut geschmiert ist, h\u00e4lt sie hunderte von Stunden. Wenn du dennoch unsicher bist, hast du die M\u00f6glichkeit, hier einen Ersatz zu kaufen. Passend f\u00fcr alle Hubl\u00e4ngen und alle Tattoo-Maschinen von ACUS. Lieferumfang: 3x Rod\" \/>\n<meta property=\"og:url\" content=\"https:\/\/acus-tattoo.de\/de\/produkt\/acus-rod\/\" \/>\n<meta property=\"og:site_name\" content=\"acus tattoo machines\" \/>\n<meta property=\"article:modified_time\" content=\"2025-08-29T08:47:04+00:00\" \/>\n<meta property=\"og:image\" content=\"https:\/\/acus-tattoo.de\/wp-content\/uploads\/2024\/11\/Rod.jpg\" \/>\n\t<meta property=\"og:image:width\" content=\"1024\" \/>\n\t<meta property=\"og:image:height\" content=\"1024\" \/>\n\t<meta property=\"og:image:type\" content=\"image\/jpeg\" \/>\n<meta name=\"twitter:card\" content=\"summary_large_image\" \/>\n<meta name=\"twitter:label1\" content=\"Gesch\u00e4tzte Lesezeit\" \/>\n\t<meta name=\"twitter:data1\" content=\"1\u00a0Minute\" \/>\n<script type=\"application\/ld+json\" class=\"yoast-schema-graph\">{\"@context\":\"https:\/\/schema.org\",\"@graph\":[{\"@type\":\"WebPage\",\"@id\":\"https:\/\/acus-tattoo.de\/de\/produkt\/acus-rod\/\",\"url\":\"https:\/\/acus-tattoo.de\/de\/produkt\/acus-rod\/\",\"name\":\"ACUS Rod - acus tattoo machines\",\"isPartOf\":{\"@id\":\"https:\/\/acus-tattoo.de\/de\/#website\"},\"primaryImageOfPage\":{\"@id\":\"https:\/\/acus-tattoo.de\/de\/produkt\/acus-rod\/#primaryimage\"},\"image\":{\"@id\":\"https:\/\/acus-tattoo.de\/de\/produkt\/acus-rod\/#primaryimage\"},\"thumbnailUrl\":\"https:\/\/acus-tattoo.de\/wp-content\/uploads\/2024\/11\/Rod.jpg\",\"datePublished\":\"2024-11-28T07:31:31+00:00\",\"dateModified\":\"2025-08-29T08:47:04+00:00\",\"breadcrumb\":{\"@id\":\"https:\/\/acus-tattoo.de\/de\/produkt\/acus-rod\/#breadcrumb\"},\"inLanguage\":\"de\",\"potentialAction\":[{\"@type\":\"ReadAction\",\"target\":[\"https:\/\/acus-tattoo.de\/de\/produkt\/acus-rod\/\"]}]},{\"@type\":\"ImageObject\",\"inLanguage\":\"de\",\"@id\":\"https:\/\/acus-tattoo.de\/de\/produkt\/acus-rod\/#primaryimage\",\"url\":\"https:\/\/acus-tattoo.de\/wp-content\/uploads\/2024\/11\/Rod.jpg\",\"contentUrl\":\"https:\/\/acus-tattoo.de\/wp-content\/uploads\/2024\/11\/Rod.jpg\",\"width\":1024,\"height\":1024},{\"@type\":\"BreadcrumbList\",\"@id\":\"https:\/\/acus-tattoo.de\/de\/produkt\/acus-rod\/#breadcrumb\",\"itemListElement\":[{\"@type\":\"ListItem\",\"position\":1,\"name\":\"Home\",\"item\":\"https:\/\/acus-tattoo.de\/de\/\"},{\"@type\":\"ListItem\",\"position\":2,\"name\":\"Shop\",\"item\":\"https:\/\/acus-tattoo.de\/shop\/\"},{\"@type\":\"ListItem\",\"position\":3,\"name\":\"ACUS Rod\"}]},{\"@type\":\"WebSite\",\"@id\":\"https:\/\/acus-tattoo.de\/de\/#website\",\"url\":\"https:\/\/acus-tattoo.de\/de\/\",\"name\":\"acus tattoo machines\",\"description\":\"high quality tattoo machines from Germany\",\"potentialAction\":[{\"@type\":\"SearchAction\",\"target\":{\"@type\":\"EntryPoint\",\"urlTemplate\":\"https:\/\/acus-tattoo.de\/de\/?s={search_term_string}\"},\"query-input\":{\"@type\":\"PropertyValueSpecification\",\"valueRequired\":true,\"valueName\":\"search_term_string\"}}],\"inLanguage\":\"de\"}]}<\/script>\n<!-- \/ Yoast SEO plugin. -->","yoast_head_json":{"title":"ACUS Rod - acus tattoo machines","robots":{"index":"index","follow":"follow","max-snippet":"max-snippet:-1","max-image-preview":"max-image-preview:large","max-video-preview":"max-video-preview:-1"},"canonical":"https:\/\/acus-tattoo.de\/de\/produkt\/acus-rod\/","og_locale":"de_DE","og_type":"article","og_title":"ACUS Rod - acus tattoo machines","og_description":"ACUS Rod Ersatzteil Der ACUS Rod ist aus verst\u00e4rktem Hochleistungskunststoff gefertigt. Er ist praktisch unzerst\u00f6rbar. Wenn die Kugelspitze gut geschmiert ist, h\u00e4lt sie hunderte von Stunden. Wenn du dennoch unsicher bist, hast du die M\u00f6glichkeit, hier einen Ersatz zu kaufen. Passend f\u00fcr alle Hubl\u00e4ngen und alle Tattoo-Maschinen von ACUS. Lieferumfang: 3x Rod","og_url":"https:\/\/acus-tattoo.de\/de\/produkt\/acus-rod\/","og_site_name":"acus tattoo machines","article_modified_time":"2025-08-29T08:47:04+00:00","og_image":[{"width":1024,"height":1024,"url":"https:\/\/acus-tattoo.de\/wp-content\/uploads\/2024\/11\/Rod.jpg","type":"image\/jpeg"}],"twitter_card":"summary_large_image","twitter_misc":{"Gesch\u00e4tzte Lesezeit":"1\u00a0Minute"},"schema":{"@context":"https:\/\/schema.org","@graph":[{"@type":"WebPage","@id":"https:\/\/acus-tattoo.de\/de\/produkt\/acus-rod\/","url":"https:\/\/acus-tattoo.de\/de\/produkt\/acus-rod\/","name":"ACUS Rod - acus tattoo machines","isPartOf":{"@id":"https:\/\/acus-tattoo.de\/de\/#website"},"primaryImageOfPage":{"@id":"https:\/\/acus-tattoo.de\/de\/produkt\/acus-rod\/#primaryimage"},"image":{"@id":"https:\/\/acus-tattoo.de\/de\/produkt\/acus-rod\/#primaryimage"},"thumbnailUrl":"https:\/\/acus-tattoo.de\/wp-content\/uploads\/2024\/11\/Rod.jpg","datePublished":"2024-11-28T07:31:31+00:00","dateModified":"2025-08-29T08:47:04+00:00","breadcrumb":{"@id":"https:\/\/acus-tattoo.de\/de\/produkt\/acus-rod\/#breadcrumb"},"inLanguage":"de","potentialAction":[{"@type":"ReadAction","target":["https:\/\/acus-tattoo.de\/de\/produkt\/acus-rod\/"]}]},{"@type":"ImageObject","inLanguage":"de","@id":"https:\/\/acus-tattoo.de\/de\/produkt\/acus-rod\/#primaryimage","url":"https:\/\/acus-tattoo.de\/wp-content\/uploads\/2024\/11\/Rod.jpg","contentUrl":"https:\/\/acus-tattoo.de\/wp-content\/uploads\/2024\/11\/Rod.jpg","width":1024,"height":1024},{"@type":"BreadcrumbList","@id":"https:\/\/acus-tattoo.de\/de\/produkt\/acus-rod\/#breadcrumb","itemListElement":[{"@type":"ListItem","position":1,"name":"Home","item":"https:\/\/acus-tattoo.de\/de\/"},{"@type":"ListItem","position":2,"name":"Shop","item":"https:\/\/acus-tattoo.de\/shop\/"},{"@type":"ListItem","position":3,"name":"ACUS Rod"}]},{"@type":"WebSite","@id":"https:\/\/acus-tattoo.de\/de\/#website","url":"https:\/\/acus-tattoo.de\/de\/","name":"acus tattoo machines","description":"high quality tattoo machines from Germany","potentialAction":[{"@type":"SearchAction","target":{"@type":"EntryPoint","urlTemplate":"https:\/\/acus-tattoo.de\/de\/?s={search_term_string}"},"query-input":{"@type":"PropertyValueSpecification","valueRequired":true,"valueName":"search_term_string"}}],"inLanguage":"de"}]}},"_links":{"self":[{"href":"https:\/\/acus-tattoo.de\/de\/wp-json\/wp\/v2\/product\/16227","targetHints":{"allow":["GET"]}}],"collection":[{"href":"https:\/\/acus-tattoo.de\/de\/wp-json\/wp\/v2\/product"}],"about":[{"href":"https:\/\/acus-tattoo.de\/de\/wp-json\/wp\/v2\/types\/product"}],"version-history":[{"count":2,"href":"https:\/\/acus-tattoo.de\/de\/wp-json\/wp\/v2\/product\/16227\/revisions"}],"predecessor-version":[{"id":16230,"href":"https:\/\/acus-tattoo.de\/de\/wp-json\/wp\/v2\/product\/16227\/revisions\/16230"}],"wp:featuredmedia":[{"embeddable":true,"href":"https:\/\/acus-tattoo.de\/de\/wp-json\/wp\/v2\/media\/16223"}],"wp:attachment":[{"href":"https:\/\/acus-tattoo.de\/de\/wp-json\/wp\/v2\/media?parent=16227"}],"wp:term":[{"taxonomy":"product_brand","embeddable":true,"href":"https:\/\/acus-tattoo.de\/de\/wp-json\/wp\/v2\/product_brand?post=16227"},{"taxonomy":"product_cat","embeddable":true,"href":"https:\/\/acus-tattoo.de\/de\/wp-json\/wp\/v2\/product_cat?post=16227"},{"taxonomy":"product_tag","embeddable":true,"href":"https:\/\/acus-tattoo.de\/de\/wp-json\/wp\/v2\/product_tag?post=16227"}],"curies":[{"name":"wp","href":"https:\/\/api.w.org\/{rel}","templated":true}]}}