{"id":17534,"date":"2025-03-20T12:58:47","date_gmt":"2025-03-20T11:58:47","guid":{"rendered":"https:\/\/acus-tattoo.de\/product\/rod-guide-heavy-2\/"},"modified":"2026-03-21T11:26:07","modified_gmt":"2026-03-21T10:26:07","slug":"rod-guide-heavy-2","status":"publish","type":"product","link":"https:\/\/acus-tattoo.de\/de\/produkt\/rod-guide-heavy-2\/","title":{"rendered":"Rod Guide Heavy 2"},"content":{"rendered":"\t\t<div data-elementor-type=\"product-post\" data-elementor-id=\"17534\" class=\"elementor elementor-17534 elementor-17209\" data-elementor-post-type=\"product\">\n\t\t\t\t\t\t<section class=\"elementor-section elementor-top-section elementor-element elementor-element-8956412 elementor-section-stretched elementor-section-boxed elementor-section-height-default elementor-section-height-default\" data-id=\"8956412\" data-element_type=\"section\" data-e-type=\"section\" data-settings=\"{&quot;stretch_section&quot;:&quot;section-stretched&quot;}\">\n\t\t\t\t\t\t<div class=\"elementor-container elementor-column-gap-no\">\n\t\t\t\t\t<div class=\"elementor-column elementor-col-100 elementor-top-column elementor-element elementor-element-a49d6a4\" data-id=\"a49d6a4\" data-element_type=\"column\" data-e-type=\"column\">\n\t\t\t<div class=\"elementor-widget-wrap elementor-element-populated\">\n\t\t\t\t\t\t<div class=\"elementor-element elementor-element-3c14962 elementor-widget elementor-widget-image\" data-id=\"3c14962\" data-element_type=\"widget\" data-e-type=\"widget\" data-widget_type=\"image.default\">\n\t\t\t\t<div class=\"elementor-widget-container\">\n\t\t\t\t\t\t\t\t\t\t\t\t\t\t\t<img fetchpriority=\"high\" decoding=\"async\" width=\"1024\" height=\"480\" src=\"https:\/\/acus-tattoo.de\/wp-content\/uploads\/2025\/03\/C2-Cross-selling-1800-1024x480.jpg\" class=\"attachment-large size-large wp-image-17325\" alt=\"\" srcset=\"https:\/\/acus-tattoo.de\/wp-content\/uploads\/2025\/03\/C2-Cross-selling-1800-1024x480.jpg 1024w, https:\/\/acus-tattoo.de\/wp-content\/uploads\/2025\/03\/C2-Cross-selling-1800-300x141.jpg 300w, https:\/\/acus-tattoo.de\/wp-content\/uploads\/2025\/03\/C2-Cross-selling-1800-768x360.jpg 768w, https:\/\/acus-tattoo.de\/wp-content\/uploads\/2025\/03\/C2-Cross-selling-1800-1536x720.jpg 1536w, https:\/\/acus-tattoo.de\/wp-content\/uploads\/2025\/03\/C2-Cross-selling-1800-1320x619.jpg 1320w, https:\/\/acus-tattoo.de\/wp-content\/uploads\/2025\/03\/C2-Cross-selling-1800-600x281.jpg 600w, https:\/\/acus-tattoo.de\/wp-content\/uploads\/2025\/03\/C2-Cross-selling-1800.jpg 1800w\" sizes=\"(max-width: 1024px) 100vw, 1024px\" \/>\t\t\t\t\t\t\t\t\t\t\t\t\t\t\t<\/div>\n\t\t\t\t<\/div>\n\t\t\t\t\t<\/div>\n\t\t<\/div>\n\t\t\t\t\t<\/div>\n\t\t<\/section>\n\t\t\t\t<section class=\"elementor-section elementor-top-section elementor-element elementor-element-81cf1e1 elementor-section-stretched elementor-section-boxed elementor-section-height-default elementor-section-height-default\" data-id=\"81cf1e1\" data-element_type=\"section\" data-e-type=\"section\" data-settings=\"{&quot;stretch_section&quot;:&quot;section-stretched&quot;,&quot;background_background&quot;:&quot;classic&quot;}\">\n\t\t\t\t\t\t<div class=\"elementor-container elementor-column-gap-default\">\n\t\t\t\t\t<div class=\"elementor-column elementor-col-100 elementor-top-column elementor-element elementor-element-8da993e\" data-id=\"8da993e\" data-element_type=\"column\" data-e-type=\"column\">\n\t\t\t<div class=\"elementor-widget-wrap elementor-element-populated\">\n\t\t\t\t\t\t<div class=\"elementor-element elementor-element-77f80af elementor-widget elementor-widget-heading\" data-id=\"77f80af\" data-element_type=\"widget\" data-e-type=\"widget\" data-widget_type=\"heading.default\">\n\t\t\t\t<div class=\"elementor-widget-container\">\n\t\t\t\t\t<h3 class=\"elementor-heading-title elementor-size-default\">Rod Guide Heavy 2<\/h3>\t\t\t\t<\/div>\n\t\t\t\t<\/div>\n\t\t\t\t\t<\/div>\n\t\t<\/div>\n\t\t\t\t\t<\/div>\n\t\t<\/section>\n\t\t\t\t<section class=\"elementor-section elementor-top-section elementor-element elementor-element-643f0fc elementor-section-stretched elementor-section-boxed elementor-section-height-default elementor-section-height-default\" data-id=\"643f0fc\" data-element_type=\"section\" data-e-type=\"section\" data-settings=\"{&quot;stretch_section&quot;:&quot;section-stretched&quot;,&quot;background_background&quot;:&quot;classic&quot;}\">\n\t\t\t\t\t\t<div class=\"elementor-container elementor-column-gap-default\">\n\t\t\t\t\t<div class=\"elementor-column elementor-col-100 elementor-top-column elementor-element elementor-element-44fd825\" data-id=\"44fd825\" data-element_type=\"column\" data-e-type=\"column\">\n\t\t\t<div class=\"elementor-widget-wrap elementor-element-populated\">\n\t\t\t\t\t\t<div class=\"elementor-element elementor-element-722aa2a elementor-widget elementor-widget-text-editor\" data-id=\"722aa2a\" data-element_type=\"widget\" data-e-type=\"widget\" data-widget_type=\"text-editor.default\">\n\t\t\t\t<div class=\"elementor-widget-container\">\n\t\t\t\t\t\t\t\t\t<p>Speziell f\u00fcr die Verwendung von leichten Disposable Grips aus Kunststoff haben wir den Rod Guide Heavy 2 entwickelt.<\/p><p>Durch die Verwendung von Disposable Grips geht dir Gewicht am vorderen Ende der Maschine verloren, wodurch sich der Schwerpunkt nach hinten verschiebt und die Balance schlechter wird. Du kannst den Rod Guide Heavy 2 einfach gegen den leichten Rod Guide 2 in deiner M2 &amp; C2 austauschen und holst dir damit die gewohnte Balance zur\u00fcck.<\/p><p>Er ist aus Edelstahl und damit 3-mal schwerer als dein bisheriger Rod Guide aus Aluminium.<\/p>\t\t\t\t\t\t\t\t<\/div>\n\t\t\t\t<\/div>\n\t\t\t\t\t<\/div>\n\t\t<\/div>\n\t\t\t\t\t<\/div>\n\t\t<\/section>\n\t\t\t\t<section class=\"elementor-section elementor-top-section elementor-element elementor-element-c17e5a4 elementor-section-full_width elementor-section-stretched elementor-section-height-default elementor-section-height-default\" data-id=\"c17e5a4\" data-element_type=\"section\" data-e-type=\"section\" data-settings=\"{&quot;stretch_section&quot;:&quot;section-stretched&quot;}\">\n\t\t\t\t\t\t<div class=\"elementor-container elementor-column-gap-no\">\n\t\t\t\t\t<div class=\"elementor-column elementor-col-100 elementor-top-column elementor-element elementor-element-4f81b76\" data-id=\"4f81b76\" data-element_type=\"column\" data-e-type=\"column\">\n\t\t\t<div class=\"elementor-widget-wrap\">\n\t\t\t\t\t\t\t<\/div>\n\t\t<\/div>\n\t\t\t\t\t<\/div>\n\t\t<\/section>\n\t\t\t\t<section class=\"elementor-section elementor-top-section elementor-element elementor-element-48c099b elementor-section-stretched elementor-hidden-tablet elementor-hidden-mobile elementor-section-boxed elementor-section-height-default elementor-section-height-default\" data-id=\"48c099b\" data-element_type=\"section\" data-e-type=\"section\" data-settings=\"{&quot;stretch_section&quot;:&quot;section-stretched&quot;}\">\n\t\t\t\t\t\t<div class=\"elementor-container elementor-column-gap-no\">\n\t\t\t\t\t<div class=\"elementor-column elementor-col-100 elementor-top-column elementor-element elementor-element-1f1b7b4\" data-id=\"1f1b7b4\" data-element_type=\"column\" data-e-type=\"column\">\n\t\t\t<div class=\"elementor-widget-wrap elementor-element-populated\">\n\t\t\t\t\t\t<div class=\"elementor-element elementor-element-b46627e elementor-widget elementor-widget-image\" data-id=\"b46627e\" data-element_type=\"widget\" data-e-type=\"widget\" data-widget_type=\"image.default\">\n\t\t\t\t<div class=\"elementor-widget-container\">\n\t\t\t\t\t\t\t\t\t\t\t\t\t\t\t<img decoding=\"async\" width=\"1024\" height=\"507\" src=\"https:\/\/acus-tattoo.de\/wp-content\/uploads\/2025\/03\/Home-C2-on-strokes-1-1024x507.jpg\" class=\"attachment-large size-large wp-image-17471\" alt=\"\" srcset=\"https:\/\/acus-tattoo.de\/wp-content\/uploads\/2025\/03\/Home-C2-on-strokes-1-1024x507.jpg 1024w, https:\/\/acus-tattoo.de\/wp-content\/uploads\/2025\/03\/Home-C2-on-strokes-1-300x149.jpg 300w, https:\/\/acus-tattoo.de\/wp-content\/uploads\/2025\/03\/Home-C2-on-strokes-1-768x381.jpg 768w, https:\/\/acus-tattoo.de\/wp-content\/uploads\/2025\/03\/Home-C2-on-strokes-1-1536x761.jpg 1536w, https:\/\/acus-tattoo.de\/wp-content\/uploads\/2025\/03\/Home-C2-on-strokes-1-1320x654.jpg 1320w, https:\/\/acus-tattoo.de\/wp-content\/uploads\/2025\/03\/Home-C2-on-strokes-1-600x297.jpg 600w, https:\/\/acus-tattoo.de\/wp-content\/uploads\/2025\/03\/Home-C2-on-strokes-1.jpg 1800w\" sizes=\"(max-width: 1024px) 100vw, 1024px\" \/>\t\t\t\t\t\t\t\t\t\t\t\t\t\t\t<\/div>\n\t\t\t\t<\/div>\n\t\t\t\t\t<\/div>\n\t\t<\/div>\n\t\t\t\t\t<\/div>\n\t\t<\/section>\n\t\t\t\t<section class=\"elementor-section elementor-top-section elementor-element elementor-element-19df0df elementor-section-stretched elementor-hidden-desktop elementor-section-boxed elementor-section-height-default elementor-section-height-default\" data-id=\"19df0df\" data-element_type=\"section\" data-e-type=\"section\" data-settings=\"{&quot;stretch_section&quot;:&quot;section-stretched&quot;}\">\n\t\t\t\t\t\t<div class=\"elementor-container elementor-column-gap-no\">\n\t\t\t\t\t<div class=\"elementor-column elementor-col-100 elementor-top-column elementor-element elementor-element-5f49b04\" data-id=\"5f49b04\" data-element_type=\"column\" data-e-type=\"column\">\n\t\t\t<div class=\"elementor-widget-wrap elementor-element-populated\">\n\t\t\t\t\t\t<div class=\"elementor-element elementor-element-a61f049 elementor-hidden-desktop elementor-widget elementor-widget-image\" data-id=\"a61f049\" data-element_type=\"widget\" data-e-type=\"widget\" data-widget_type=\"image.default\">\n\t\t\t\t<div class=\"elementor-widget-container\">\n\t\t\t\t\t\t\t\t\t\t\t\t\t\t\t<img decoding=\"async\" width=\"819\" height=\"1024\" src=\"https:\/\/acus-tattoo.de\/wp-content\/uploads\/2025\/03\/C2-heavy-stroke-home-45-1-819x1024.jpg\" class=\"attachment-large size-large wp-image-17477\" alt=\"\" srcset=\"https:\/\/acus-tattoo.de\/wp-content\/uploads\/2025\/03\/C2-heavy-stroke-home-45-1-819x1024.jpg 819w, https:\/\/acus-tattoo.de\/wp-content\/uploads\/2025\/03\/C2-heavy-stroke-home-45-1-240x300.jpg 240w, https:\/\/acus-tattoo.de\/wp-content\/uploads\/2025\/03\/C2-heavy-stroke-home-45-1-768x960.jpg 768w, https:\/\/acus-tattoo.de\/wp-content\/uploads\/2025\/03\/C2-heavy-stroke-home-45-1-1229x1536.jpg 1229w, https:\/\/acus-tattoo.de\/wp-content\/uploads\/2025\/03\/C2-heavy-stroke-home-45-1-1320x1650.jpg 1320w, https:\/\/acus-tattoo.de\/wp-content\/uploads\/2025\/03\/C2-heavy-stroke-home-45-1-600x750.jpg 600w, https:\/\/acus-tattoo.de\/wp-content\/uploads\/2025\/03\/C2-heavy-stroke-home-45-1.jpg 1440w\" sizes=\"(max-width: 819px) 100vw, 819px\" \/>\t\t\t\t\t\t\t\t\t\t\t\t\t\t\t<\/div>\n\t\t\t\t<\/div>\n\t\t\t\t\t<\/div>\n\t\t<\/div>\n\t\t\t\t\t<\/div>\n\t\t<\/section>\n\t\t\t\t<section class=\"elementor-section elementor-top-section elementor-element elementor-element-1a0cab5 elementor-section-boxed elementor-section-height-default elementor-section-height-default\" data-id=\"1a0cab5\" data-element_type=\"section\" data-e-type=\"section\">\n\t\t\t\t\t\t<div class=\"elementor-container elementor-column-gap-default\">\n\t\t\t\t\t<div class=\"elementor-column elementor-col-100 elementor-top-column elementor-element elementor-element-6b72c9c\" data-id=\"6b72c9c\" data-element_type=\"column\" data-e-type=\"column\">\n\t\t\t<div class=\"elementor-widget-wrap elementor-element-populated\">\n\t\t\t\t\t\t<div class=\"elementor-element elementor-element-bea3941 elementor-widget elementor-widget-spacer\" data-id=\"bea3941\" data-element_type=\"widget\" data-e-type=\"widget\" data-widget_type=\"spacer.default\">\n\t\t\t\t<div class=\"elementor-widget-container\">\n\t\t\t\t\t\t\t<div class=\"elementor-spacer\">\n\t\t\t<div class=\"elementor-spacer-inner\"><\/div>\n\t\t<\/div>\n\t\t\t\t\t\t<\/div>\n\t\t\t\t<\/div>\n\t\t\t\t\t<\/div>\n\t\t<\/div>\n\t\t\t\t\t<\/div>\n\t\t<\/section>\n\t\t\t\t<section class=\"elementor-section elementor-top-section elementor-element elementor-element-f99aa52 elementor-section-boxed elementor-section-height-default elementor-section-height-default\" data-id=\"f99aa52\" data-element_type=\"section\" data-e-type=\"section\">\n\t\t\t\t\t\t<div class=\"elementor-container elementor-column-gap-default\">\n\t\t\t\t\t<div class=\"elementor-column elementor-col-100 elementor-top-column elementor-element elementor-element-65009ff\" data-id=\"65009ff\" data-element_type=\"column\" data-e-type=\"column\">\n\t\t\t<div class=\"elementor-widget-wrap elementor-element-populated\">\n\t\t\t\t\t\t<div class=\"elementor-element elementor-element-fc6ddab elementor-widget elementor-widget-text-editor\" data-id=\"fc6ddab\" data-element_type=\"widget\" data-e-type=\"widget\" data-widget_type=\"text-editor.default\">\n\t\t\t\t<div class=\"elementor-widget-container\">\n\t\t\t\t\t\t\t\t\t<p>\u00a0<\/p>\n<p><span style=\"color: #000000;\">Hier kannst du sehen, mit welchen ACUS-T\u00e4towiermaschinen das Produkt kompatibel ist.<\/span><\/p>\n\t\t\t\t\t\t\t\t<\/div>\n\t\t\t\t<\/div>\n\t\t\t\t<div class=\"elementor-element elementor-element-8888854 elementor-widget elementor-widget-shortcode\" data-id=\"8888854\" data-element_type=\"widget\" data-e-type=\"widget\" data-widget_type=\"shortcode.default\">\n\t\t\t\t<div class=\"elementor-widget-container\">\n\t\t\t\t\t\t\t<div class=\"elementor-shortcode\">\n<table id=\"tablepress-1\" class=\"tablepress tablepress-id-1 main-compatibility-class\">\n<thead>\n<tr class=\"row-1\">\n\t<th class=\"column-1\">Picture<\/th><th class=\"column-2\">Part<\/th><th class=\"column-3\">M1<\/th><th class=\"column-4\">M1 <br \/>\nM1 Plus<br \/>\nM1 Ayre<\/th><th class=\"column-5\">M1 Ayre<\/th><th class=\"column-6\">C2<\/th><th class=\"column-7\">M2 | M2 xtd<\/th>\n<\/tr>\n<\/thead>\n<tbody class=\"row-striping row-hover\">\n<tr class=\"row-2\">\n\t<td class=\"column-1\"><img loading=\"lazy\" decoding=\"async\" src=\"https:\/\/acus-tattoo.de\/wp-content\/uploads\/2025\/03\/ACUS-Rod-Guide-Heavy-2-iso-1-300x300.jpg\" alt=\"\" class=\"alignnone size-medium wp-image-17507\" width=\"300\" height=\"300\" style=\"width:120px;height:120px;object-fit:none;\" srcset=\"https:\/\/acus-tattoo.de\/wp-content\/uploads\/2025\/03\/ACUS-Rod-Guide-Heavy-2-iso-1-300x300.jpg 300w, https:\/\/acus-tattoo.de\/wp-content\/uploads\/2025\/03\/ACUS-Rod-Guide-Heavy-2-iso-1-150x150.jpg 150w, https:\/\/acus-tattoo.de\/wp-content\/uploads\/2025\/03\/ACUS-Rod-Guide-Heavy-2-iso-1-768x768.jpg 768w, https:\/\/acus-tattoo.de\/wp-content\/uploads\/2025\/03\/ACUS-Rod-Guide-Heavy-2-iso-1-600x600.jpg 600w, https:\/\/acus-tattoo.de\/wp-content\/uploads\/2025\/03\/ACUS-Rod-Guide-Heavy-2-iso-1-100x100.jpg 100w, https:\/\/acus-tattoo.de\/wp-content\/uploads\/2025\/03\/ACUS-Rod-Guide-Heavy-2-iso-1.jpg 1024w\" sizes=\"(max-width: 300px) 100vw, 300px\" \/><\/td><td class=\"column-2\"><a href=\"https:\/\/acus-tattoo.de\/product\/rod-guide-heavy-2\/\" target=\"_blank\">Rod Guide Heavy 2<\/a><\/td><td class=\"column-3\"><span class=\"cross\">&cross;<\/span><\/td><td class=\"column-4\"><span class=\"cross\">&cross;<\/span><\/td><td class=\"column-5\"><span class=\"cross\">&cross;<\/span><\/td><td class=\"column-6\"><span class=\"doublecheck\">&check;&check;<\/span><\/td><td class=\"column-7\"><span class=\"doublecheck\">&check;&check;<\/span><\/td>\n<\/tr>\n<\/tbody>\n<\/table>\n<\/div>\n\t\t\t\t\t\t<\/div>\n\t\t\t\t<\/div>\n\t\t\t\t\t<\/div>\n\t\t<\/div>\n\t\t\t\t\t<\/div>\n\t\t<\/section>\n\t\t\t\t<\/div>\n\t\t","protected":false},"excerpt":{"rendered":"<h6><span style=\"color: #000000;\"><br \/>\nGewicht: 92 g<br \/>\n<\/span>Farbe: Midnight Metal<\/h6>\n<h6><span style=\"color: #000000;\">Extra schwerer Rod Guide f\u00fcr die zweite Generation der ACUS-T\u00e4towiermaschinen. Hergestellt aus rostfreiem Stahl. CNC-gefr\u00e4st und oberfl\u00e4chenbeschichtet<\/span><\/h6>\n<h5>HINWEIS: Nicht kompatibel mit ACUS M1 Tattoo-Maschinen.<\/h5>\n","protected":false},"featured_media":17508,"template":"","meta":{"neve_meta_sidebar":"","neve_meta_container":"","neve_meta_enable_content_width":"off","neve_meta_content_width":100,"neve_meta_title_alignment":"","neve_meta_author_avatar":"","neve_post_elements_order":"","neve_meta_disable_header":"","neve_meta_disable_footer":"","neve_meta_disable_title":"","neve_meta_reading_time":""},"product_brand":[],"product_cat":[35],"product_tag":[],"class_list":{"0":"post-17534","1":"product","2":"type-product","3":"status-publish","4":"has-post-thumbnail","6":"product_cat-zubehoer","7":"product_shipping_class-warenpost","9":"first","10":"instock","11":"taxable","12":"shipping-taxable","13":"purchasable","14":"product-type-simple"},"yoast_head":"<!-- This site is optimized with the Yoast SEO plugin v27.2 - https:\/\/yoast.com\/product\/yoast-seo-wordpress\/ -->\n<title>Rod Guide Heavy 2 - acus tattoo machines<\/title>\n<meta name=\"robots\" content=\"index, follow, max-snippet:-1, max-image-preview:large, max-video-preview:-1\" \/>\n<link rel=\"canonical\" href=\"https:\/\/acus-tattoo.de\/de\/produkt\/rod-guide-heavy-2\/\" \/>\n<meta property=\"og:locale\" content=\"de_DE\" \/>\n<meta property=\"og:type\" content=\"article\" \/>\n<meta property=\"og:title\" content=\"Rod Guide Heavy 2 - acus tattoo machines\" \/>\n<meta property=\"og:description\" content=\"Gewicht: 92 g Farbe: Midnight Metal Extra schwerer Rod Guide f\u00fcr die zweite Generation der ACUS-T\u00e4towiermaschinen. Hergestellt aus rostfreiem Stahl. CNC-gefr\u00e4st und oberfl\u00e4chenbeschichtet HINWEIS: Nicht kompatibel mit ACUS M1 Tattoo-Maschinen.\" \/>\n<meta property=\"og:url\" content=\"https:\/\/acus-tattoo.de\/de\/produkt\/rod-guide-heavy-2\/\" \/>\n<meta property=\"og:site_name\" content=\"acus tattoo machines\" \/>\n<meta property=\"article:modified_time\" content=\"2026-03-21T10:26:07+00:00\" \/>\n<meta property=\"og:image\" content=\"https:\/\/acus-tattoo.de\/wp-content\/uploads\/2025\/03\/ACUS-Rod-Guide-Heavy-2-iso-1.jpg\" \/>\n\t<meta property=\"og:image:width\" content=\"1024\" \/>\n\t<meta property=\"og:image:height\" content=\"1024\" \/>\n\t<meta property=\"og:image:type\" content=\"image\/jpeg\" \/>\n<meta name=\"twitter:card\" content=\"summary_large_image\" \/>\n<script type=\"application\/ld+json\" class=\"yoast-schema-graph\">{\"@context\":\"https:\/\/schema.org\",\"@graph\":[{\"@type\":\"WebPage\",\"@id\":\"https:\/\/acus-tattoo.de\/de\/produkt\/rod-guide-heavy-2\/\",\"url\":\"https:\/\/acus-tattoo.de\/de\/produkt\/rod-guide-heavy-2\/\",\"name\":\"Rod Guide Heavy 2 - acus tattoo machines\",\"isPartOf\":{\"@id\":\"https:\/\/acus-tattoo.de\/de\/#website\"},\"primaryImageOfPage\":{\"@id\":\"https:\/\/acus-tattoo.de\/de\/produkt\/rod-guide-heavy-2\/#primaryimage\"},\"image\":{\"@id\":\"https:\/\/acus-tattoo.de\/de\/produkt\/rod-guide-heavy-2\/#primaryimage\"},\"thumbnailUrl\":\"https:\/\/acus-tattoo.de\/wp-content\/uploads\/2025\/03\/ACUS-Rod-Guide-Heavy-2-iso-1.jpg\",\"datePublished\":\"2025-03-20T11:58:47+00:00\",\"dateModified\":\"2026-03-21T10:26:07+00:00\",\"breadcrumb\":{\"@id\":\"https:\/\/acus-tattoo.de\/de\/produkt\/rod-guide-heavy-2\/#breadcrumb\"},\"inLanguage\":\"de\",\"potentialAction\":[{\"@type\":\"ReadAction\",\"target\":[\"https:\/\/acus-tattoo.de\/de\/produkt\/rod-guide-heavy-2\/\"]}]},{\"@type\":\"ImageObject\",\"inLanguage\":\"de\",\"@id\":\"https:\/\/acus-tattoo.de\/de\/produkt\/rod-guide-heavy-2\/#primaryimage\",\"url\":\"https:\/\/acus-tattoo.de\/wp-content\/uploads\/2025\/03\/ACUS-Rod-Guide-Heavy-2-iso-1.jpg\",\"contentUrl\":\"https:\/\/acus-tattoo.de\/wp-content\/uploads\/2025\/03\/ACUS-Rod-Guide-Heavy-2-iso-1.jpg\",\"width\":1024,\"height\":1024},{\"@type\":\"BreadcrumbList\",\"@id\":\"https:\/\/acus-tattoo.de\/de\/produkt\/rod-guide-heavy-2\/#breadcrumb\",\"itemListElement\":[{\"@type\":\"ListItem\",\"position\":1,\"name\":\"Home\",\"item\":\"https:\/\/acus-tattoo.de\/de\/\"},{\"@type\":\"ListItem\",\"position\":2,\"name\":\"Shop\",\"item\":\"https:\/\/acus-tattoo.de\/shop\/\"},{\"@type\":\"ListItem\",\"position\":3,\"name\":\"Rod Guide Heavy 2\"}]},{\"@type\":\"WebSite\",\"@id\":\"https:\/\/acus-tattoo.de\/de\/#website\",\"url\":\"https:\/\/acus-tattoo.de\/de\/\",\"name\":\"acus tattoo machines\",\"description\":\"high quality tattoo machines from Germany\",\"potentialAction\":[{\"@type\":\"SearchAction\",\"target\":{\"@type\":\"EntryPoint\",\"urlTemplate\":\"https:\/\/acus-tattoo.de\/de\/?s={search_term_string}\"},\"query-input\":{\"@type\":\"PropertyValueSpecification\",\"valueRequired\":true,\"valueName\":\"search_term_string\"}}],\"inLanguage\":\"de\"}]}<\/script>\n<!-- \/ Yoast SEO plugin. -->","yoast_head_json":{"title":"Rod Guide Heavy 2 - acus tattoo machines","robots":{"index":"index","follow":"follow","max-snippet":"max-snippet:-1","max-image-preview":"max-image-preview:large","max-video-preview":"max-video-preview:-1"},"canonical":"https:\/\/acus-tattoo.de\/de\/produkt\/rod-guide-heavy-2\/","og_locale":"de_DE","og_type":"article","og_title":"Rod Guide Heavy 2 - acus tattoo machines","og_description":"Gewicht: 92 g Farbe: Midnight Metal Extra schwerer Rod Guide f\u00fcr die zweite Generation der ACUS-T\u00e4towiermaschinen. Hergestellt aus rostfreiem Stahl. CNC-gefr\u00e4st und oberfl\u00e4chenbeschichtet HINWEIS: Nicht kompatibel mit ACUS M1 Tattoo-Maschinen.","og_url":"https:\/\/acus-tattoo.de\/de\/produkt\/rod-guide-heavy-2\/","og_site_name":"acus tattoo machines","article_modified_time":"2026-03-21T10:26:07+00:00","og_image":[{"width":1024,"height":1024,"url":"https:\/\/acus-tattoo.de\/wp-content\/uploads\/2025\/03\/ACUS-Rod-Guide-Heavy-2-iso-1.jpg","type":"image\/jpeg"}],"twitter_card":"summary_large_image","schema":{"@context":"https:\/\/schema.org","@graph":[{"@type":"WebPage","@id":"https:\/\/acus-tattoo.de\/de\/produkt\/rod-guide-heavy-2\/","url":"https:\/\/acus-tattoo.de\/de\/produkt\/rod-guide-heavy-2\/","name":"Rod Guide Heavy 2 - acus tattoo machines","isPartOf":{"@id":"https:\/\/acus-tattoo.de\/de\/#website"},"primaryImageOfPage":{"@id":"https:\/\/acus-tattoo.de\/de\/produkt\/rod-guide-heavy-2\/#primaryimage"},"image":{"@id":"https:\/\/acus-tattoo.de\/de\/produkt\/rod-guide-heavy-2\/#primaryimage"},"thumbnailUrl":"https:\/\/acus-tattoo.de\/wp-content\/uploads\/2025\/03\/ACUS-Rod-Guide-Heavy-2-iso-1.jpg","datePublished":"2025-03-20T11:58:47+00:00","dateModified":"2026-03-21T10:26:07+00:00","breadcrumb":{"@id":"https:\/\/acus-tattoo.de\/de\/produkt\/rod-guide-heavy-2\/#breadcrumb"},"inLanguage":"de","potentialAction":[{"@type":"ReadAction","target":["https:\/\/acus-tattoo.de\/de\/produkt\/rod-guide-heavy-2\/"]}]},{"@type":"ImageObject","inLanguage":"de","@id":"https:\/\/acus-tattoo.de\/de\/produkt\/rod-guide-heavy-2\/#primaryimage","url":"https:\/\/acus-tattoo.de\/wp-content\/uploads\/2025\/03\/ACUS-Rod-Guide-Heavy-2-iso-1.jpg","contentUrl":"https:\/\/acus-tattoo.de\/wp-content\/uploads\/2025\/03\/ACUS-Rod-Guide-Heavy-2-iso-1.jpg","width":1024,"height":1024},{"@type":"BreadcrumbList","@id":"https:\/\/acus-tattoo.de\/de\/produkt\/rod-guide-heavy-2\/#breadcrumb","itemListElement":[{"@type":"ListItem","position":1,"name":"Home","item":"https:\/\/acus-tattoo.de\/de\/"},{"@type":"ListItem","position":2,"name":"Shop","item":"https:\/\/acus-tattoo.de\/shop\/"},{"@type":"ListItem","position":3,"name":"Rod Guide Heavy 2"}]},{"@type":"WebSite","@id":"https:\/\/acus-tattoo.de\/de\/#website","url":"https:\/\/acus-tattoo.de\/de\/","name":"acus tattoo machines","description":"high quality tattoo machines from Germany","potentialAction":[{"@type":"SearchAction","target":{"@type":"EntryPoint","urlTemplate":"https:\/\/acus-tattoo.de\/de\/?s={search_term_string}"},"query-input":{"@type":"PropertyValueSpecification","valueRequired":true,"valueName":"search_term_string"}}],"inLanguage":"de"}]}},"_links":{"self":[{"href":"https:\/\/acus-tattoo.de\/de\/wp-json\/wp\/v2\/product\/17534","targetHints":{"allow":["GET"]}}],"collection":[{"href":"https:\/\/acus-tattoo.de\/de\/wp-json\/wp\/v2\/product"}],"about":[{"href":"https:\/\/acus-tattoo.de\/de\/wp-json\/wp\/v2\/types\/product"}],"version-history":[{"count":22,"href":"https:\/\/acus-tattoo.de\/de\/wp-json\/wp\/v2\/product\/17534\/revisions"}],"predecessor-version":[{"id":32126,"href":"https:\/\/acus-tattoo.de\/de\/wp-json\/wp\/v2\/product\/17534\/revisions\/32126"}],"wp:featuredmedia":[{"embeddable":true,"href":"https:\/\/acus-tattoo.de\/de\/wp-json\/wp\/v2\/media\/17508"}],"wp:attachment":[{"href":"https:\/\/acus-tattoo.de\/de\/wp-json\/wp\/v2\/media?parent=17534"}],"wp:term":[{"taxonomy":"product_brand","embeddable":true,"href":"https:\/\/acus-tattoo.de\/de\/wp-json\/wp\/v2\/product_brand?post=17534"},{"taxonomy":"product_cat","embeddable":true,"href":"https:\/\/acus-tattoo.de\/de\/wp-json\/wp\/v2\/product_cat?post=17534"},{"taxonomy":"product_tag","embeddable":true,"href":"https:\/\/acus-tattoo.de\/de\/wp-json\/wp\/v2\/product_tag?post=17534"}],"curies":[{"name":"wp","href":"https:\/\/api.w.org\/{rel}","templated":true}]}}