{"id":17537,"date":"2025-03-20T13:02:50","date_gmt":"2025-03-20T12:02:50","guid":{"rendered":"https:\/\/acus-tattoo.de\/product\/grip-heavy-2\/"},"modified":"2026-04-13T12:49:04","modified_gmt":"2026-04-13T10:49:04","slug":"grip-heavy-2","status":"publish","type":"product","link":"https:\/\/acus-tattoo.de\/de\/produkt\/grip-heavy-2\/","title":{"rendered":"Grip Heavy 2"},"content":{"rendered":"\t\t<div data-elementor-type=\"product-post\" data-elementor-id=\"17537\" class=\"elementor elementor-17537 elementor-17207\" data-elementor-post-type=\"product\">\n\t\t\t\t\t\t<section class=\"elementor-section elementor-top-section elementor-element elementor-element-463d394 elementor-section-boxed elementor-section-height-default elementor-section-height-default\" data-id=\"463d394\" data-element_type=\"section\" data-e-type=\"section\">\n\t\t\t\t\t\t<div class=\"elementor-container elementor-column-gap-default\">\n\t\t\t\t\t<div class=\"elementor-column elementor-col-100 elementor-top-column elementor-element elementor-element-1712932\" data-id=\"1712932\" data-element_type=\"column\" data-e-type=\"column\">\n\t\t\t<div class=\"elementor-widget-wrap elementor-element-populated\">\n\t\t\t\t\t\t<div class=\"elementor-element elementor-element-18ccdd5 elementor-widget elementor-widget-text-editor\" data-id=\"18ccdd5\" data-element_type=\"widget\" data-e-type=\"widget\" data-widget_type=\"text-editor.default\">\n\t\t\t\t<div class=\"elementor-widget-container\">\n\t\t\t\t\t\t\t\t\t<p> <\/p><p><span style=\"color: #000000;\">Hier kannst du sehen, mit welchen ACUS-T\u00e4towiermaschinen das Produkt kompatibel ist.<\/span><\/p>\t\t\t\t\t\t\t\t<\/div>\n\t\t\t\t<\/div>\n\t\t\t\t<div class=\"elementor-element elementor-element-25f9770 elementor-widget elementor-widget-shortcode\" data-id=\"25f9770\" data-element_type=\"widget\" data-e-type=\"widget\" data-widget_type=\"shortcode.default\">\n\t\t\t\t<div class=\"elementor-widget-container\">\n\t\t\t\t\t\t\t<div class=\"elementor-shortcode\">\n<table id=\"tablepress-1\" class=\"tablepress tablepress-id-1 main-compatibility-class\">\n<thead>\n<tr class=\"row-1\">\n\t<th class=\"column-1\">Picture<\/th><th class=\"column-2\">Part<\/th><th class=\"column-3\">M1<\/th><th class=\"column-4\">M1 <br \/>\nM1 Plus<br \/>\nM1 Ayre<\/th><th class=\"column-5\">M1 Ayre<\/th><th class=\"column-6\">C2<\/th><th class=\"column-7\">M2 | M2 xtd<\/th>\n<\/tr>\n<\/thead>\n<tbody class=\"row-striping row-hover\">\n<tr class=\"row-2\">\n\t<td class=\"column-1\"><img fetchpriority=\"high\" decoding=\"async\" src=\"https:\/\/acus-tattoo.de\/wp-content\/uploads\/2025\/03\/ACUS-Grip-Heavy-2-300x300.jpg\" alt=\"\" width=\"300\" height=\"300\" class=\"alignnone size-medium wp-image-17529\" style=\"width:120px;height:120px;object-fit:none;\" srcset=\"https:\/\/acus-tattoo.de\/wp-content\/uploads\/2025\/03\/ACUS-Grip-Heavy-2-300x300.jpg 300w, https:\/\/acus-tattoo.de\/wp-content\/uploads\/2025\/03\/ACUS-Grip-Heavy-2-150x150.jpg 150w, https:\/\/acus-tattoo.de\/wp-content\/uploads\/2025\/03\/ACUS-Grip-Heavy-2-768x768.jpg 768w, https:\/\/acus-tattoo.de\/wp-content\/uploads\/2025\/03\/ACUS-Grip-Heavy-2-600x600.jpg 600w, https:\/\/acus-tattoo.de\/wp-content\/uploads\/2025\/03\/ACUS-Grip-Heavy-2-100x100.jpg 100w, https:\/\/acus-tattoo.de\/wp-content\/uploads\/2025\/03\/ACUS-Grip-Heavy-2.jpg 1024w\" sizes=\"(max-width: 300px) 100vw, 300px\" \/><\/td><td class=\"column-2\"><a href=\"https:\/\/acus-tattoo.de\/product\/grip-heavy-2\/\" target=\"_blank\">Grip Heavy 2<\/a><\/td><td class=\"column-3\"><span class=\"cross\">&cross;<\/span><\/td><td class=\"column-4\"><span class=\"cross\">&cross;<\/span><\/td><td class=\"column-5\"><span class=\"cross\">&cross;<\/span><\/td><td class=\"column-6\"><span class=\"doublecheck\">&check;&check;<\/span><\/td><td class=\"column-7\"><span class=\"doublecheck\">&check;&check;<\/span><\/td>\n<\/tr>\n<\/tbody>\n<\/table>\n<!-- #tablepress-1 from cache --><\/div>\n\t\t\t\t\t\t<\/div>\n\t\t\t\t<\/div>\n\t\t\t\t\t<\/div>\n\t\t<\/div>\n\t\t\t\t\t<\/div>\n\t\t<\/section>\n\t\t\t\t<\/div>\n\t\t","protected":false},"excerpt":{"rendered":"<h6>Durchmesser: \u230033 mm<br \/>\nGewicht: 110 g<br \/>\nFarbe: schwarz<\/h6>\n<h6><span style=\"color: #000000;\">Extra schwerer Grip f\u00fcr die zweite Generation der ACUS T\u00e4towiermaschinen. Hergestellt aus rostfreiem Stahl. CNC-gefr\u00e4st und oberfl\u00e4chenbeschichtet<\/span><\/h6>\n<h5>Kompatibel mit allen g\u00e4ngigen Nadelmodulen:<br \/>\nDa Vinci, Kwadron, Cheyenne, \u2026<\/h5>\n<h5>HINWEIS: Nicht kompatibel mit ACUS M1 Tattoo-Maschinen.<\/h5>\n<p>\u26a0\ufe0f Bitte beachte: Kunden aus den USA m\u00fcssen bei Lieferung zus\u00e4tzliche Steuern\/Z\u00f6lle in H\u00f6he von bis zu 50 % entrichten!<\/p>\n","protected":false},"featured_media":17530,"template":"","meta":{"neve_meta_sidebar":"","neve_meta_container":"","neve_meta_enable_content_width":"off","neve_meta_content_width":100,"neve_meta_title_alignment":"","neve_meta_author_avatar":"","neve_post_elements_order":"","neve_meta_disable_header":"","neve_meta_disable_footer":"","neve_meta_disable_title":"","neve_meta_reading_time":""},"product_brand":[],"product_cat":[35],"product_tag":[],"class_list":{"0":"post-17537","1":"product","2":"type-product","3":"status-publish","4":"has-post-thumbnail","6":"product_cat-zubehoer","7":"product_shipping_class-warenpost","9":"first","10":"instock","11":"taxable","12":"shipping-taxable","13":"purchasable","14":"product-type-simple"},"yoast_head":"<!-- This site is optimized with the Yoast SEO plugin v27.2 - https:\/\/yoast.com\/product\/yoast-seo-wordpress\/ -->\n<title>Grip Heavy 2 - acus tattoo machines<\/title>\n<meta name=\"robots\" content=\"index, follow, max-snippet:-1, max-image-preview:large, max-video-preview:-1\" \/>\n<link rel=\"canonical\" href=\"https:\/\/acus-tattoo.de\/de\/produkt\/grip-heavy-2\/\" \/>\n<meta property=\"og:locale\" content=\"de_DE\" \/>\n<meta property=\"og:type\" content=\"article\" \/>\n<meta property=\"og:title\" content=\"Grip Heavy 2 - acus tattoo machines\" \/>\n<meta property=\"og:description\" content=\"Durchmesser: \u230033 mm Gewicht: 110 g Farbe: schwarz Extra schwerer Grip f\u00fcr die zweite Generation der ACUS T\u00e4towiermaschinen. Hergestellt aus rostfreiem Stahl. CNC-gefr\u00e4st und oberfl\u00e4chenbeschichtet Kompatibel mit allen g\u00e4ngigen Nadelmodulen: Da Vinci, Kwadron, Cheyenne, \u2026 HINWEIS: Nicht kompatibel mit ACUS M1 Tattoo-Maschinen. \u26a0\ufe0f Bitte beachte: Kunden aus den USA m\u00fcssen bei Lieferung zus\u00e4tzliche Steuern\/Z\u00f6lle in H\u00f6he von bis zu 50 % entrichten!\" \/>\n<meta property=\"og:url\" content=\"https:\/\/acus-tattoo.de\/de\/produkt\/grip-heavy-2\/\" \/>\n<meta property=\"og:site_name\" content=\"acus tattoo machines\" \/>\n<meta property=\"article:modified_time\" content=\"2026-04-13T10:49:04+00:00\" \/>\n<meta property=\"og:image\" content=\"https:\/\/acus-tattoo.de\/wp-content\/uploads\/2025\/03\/ACUS-Grip-Heavy-2.jpg\" \/>\n\t<meta property=\"og:image:width\" content=\"1024\" \/>\n\t<meta property=\"og:image:height\" content=\"1024\" \/>\n\t<meta property=\"og:image:type\" content=\"image\/jpeg\" \/>\n<meta name=\"twitter:card\" content=\"summary_large_image\" \/>\n<script type=\"application\/ld+json\" class=\"yoast-schema-graph\">{\"@context\":\"https:\/\/schema.org\",\"@graph\":[{\"@type\":\"WebPage\",\"@id\":\"https:\/\/acus-tattoo.de\/de\/produkt\/grip-heavy-2\/\",\"url\":\"https:\/\/acus-tattoo.de\/de\/produkt\/grip-heavy-2\/\",\"name\":\"Grip Heavy 2 - acus tattoo machines\",\"isPartOf\":{\"@id\":\"https:\/\/acus-tattoo.de\/de\/#website\"},\"primaryImageOfPage\":{\"@id\":\"https:\/\/acus-tattoo.de\/de\/produkt\/grip-heavy-2\/#primaryimage\"},\"image\":{\"@id\":\"https:\/\/acus-tattoo.de\/de\/produkt\/grip-heavy-2\/#primaryimage\"},\"thumbnailUrl\":\"https:\/\/acus-tattoo.de\/wp-content\/uploads\/2025\/03\/ACUS-Grip-Heavy-2.jpg\",\"datePublished\":\"2025-03-20T12:02:50+00:00\",\"dateModified\":\"2026-04-13T10:49:04+00:00\",\"breadcrumb\":{\"@id\":\"https:\/\/acus-tattoo.de\/de\/produkt\/grip-heavy-2\/#breadcrumb\"},\"inLanguage\":\"de\",\"potentialAction\":[{\"@type\":\"ReadAction\",\"target\":[\"https:\/\/acus-tattoo.de\/de\/produkt\/grip-heavy-2\/\"]}]},{\"@type\":\"ImageObject\",\"inLanguage\":\"de\",\"@id\":\"https:\/\/acus-tattoo.de\/de\/produkt\/grip-heavy-2\/#primaryimage\",\"url\":\"https:\/\/acus-tattoo.de\/wp-content\/uploads\/2025\/03\/ACUS-Grip-Heavy-2.jpg\",\"contentUrl\":\"https:\/\/acus-tattoo.de\/wp-content\/uploads\/2025\/03\/ACUS-Grip-Heavy-2.jpg\",\"width\":1024,\"height\":1024},{\"@type\":\"BreadcrumbList\",\"@id\":\"https:\/\/acus-tattoo.de\/de\/produkt\/grip-heavy-2\/#breadcrumb\",\"itemListElement\":[{\"@type\":\"ListItem\",\"position\":1,\"name\":\"Home\",\"item\":\"https:\/\/acus-tattoo.de\/de\/\"},{\"@type\":\"ListItem\",\"position\":2,\"name\":\"Shop\",\"item\":\"https:\/\/acus-tattoo.de\/shop\/\"},{\"@type\":\"ListItem\",\"position\":3,\"name\":\"Grip Heavy 2\"}]},{\"@type\":\"WebSite\",\"@id\":\"https:\/\/acus-tattoo.de\/de\/#website\",\"url\":\"https:\/\/acus-tattoo.de\/de\/\",\"name\":\"acus tattoo machines\",\"description\":\"high quality tattoo machines from Germany\",\"potentialAction\":[{\"@type\":\"SearchAction\",\"target\":{\"@type\":\"EntryPoint\",\"urlTemplate\":\"https:\/\/acus-tattoo.de\/de\/?s={search_term_string}\"},\"query-input\":{\"@type\":\"PropertyValueSpecification\",\"valueRequired\":true,\"valueName\":\"search_term_string\"}}],\"inLanguage\":\"de\"}]}<\/script>\n<!-- \/ Yoast SEO plugin. -->","yoast_head_json":{"title":"Grip Heavy 2 - acus tattoo machines","robots":{"index":"index","follow":"follow","max-snippet":"max-snippet:-1","max-image-preview":"max-image-preview:large","max-video-preview":"max-video-preview:-1"},"canonical":"https:\/\/acus-tattoo.de\/de\/produkt\/grip-heavy-2\/","og_locale":"de_DE","og_type":"article","og_title":"Grip Heavy 2 - acus tattoo machines","og_description":"Durchmesser: \u230033 mm Gewicht: 110 g Farbe: schwarz Extra schwerer Grip f\u00fcr die zweite Generation der ACUS T\u00e4towiermaschinen. Hergestellt aus rostfreiem Stahl. CNC-gefr\u00e4st und oberfl\u00e4chenbeschichtet Kompatibel mit allen g\u00e4ngigen Nadelmodulen: Da Vinci, Kwadron, Cheyenne, \u2026 HINWEIS: Nicht kompatibel mit ACUS M1 Tattoo-Maschinen. \u26a0\ufe0f Bitte beachte: Kunden aus den USA m\u00fcssen bei Lieferung zus\u00e4tzliche Steuern\/Z\u00f6lle in H\u00f6he von bis zu 50 % entrichten!","og_url":"https:\/\/acus-tattoo.de\/de\/produkt\/grip-heavy-2\/","og_site_name":"acus tattoo machines","article_modified_time":"2026-04-13T10:49:04+00:00","og_image":[{"width":1024,"height":1024,"url":"https:\/\/acus-tattoo.de\/wp-content\/uploads\/2025\/03\/ACUS-Grip-Heavy-2.jpg","type":"image\/jpeg"}],"twitter_card":"summary_large_image","schema":{"@context":"https:\/\/schema.org","@graph":[{"@type":"WebPage","@id":"https:\/\/acus-tattoo.de\/de\/produkt\/grip-heavy-2\/","url":"https:\/\/acus-tattoo.de\/de\/produkt\/grip-heavy-2\/","name":"Grip Heavy 2 - acus tattoo machines","isPartOf":{"@id":"https:\/\/acus-tattoo.de\/de\/#website"},"primaryImageOfPage":{"@id":"https:\/\/acus-tattoo.de\/de\/produkt\/grip-heavy-2\/#primaryimage"},"image":{"@id":"https:\/\/acus-tattoo.de\/de\/produkt\/grip-heavy-2\/#primaryimage"},"thumbnailUrl":"https:\/\/acus-tattoo.de\/wp-content\/uploads\/2025\/03\/ACUS-Grip-Heavy-2.jpg","datePublished":"2025-03-20T12:02:50+00:00","dateModified":"2026-04-13T10:49:04+00:00","breadcrumb":{"@id":"https:\/\/acus-tattoo.de\/de\/produkt\/grip-heavy-2\/#breadcrumb"},"inLanguage":"de","potentialAction":[{"@type":"ReadAction","target":["https:\/\/acus-tattoo.de\/de\/produkt\/grip-heavy-2\/"]}]},{"@type":"ImageObject","inLanguage":"de","@id":"https:\/\/acus-tattoo.de\/de\/produkt\/grip-heavy-2\/#primaryimage","url":"https:\/\/acus-tattoo.de\/wp-content\/uploads\/2025\/03\/ACUS-Grip-Heavy-2.jpg","contentUrl":"https:\/\/acus-tattoo.de\/wp-content\/uploads\/2025\/03\/ACUS-Grip-Heavy-2.jpg","width":1024,"height":1024},{"@type":"BreadcrumbList","@id":"https:\/\/acus-tattoo.de\/de\/produkt\/grip-heavy-2\/#breadcrumb","itemListElement":[{"@type":"ListItem","position":1,"name":"Home","item":"https:\/\/acus-tattoo.de\/de\/"},{"@type":"ListItem","position":2,"name":"Shop","item":"https:\/\/acus-tattoo.de\/shop\/"},{"@type":"ListItem","position":3,"name":"Grip Heavy 2"}]},{"@type":"WebSite","@id":"https:\/\/acus-tattoo.de\/de\/#website","url":"https:\/\/acus-tattoo.de\/de\/","name":"acus tattoo machines","description":"high quality tattoo machines from Germany","potentialAction":[{"@type":"SearchAction","target":{"@type":"EntryPoint","urlTemplate":"https:\/\/acus-tattoo.de\/de\/?s={search_term_string}"},"query-input":{"@type":"PropertyValueSpecification","valueRequired":true,"valueName":"search_term_string"}}],"inLanguage":"de"}]}},"_links":{"self":[{"href":"https:\/\/acus-tattoo.de\/de\/wp-json\/wp\/v2\/product\/17537","targetHints":{"allow":["GET"]}}],"collection":[{"href":"https:\/\/acus-tattoo.de\/de\/wp-json\/wp\/v2\/product"}],"about":[{"href":"https:\/\/acus-tattoo.de\/de\/wp-json\/wp\/v2\/types\/product"}],"version-history":[{"count":10,"href":"https:\/\/acus-tattoo.de\/de\/wp-json\/wp\/v2\/product\/17537\/revisions"}],"predecessor-version":[{"id":33446,"href":"https:\/\/acus-tattoo.de\/de\/wp-json\/wp\/v2\/product\/17537\/revisions\/33446"}],"wp:featuredmedia":[{"embeddable":true,"href":"https:\/\/acus-tattoo.de\/de\/wp-json\/wp\/v2\/media\/17530"}],"wp:attachment":[{"href":"https:\/\/acus-tattoo.de\/de\/wp-json\/wp\/v2\/media?parent=17537"}],"wp:term":[{"taxonomy":"product_brand","embeddable":true,"href":"https:\/\/acus-tattoo.de\/de\/wp-json\/wp\/v2\/product_brand?post=17537"},{"taxonomy":"product_cat","embeddable":true,"href":"https:\/\/acus-tattoo.de\/de\/wp-json\/wp\/v2\/product_cat?post=17537"},{"taxonomy":"product_tag","embeddable":true,"href":"https:\/\/acus-tattoo.de\/de\/wp-json\/wp\/v2\/product_tag?post=17537"}],"curies":[{"name":"wp","href":"https:\/\/api.w.org\/{rel}","templated":true}]}}